{"id":5317385,"date":"2026-01-19T14:51:17","date_gmt":"2026-01-19T12:51:17","guid":{"rendered":"https:\/\/gadgettravellers.eu\/shop\/calendario-dei-santi-20x10cm-xmasfest-113323\/"},"modified":"2026-04-22T22:54:41","modified_gmt":"2026-04-22T20:54:41","slug":"calendario-dei-santi-20x10cm-xmasfest-113323","status":"publish","type":"product","link":"https:\/\/gadgettravellers.eu\/it\/shop\/calendario-dei-santi-20x10cm-xmasfest-113323\/","title":{"rendered":"Calendario dei Santi 20x10cm Xmasfest 113323"},"content":{"rendered":"<p>20x10cm<\/p>\n<div class='aiseo-faq-section' style='margin-top:30px; border-top:1px solid #eee; padding-top:20px;'>\n<h3>Domande Frequenti<\/h3>\n<details style='margin-bottom:10px; padding:10px; background:#f9f9f9; border-radius:5px;'>\n<summary style='font-weight:bold; cursor:pointer;'>Qual \u00e8 la dimensione del calendario?<\/summary>\n<div style='margin-top:10px; color:#555;'>La dimensione \u00e8 20&#215;10 cm ed \u00e8 progettata per la tasca, si adatta a una borsa o a un portafoglio.<\/div>\n<\/details>\n<details style='margin-bottom:10px; padding:10px; background:#f9f9f9; border-radius:5px;'>\n<summary style='font-weight:bold; cursor:pointer;'>Su quale materiale \u00e8 stampato?<\/summary>\n<div style='margin-top:10px; color:#555;'>Viene stampato su carta di qualit\u00e0, come indicato nella descrizione.<\/div>\n<\/details>\n<details style='margin-bottom:10px; padding:10px; background:#f9f9f9; border-radius:5px;'>\n<summary style='font-weight:bold; cursor:pointer;'>\u00c8 adatto come regalo di Natale o per chiese?<\/summary>\n<div style='margin-top:10px; color:#555;'>S\u00ec, \u00e8 ideale come regalo di Natale e adatto per chiese e offerte di fede.<\/div>\n<\/details>\n<\/div>\n","protected":false},"excerpt":{"rendered":"<p>20x10cm Domande Frequenti Qual \u00e8 la dimensione del calendario? La dimensione \u00e8 20&#215;10 cm ed \u00e8 progettata per la tasca, si adatta a una borsa o a un portafoglio. Su quale materiale \u00e8 stampato? Viene stampato su carta di qualit\u00e0, come indicato nella descrizione. \u00c8 adatto come regalo di Natale o per chiese? S\u00ec, \u00e8 [&hellip;]<\/p>\n","protected":false},"featured_media":5182528,"comment_status":"closed","ping_status":"open","template":"","meta":[],"product_brand":[],"product_cat":[],"product_tag":[15],"class_list":{"0":"post-5317385","1":"product","2":"type-product","3":"status-publish","4":"has-post-thumbnail","6":"product_tag-uncategorized","8":"first","9":"onbackorder","10":"purchasable","11":"product-type-simple"},"jetpack_sharing_enabled":true,"_links":{"self":[{"href":"https:\/\/gadgettravellers.eu\/it\/wp-json\/wp\/v2\/product\/5317385","targetHints":{"allow":["GET"]}}],"collection":[{"href":"https:\/\/gadgettravellers.eu\/it\/wp-json\/wp\/v2\/product"}],"about":[{"href":"https:\/\/gadgettravellers.eu\/it\/wp-json\/wp\/v2\/types\/product"}],"replies":[{"embeddable":true,"href":"https:\/\/gadgettravellers.eu\/it\/wp-json\/wp\/v2\/comments?post=5317385"}],"wp:featuredmedia":[{"embeddable":true,"href":"https:\/\/gadgettravellers.eu\/it\/wp-json\/wp\/v2\/media\/5182528"}],"wp:attachment":[{"href":"https:\/\/gadgettravellers.eu\/it\/wp-json\/wp\/v2\/media?parent=5317385"}],"wp:term":[{"taxonomy":"product_brand","embeddable":true,"href":"https:\/\/gadgettravellers.eu\/it\/wp-json\/wp\/v2\/product_brand?post=5317385"},{"taxonomy":"product_cat","embeddable":true,"href":"https:\/\/gadgettravellers.eu\/it\/wp-json\/wp\/v2\/product_cat?post=5317385"},{"taxonomy":"product_tag","embeddable":true,"href":"https:\/\/gadgettravellers.eu\/it\/wp-json\/wp\/v2\/product_tag?post=5317385"}],"curies":[{"name":"wp","href":"https:\/\/api.w.org\/{rel}","templated":true}]}}