{"id":5317386,"date":"2026-01-19T14:51:18","date_gmt":"2026-01-19T12:51:18","guid":{"rendered":"https:\/\/gadgettravellers.eu\/shop\/addobbo-pendolo-soldato-di-legno-grande-18x65cm-xmasfest-1133050\/"},"modified":"2026-04-22T22:54:41","modified_gmt":"2026-04-22T20:54:41","slug":"addobbo-pendolo-soldato-di-legno-grande-18x65cm-xmasfest-1133050","status":"publish","type":"product","link":"https:\/\/gadgettravellers.eu\/it\/shop\/addobbo-pendolo-soldato-di-legno-grande-18x65cm-xmasfest-1133050\/","title":{"rendered":"Addobbo Pendolo Soldato di Legno Grande 18&#215;6,5cm Xmasfest 1133050"},"content":{"rendered":"<p>Legno-tessuto 18&#215;6,5cm<\/p>\n<div class='aiseo-faq-section' style='margin-top:30px; border-top:1px solid #eee; padding-top:20px;'>\n<h3>Domande Frequenti<\/h3>\n<details style='margin-bottom:10px; padding:10px; background:#f9f9f9; border-radius:5px;'>\n<summary style='font-weight:bold; cursor:pointer;'>Di che materiale \u00e8 il gioiello?<\/summary>\n<div style='margin-top:10px; color:#555;'>Realizzato in legno e feltro.<\/div>\n<\/details>\n<details style='margin-bottom:10px; padding:10px; background:#f9f9f9; border-radius:5px;'>\n<summary style='font-weight:bold; cursor:pointer;'>Quali sono le sue dimensioni?<\/summary>\n<div style='margin-top:10px; color:#555;'>18 x 6,5 cm.<\/div>\n<\/details>\n<details style='margin-bottom:10px; padding:10px; background:#f9f9f9; border-radius:5px;'>\n<summary style='font-weight:bold; cursor:pointer;'>Per quale uso \u00e8 destinato?<\/summary>\n<div style='margin-top:10px; color:#555;'>Ideale per la decorazione natalizia dell&#8217;albero e degli interni.<\/div>\n<\/details>\n<details style='margin-bottom:10px; padding:10px; background:#f9f9f9; border-radius:5px;'>\n<summary style='font-weight:bold; cursor:pointer;'>\u00c8 appeso?<\/summary>\n<div style='margin-top:10px; color:#555;'>S\u00ec, si tratta di un ornamento da appendere.<\/div>\n<\/details>\n<\/div>\n","protected":false},"excerpt":{"rendered":"<p>Legno-tessuto 18&#215;6,5cm Domande Frequenti Di che materiale \u00e8 il gioiello? Realizzato in legno e feltro. Quali sono le sue dimensioni? 18 x 6,5 cm. Per quale uso \u00e8 destinato? Ideale per la decorazione natalizia dell&#8217;albero e degli interni. \u00c8 appeso? S\u00ec, si tratta di un ornamento da appendere.<\/p>\n","protected":false},"featured_media":5182532,"comment_status":"closed","ping_status":"open","template":"","meta":[],"product_brand":[],"product_cat":[],"product_tag":[15],"class_list":{"0":"post-5317386","1":"product","2":"type-product","3":"status-publish","4":"has-post-thumbnail","6":"product_tag-uncategorized","8":"first","9":"onbackorder","10":"purchasable","11":"product-type-simple"},"jetpack_sharing_enabled":true,"_links":{"self":[{"href":"https:\/\/gadgettravellers.eu\/it\/wp-json\/wp\/v2\/product\/5317386","targetHints":{"allow":["GET"]}}],"collection":[{"href":"https:\/\/gadgettravellers.eu\/it\/wp-json\/wp\/v2\/product"}],"about":[{"href":"https:\/\/gadgettravellers.eu\/it\/wp-json\/wp\/v2\/types\/product"}],"replies":[{"embeddable":true,"href":"https:\/\/gadgettravellers.eu\/it\/wp-json\/wp\/v2\/comments?post=5317386"}],"wp:featuredmedia":[{"embeddable":true,"href":"https:\/\/gadgettravellers.eu\/it\/wp-json\/wp\/v2\/media\/5182532"}],"wp:attachment":[{"href":"https:\/\/gadgettravellers.eu\/it\/wp-json\/wp\/v2\/media?parent=5317386"}],"wp:term":[{"taxonomy":"product_brand","embeddable":true,"href":"https:\/\/gadgettravellers.eu\/it\/wp-json\/wp\/v2\/product_brand?post=5317386"},{"taxonomy":"product_cat","embeddable":true,"href":"https:\/\/gadgettravellers.eu\/it\/wp-json\/wp\/v2\/product_cat?post=5317386"},{"taxonomy":"product_tag","embeddable":true,"href":"https:\/\/gadgettravellers.eu\/it\/wp-json\/wp\/v2\/product_tag?post=5317386"}],"curies":[{"name":"wp","href":"https:\/\/api.w.org\/{rel}","templated":true}]}}