{"id":5317387,"date":"2026-01-19T14:51:18","date_gmt":"2026-01-19T12:51:18","guid":{"rendered":"https:\/\/gadgettravellers.eu\/shop\/addobbo-pendolo-auto-con-albero-105x7cm-xmasfest-1133052\/"},"modified":"2026-04-22T22:54:41","modified_gmt":"2026-04-22T20:54:41","slug":"addobbo-pendolo-auto-con-albero-105x7cm-xmasfest-1133052","status":"publish","type":"product","link":"https:\/\/gadgettravellers.eu\/it\/shop\/addobbo-pendolo-auto-con-albero-105x7cm-xmasfest-1133052\/","title":{"rendered":"Addobbo Pendolo Auto con Albero 10,5x7cm Xmasfest 1133052"},"content":{"rendered":"<p>Legno 10,5x7cm<\/p>\n<div class='aiseo-faq-section' style='margin-top:30px; border-top:1px solid #eee; padding-top:20px;'>\n<h3>Domande Frequenti<\/h3>\n<details style='margin-bottom:10px; padding:10px; background:#f9f9f9; border-radius:5px;'>\n<summary style='font-weight:bold; cursor:pointer;'>Di che materiale \u00e8 il gioiello?<\/summary>\n<div style='margin-top:10px; color:#555;'>\u00c8 di legno.<\/div>\n<\/details>\n<details style='margin-bottom:10px; padding:10px; background:#f9f9f9; border-radius:5px;'>\n<summary style='font-weight:bold; cursor:pointer;'>Quali sono le sue dimensioni?<\/summary>\n<div style='margin-top:10px; color:#555;'>Ha dimensioni 10,5 x 7 cm.<\/div>\n<\/details>\n<details style='margin-bottom:10px; padding:10px; background:#f9f9f9; border-radius:5px;'>\n<summary style='font-weight:bold; cursor:pointer;'>Che disegno ha l&#8217;ornamento?<\/summary>\n<div style='margin-top:10px; color:#555;'>\u00c8 in un disegno di un&#8217;auto con un albero.<\/div>\n<\/details>\n<details style='margin-bottom:10px; padding:10px; background:#f9f9f9; border-radius:5px;'>\n<summary style='font-weight:bold; cursor:pointer;'>Pu\u00f2 essere appeso all&#8217;auto?<\/summary>\n<div style='margin-top:10px; color:#555;'>S\u00ec, \u00e8 ideale per essere appeso in macchina.<\/div>\n<\/details>\n<details style='margin-bottom:10px; padding:10px; background:#f9f9f9; border-radius:5px;'>\n<summary style='font-weight:bold; cursor:pointer;'>\u00c8 adatto come regalo?<\/summary>\n<div style='margin-top:10px; color:#555;'>S\u00ec, \u00e8 piccolo, leggero e adatto come piccolo regalo.<\/div>\n<\/details>\n<\/div>\n","protected":false},"excerpt":{"rendered":"<p>Legno 10,5x7cm Domande Frequenti Di che materiale \u00e8 il gioiello? \u00c8 di legno. Quali sono le sue dimensioni? Ha dimensioni 10,5 x 7 cm. Che disegno ha l&#8217;ornamento? \u00c8 in un disegno di un&#8217;auto con un albero. Pu\u00f2 essere appeso all&#8217;auto? S\u00ec, \u00e8 ideale per essere appeso in macchina. \u00c8 adatto come regalo? S\u00ec, \u00e8 [&hellip;]<\/p>\n","protected":false},"featured_media":5182536,"comment_status":"closed","ping_status":"open","template":"","meta":[],"product_brand":[],"product_cat":[],"product_tag":[15],"class_list":{"0":"post-5317387","1":"product","2":"type-product","3":"status-publish","4":"has-post-thumbnail","6":"product_tag-uncategorized","8":"first","9":"onbackorder","10":"purchasable","11":"product-type-simple"},"jetpack_sharing_enabled":true,"_links":{"self":[{"href":"https:\/\/gadgettravellers.eu\/it\/wp-json\/wp\/v2\/product\/5317387","targetHints":{"allow":["GET"]}}],"collection":[{"href":"https:\/\/gadgettravellers.eu\/it\/wp-json\/wp\/v2\/product"}],"about":[{"href":"https:\/\/gadgettravellers.eu\/it\/wp-json\/wp\/v2\/types\/product"}],"replies":[{"embeddable":true,"href":"https:\/\/gadgettravellers.eu\/it\/wp-json\/wp\/v2\/comments?post=5317387"}],"wp:featuredmedia":[{"embeddable":true,"href":"https:\/\/gadgettravellers.eu\/it\/wp-json\/wp\/v2\/media\/5182536"}],"wp:attachment":[{"href":"https:\/\/gadgettravellers.eu\/it\/wp-json\/wp\/v2\/media?parent=5317387"}],"wp:term":[{"taxonomy":"product_brand","embeddable":true,"href":"https:\/\/gadgettravellers.eu\/it\/wp-json\/wp\/v2\/product_brand?post=5317387"},{"taxonomy":"product_cat","embeddable":true,"href":"https:\/\/gadgettravellers.eu\/it\/wp-json\/wp\/v2\/product_cat?post=5317387"},{"taxonomy":"product_tag","embeddable":true,"href":"https:\/\/gadgettravellers.eu\/it\/wp-json\/wp\/v2\/product_tag?post=5317387"}],"curies":[{"name":"wp","href":"https:\/\/api.w.org\/{rel}","templated":true}]}}