{"id":5317389,"date":"2026-01-19T14:51:20","date_gmt":"2026-01-19T12:51:20","guid":{"rendered":"https:\/\/gadgettravellers.eu\/shop\/calendario-dei-santi-21x125cm-xmasfest-113324\/"},"modified":"2026-04-22T22:54:42","modified_gmt":"2026-04-22T20:54:42","slug":"calendario-dei-santi-21x125cm-xmasfest-113324","status":"publish","type":"product","link":"https:\/\/gadgettravellers.eu\/it\/shop\/calendario-dei-santi-21x125cm-xmasfest-113324\/","title":{"rendered":"Calendario dei Santi 21&#215;12,5cm Xmasfest 113324"},"content":{"rendered":"<p>21&#215;12,5cm<\/p>\n<div class='aiseo-faq-section' style='margin-top:30px; border-top:1px solid #eee; padding-top:20px;'>\n<h3>Domande Frequenti<\/h3>\n<details style='margin-bottom:10px; padding:10px; background:#f9f9f9; border-radius:5px;'>\n<summary style='font-weight:bold; cursor:pointer;'>Qual \u00e8 la dimensione del calendario?<\/summary>\n<div style='margin-top:10px; color:#555;'>Il calendario ha dimensioni di 21 x 12,5 cm.<\/div>\n<\/details>\n<details style='margin-bottom:10px; padding:10px; background:#f9f9f9; border-radius:5px;'>\n<summary style='font-weight:bold; cursor:pointer;'>Quali immagini include il calendario?<\/summary>\n<div style='margin-top:10px; color:#555;'>Dispone di immagini stampate di santi in stampa nitida su carta di qualit\u00e0.<\/div>\n<\/details>\n<details style='margin-bottom:10px; padding:10px; background:#f9f9f9; border-radius:5px;'>\n<summary style='font-weight:bold; cursor:pointer;'>\u00c8 adatto come regalo?<\/summary>\n<div style='margin-top:10px; color:#555;'>S\u00ec, \u00e8 un regalo di Natale ideale per la casa o l&#8217;ufficio.<\/div>\n<\/details>\n<details style='margin-bottom:10px; padding:10px; background:#f9f9f9; border-radius:5px;'>\n<summary style='font-weight:bold; cursor:pointer;'>Come si posiziona o si espone il calendario?<\/summary>\n<div style='margin-top:10px; color:#555;'>\u00c8 compatto e pratico per il posizionamento su scaffale o superficie e facile da imballare\/consegnare.<\/div>\n<\/details>\n<\/div>\n","protected":false},"excerpt":{"rendered":"<p>21&#215;12,5cm Domande Frequenti Qual \u00e8 la dimensione del calendario? Il calendario ha dimensioni di 21 x 12,5 cm. Quali immagini include il calendario? Dispone di immagini stampate di santi in stampa nitida su carta di qualit\u00e0. \u00c8 adatto come regalo? S\u00ec, \u00e8 un regalo di Natale ideale per la casa o l&#8217;ufficio. Come si posiziona [&hellip;]<\/p>\n","protected":false},"featured_media":5182547,"comment_status":"closed","ping_status":"open","template":"","meta":[],"product_brand":[],"product_cat":[],"product_tag":[15],"class_list":{"0":"post-5317389","1":"product","2":"type-product","3":"status-publish","4":"has-post-thumbnail","6":"product_tag-uncategorized","8":"first","9":"onbackorder","10":"purchasable","11":"product-type-simple"},"jetpack_sharing_enabled":true,"_links":{"self":[{"href":"https:\/\/gadgettravellers.eu\/it\/wp-json\/wp\/v2\/product\/5317389","targetHints":{"allow":["GET"]}}],"collection":[{"href":"https:\/\/gadgettravellers.eu\/it\/wp-json\/wp\/v2\/product"}],"about":[{"href":"https:\/\/gadgettravellers.eu\/it\/wp-json\/wp\/v2\/types\/product"}],"replies":[{"embeddable":true,"href":"https:\/\/gadgettravellers.eu\/it\/wp-json\/wp\/v2\/comments?post=5317389"}],"wp:featuredmedia":[{"embeddable":true,"href":"https:\/\/gadgettravellers.eu\/it\/wp-json\/wp\/v2\/media\/5182547"}],"wp:attachment":[{"href":"https:\/\/gadgettravellers.eu\/it\/wp-json\/wp\/v2\/media?parent=5317389"}],"wp:term":[{"taxonomy":"product_brand","embeddable":true,"href":"https:\/\/gadgettravellers.eu\/it\/wp-json\/wp\/v2\/product_brand?post=5317389"},{"taxonomy":"product_cat","embeddable":true,"href":"https:\/\/gadgettravellers.eu\/it\/wp-json\/wp\/v2\/product_cat?post=5317389"},{"taxonomy":"product_tag","embeddable":true,"href":"https:\/\/gadgettravellers.eu\/it\/wp-json\/wp\/v2\/product_tag?post=5317389"}],"curies":[{"name":"wp","href":"https:\/\/api.w.org\/{rel}","templated":true}]}}