{"id":5317390,"date":"2026-01-19T14:51:21","date_gmt":"2026-01-19T12:51:21","guid":{"rendered":"https:\/\/gadgettravellers.eu\/shop\/portafortuna-casetta-30cm-xmasfest-1133075\/"},"modified":"2026-04-22T22:54:43","modified_gmt":"2026-04-22T20:54:43","slug":"portafortuna-casetta-30cm-xmasfest-1133075","status":"publish","type":"product","link":"https:\/\/gadgettravellers.eu\/it\/shop\/portafortuna-casetta-30cm-xmasfest-1133075\/","title":{"rendered":"Portafortuna Casetta 30cm Xmasfest 1133075"},"content":{"rendered":"<p>Metallico 30cm<\/p>\n<div class='aiseo-faq-section' style='margin-top:30px; border-top:1px solid #eee; padding-top:20px;'>\n<h3>Domande Frequenti<\/h3>\n<details style='margin-bottom:10px; padding:10px; background:#f9f9f9; border-radius:5px;'>\n<summary style='font-weight:bold; cursor:pointer;'>Di quale materiale \u00e8 fatto il portafortuna?<\/summary>\n<div style='margin-top:10px; color:#555;'>\u00c8 realizzato in metallo con una struttura resistente.<\/div>\n<\/details>\n<details style='margin-bottom:10px; padding:10px; background:#f9f9f9; border-radius:5px;'>\n<summary style='font-weight:bold; cursor:pointer;'>Qual \u00e8 la lunghezza del portafortuna?<\/summary>\n<div style='margin-top:10px; color:#555;'>La lunghezza \u00e8 30 cm.<\/div>\n<\/details>\n<details style='margin-bottom:10px; padding:10px; background:#f9f9f9; border-radius:5px;'>\n<summary style='font-weight:bold; cursor:pointer;'>Dove pu\u00f2 essere appeso il portafortuna?<\/summary>\n<div style='margin-top:10px; color:#555;'>Pu\u00f2 essere appeso all&#8217;albero di Natale, alla porta o al muro.<\/div>\n<\/details>\n<details style='margin-bottom:10px; padding:10px; background:#f9f9f9; border-radius:5px;'>\n<summary style='font-weight:bold; cursor:pointer;'>\u00c8 adatto come regalo per uso domestico o professionale?<\/summary>\n<div style='margin-top:10px; color:#555;'>S\u00ec, \u00e8 ideale come regalo e come decorazione accentuata in spazi domestici e professionali.<\/div>\n<\/details>\n<\/div>\n","protected":false},"excerpt":{"rendered":"<p>Metallico 30cm Domande Frequenti Di quale materiale \u00e8 fatto il portafortuna? \u00c8 realizzato in metallo con una struttura resistente. Qual \u00e8 la lunghezza del portafortuna? La lunghezza \u00e8 30 cm. Dove pu\u00f2 essere appeso il portafortuna? Pu\u00f2 essere appeso all&#8217;albero di Natale, alla porta o al muro. \u00c8 adatto come regalo per uso domestico o [&hellip;]<\/p>\n","protected":false},"featured_media":5182555,"comment_status":"closed","ping_status":"open","template":"","meta":[],"product_brand":[],"product_cat":[],"product_tag":[15],"class_list":{"0":"post-5317390","1":"product","2":"type-product","3":"status-publish","4":"has-post-thumbnail","6":"product_tag-uncategorized","8":"first","9":"onbackorder","10":"purchasable","11":"product-type-simple"},"jetpack_sharing_enabled":true,"_links":{"self":[{"href":"https:\/\/gadgettravellers.eu\/it\/wp-json\/wp\/v2\/product\/5317390","targetHints":{"allow":["GET"]}}],"collection":[{"href":"https:\/\/gadgettravellers.eu\/it\/wp-json\/wp\/v2\/product"}],"about":[{"href":"https:\/\/gadgettravellers.eu\/it\/wp-json\/wp\/v2\/types\/product"}],"replies":[{"embeddable":true,"href":"https:\/\/gadgettravellers.eu\/it\/wp-json\/wp\/v2\/comments?post=5317390"}],"wp:featuredmedia":[{"embeddable":true,"href":"https:\/\/gadgettravellers.eu\/it\/wp-json\/wp\/v2\/media\/5182555"}],"wp:attachment":[{"href":"https:\/\/gadgettravellers.eu\/it\/wp-json\/wp\/v2\/media?parent=5317390"}],"wp:term":[{"taxonomy":"product_brand","embeddable":true,"href":"https:\/\/gadgettravellers.eu\/it\/wp-json\/wp\/v2\/product_brand?post=5317390"},{"taxonomy":"product_cat","embeddable":true,"href":"https:\/\/gadgettravellers.eu\/it\/wp-json\/wp\/v2\/product_cat?post=5317390"},{"taxonomy":"product_tag","embeddable":true,"href":"https:\/\/gadgettravellers.eu\/it\/wp-json\/wp\/v2\/product_tag?post=5317390"}],"curies":[{"name":"wp","href":"https:\/\/api.w.org\/{rel}","templated":true}]}}