{"id":5317394,"date":"2026-01-19T14:51:23","date_gmt":"2026-01-19T12:51:23","guid":{"rendered":"https:\/\/gadgettravellers.eu\/shop\/palle-princess-pac4-pz-o75cm-o75cm-disney\/"},"modified":"2026-04-22T22:54:44","modified_gmt":"2026-04-22T20:54:44","slug":"palle-princess-pac4-pz-o75cm-o75cm-disney","status":"publish","type":"product","link":"https:\/\/gadgettravellers.eu\/it\/shop\/palle-princess-pac4-pz-o75cm-o75cm-disney\/","title":{"rendered":"Palle Princess pac=4 pz \u00f87,5cm \u00f87,5cm Disney"},"content":{"rendered":"<p>Pacco=4 pz Principessa \u00f87,5cm<\/p>\n<div class='aiseo-faq-section' style='margin-top:30px; border-top:1px solid #eee; padding-top:20px;'>\n<h3>Domande Frequenti<\/h3>\n<details style='margin-bottom:10px; padding:10px; background:#f9f9f9; border-radius:5px;'>\n<summary style='font-weight:bold; cursor:pointer;'>Quanti pezzi include il pacchetto?<\/summary>\n<div style='margin-top:10px; color:#555;'>Il pacchetto include 4 pezzi.<\/div>\n<\/details>\n<details style='margin-bottom:10px; padding:10px; background:#f9f9f9; border-radius:5px;'>\n<summary style='font-weight:bold; cursor:pointer;'>Qual \u00e8 il diametro di ogni palla?<\/summary>\n<div style='margin-top:10px; color:#555;'>Ogni palla ha un diametro di \u00f87,5 cm.<\/div>\n<\/details>\n<details style='margin-bottom:10px; padding:10px; background:#f9f9f9; border-radius:5px;'>\n<summary style='font-weight:bold; cursor:pointer;'>Dove possono essere utilizzate le palle?<\/summary>\n<div style='margin-top:10px; color:#555;'>Sono adatte per il gioco sia in ambienti interni che esterni, nonch\u00e9 per feste e attivit\u00e0.<\/div>\n<\/details>\n<details style='margin-bottom:10px; padding:10px; background:#f9f9f9; border-radius:5px;'>\n<summary style='font-weight:bold; cursor:pointer;'>Per quale et\u00e0 sono destinati?<\/summary>\n<div style='margin-top:10px; color:#555;'>Sono destinate al gioco dei bambini e sono adatte per attivit\u00e0 generali per bambini.<\/div>\n<\/details>\n<\/div>\n","protected":false},"excerpt":{"rendered":"<p>Pacco=4 pz Principessa \u00f87,5cm Domande Frequenti Quanti pezzi include il pacchetto? Il pacchetto include 4 pezzi. Qual \u00e8 il diametro di ogni palla? Ogni palla ha un diametro di \u00f87,5 cm. Dove possono essere utilizzate le palle? Sono adatte per il gioco sia in ambienti interni che esterni, nonch\u00e9 per feste e attivit\u00e0. Per quale [&hellip;]<\/p>\n","protected":false},"featured_media":5182571,"comment_status":"closed","ping_status":"open","template":"","meta":[],"product_brand":[],"product_cat":[],"product_tag":[15],"class_list":{"0":"post-5317394","1":"product","2":"type-product","3":"status-publish","4":"has-post-thumbnail","6":"product_tag-uncategorized","8":"first","9":"onbackorder","10":"purchasable","11":"product-type-simple"},"jetpack_sharing_enabled":true,"_links":{"self":[{"href":"https:\/\/gadgettravellers.eu\/it\/wp-json\/wp\/v2\/product\/5317394","targetHints":{"allow":["GET"]}}],"collection":[{"href":"https:\/\/gadgettravellers.eu\/it\/wp-json\/wp\/v2\/product"}],"about":[{"href":"https:\/\/gadgettravellers.eu\/it\/wp-json\/wp\/v2\/types\/product"}],"replies":[{"embeddable":true,"href":"https:\/\/gadgettravellers.eu\/it\/wp-json\/wp\/v2\/comments?post=5317394"}],"wp:featuredmedia":[{"embeddable":true,"href":"https:\/\/gadgettravellers.eu\/it\/wp-json\/wp\/v2\/media\/5182571"}],"wp:attachment":[{"href":"https:\/\/gadgettravellers.eu\/it\/wp-json\/wp\/v2\/media?parent=5317394"}],"wp:term":[{"taxonomy":"product_brand","embeddable":true,"href":"https:\/\/gadgettravellers.eu\/it\/wp-json\/wp\/v2\/product_brand?post=5317394"},{"taxonomy":"product_cat","embeddable":true,"href":"https:\/\/gadgettravellers.eu\/it\/wp-json\/wp\/v2\/product_cat?post=5317394"},{"taxonomy":"product_tag","embeddable":true,"href":"https:\/\/gadgettravellers.eu\/it\/wp-json\/wp\/v2\/product_tag?post=5317394"}],"curies":[{"name":"wp","href":"https:\/\/api.w.org\/{rel}","templated":true}]}}