{"id":5317397,"date":"2026-01-19T14:51:25","date_gmt":"2026-01-19T12:51:25","guid":{"rendered":"https:\/\/gadgettravellers.eu\/shop\/palle-mickey-friends-pac4-pz-o75cm-o75cm-disney\/"},"modified":"2026-04-22T22:54:46","modified_gmt":"2026-04-22T20:54:46","slug":"palle-mickey-friends-pac4-pz-o75cm-o75cm-disney","status":"publish","type":"product","link":"https:\/\/gadgettravellers.eu\/it\/shop\/palle-mickey-friends-pac4-pz-o75cm-o75cm-disney\/","title":{"rendered":"Palle Mickey &#038; Friends pac=4 pz \u00f87,5cm \u00f87,5cm Disney"},"content":{"rendered":"<p>Pac=4pz Mickey &#038; Friends \u00f87,5cm<\/p>\n<div class='aiseo-faq-section' style='margin-top:30px; border-top:1px solid #eee; padding-top:20px;'>\n<h3>Domande Frequenti<\/h3>\n<details style='margin-bottom:10px; padding:10px; background:#f9f9f9; border-radius:5px;'>\n<summary style='font-weight:bold; cursor:pointer;'>Quanti pezzi contiene il set?<\/summary>\n<div style='margin-top:10px; color:#555;'>Il set contiene 4 palle.<\/div>\n<\/details>\n<details style='margin-bottom:10px; padding:10px; background:#f9f9f9; border-radius:5px;'>\n<summary style='font-weight:bold; cursor:pointer;'>Qual \u00e8 il diametro delle palle?<\/summary>\n<div style='margin-top:10px; color:#555;'>Ogni palla ha un diametro \u00d8 7,5 cm.<\/div>\n<\/details>\n<details style='margin-bottom:10px; padding:10px; background:#f9f9f9; border-radius:5px;'>\n<summary style='font-weight:bold; cursor:pointer;'>Sono adatte per ambienti interni ed esterni?<\/summary>\n<div style='margin-top:10px; color:#555;'>S\u00ec, sono leggere e adatte per giocare sia all&#8217;interno che all&#8217;esterno.<\/div>\n<\/details>\n<details style='margin-bottom:10px; padding:10px; background:#f9f9f9; border-radius:5px;'>\n<summary style='font-weight:bold; cursor:pointer;'>Che disegni hanno le palle?<\/summary>\n<div style='margin-top:10px; color:#555;'>Hanno disegni stampati dei personaggi Mickey &#038; Friends.<\/div>\n<\/details>\n<details style='margin-bottom:10px; padding:10px; background:#f9f9f9; border-radius:5px;'>\n<summary style='font-weight:bold; cursor:pointer;'>Sono adatte per feste o come regalo?<\/summary>\n<div style='margin-top:10px; color:#555;'>S\u00ec, sono ideali per feste e come regalo per bambini.<\/div>\n<\/details>\n<\/div>\n","protected":false},"excerpt":{"rendered":"<p>Pac=4pz Mickey &#038; Friends \u00f87,5cm Domande Frequenti Quanti pezzi contiene il set? Il set contiene 4 palle. Qual \u00e8 il diametro delle palle? Ogni palla ha un diametro \u00d8 7,5 cm. Sono adatte per ambienti interni ed esterni? S\u00ec, sono leggere e adatte per giocare sia all&#8217;interno che all&#8217;esterno. Che disegni hanno le palle? Hanno [&hellip;]<\/p>\n","protected":false},"featured_media":5182579,"comment_status":"closed","ping_status":"open","template":"","meta":[],"product_brand":[],"product_cat":[],"product_tag":[15],"class_list":{"0":"post-5317397","1":"product","2":"type-product","3":"status-publish","4":"has-post-thumbnail","6":"product_tag-uncategorized","8":"first","9":"onbackorder","10":"purchasable","11":"product-type-simple"},"jetpack_sharing_enabled":true,"_links":{"self":[{"href":"https:\/\/gadgettravellers.eu\/it\/wp-json\/wp\/v2\/product\/5317397","targetHints":{"allow":["GET"]}}],"collection":[{"href":"https:\/\/gadgettravellers.eu\/it\/wp-json\/wp\/v2\/product"}],"about":[{"href":"https:\/\/gadgettravellers.eu\/it\/wp-json\/wp\/v2\/types\/product"}],"replies":[{"embeddable":true,"href":"https:\/\/gadgettravellers.eu\/it\/wp-json\/wp\/v2\/comments?post=5317397"}],"wp:featuredmedia":[{"embeddable":true,"href":"https:\/\/gadgettravellers.eu\/it\/wp-json\/wp\/v2\/media\/5182579"}],"wp:attachment":[{"href":"https:\/\/gadgettravellers.eu\/it\/wp-json\/wp\/v2\/media?parent=5317397"}],"wp:term":[{"taxonomy":"product_brand","embeddable":true,"href":"https:\/\/gadgettravellers.eu\/it\/wp-json\/wp\/v2\/product_brand?post=5317397"},{"taxonomy":"product_cat","embeddable":true,"href":"https:\/\/gadgettravellers.eu\/it\/wp-json\/wp\/v2\/product_cat?post=5317397"},{"taxonomy":"product_tag","embeddable":true,"href":"https:\/\/gadgettravellers.eu\/it\/wp-json\/wp\/v2\/product_tag?post=5317397"}],"curies":[{"name":"wp","href":"https:\/\/api.w.org\/{rel}","templated":true}]}}