{"id":5317399,"date":"2026-01-19T14:51:26","date_gmt":"2026-01-19T12:51:26","guid":{"rendered":"https:\/\/gadgettravellers.eu\/shop\/sacchetto-fortunato-di-natale-4-euro-big-winner\/"},"modified":"2026-04-22T22:54:46","modified_gmt":"2026-04-22T20:54:46","slug":"sacchetto-fortunato-di-natale-4-euro-big-winner","status":"publish","type":"product","link":"https:\/\/gadgettravellers.eu\/it\/shop\/sacchetto-fortunato-di-natale-4-euro-big-winner\/","title":{"rendered":"Sacchetto Fortunato di Natale 4 Euro Big Winner"},"content":{"rendered":"<p>(basato sul disegno) borsa fortunata da 4 euro<\/p>\n<div class='aiseo-faq-section' style='margin-top:30px; border-top:1px solid #eee; padding-top:20px;'>\n<h3>Domande Frequenti<\/h3>\n<details style='margin-bottom:10px; padding:10px; background:#f9f9f9; border-radius:5px;'>\n<summary style='font-weight:bold; cursor:pointer;'>Cosa contiene la borsa fortunata?<\/summary>\n<div style='margin-top:10px; color:#555;'>Contiene sorprese di vario tipo per un valore totale di 4\u20ac per busta e variazioni a seconda del modello.<\/div>\n<\/details>\n<details style='margin-bottom:10px; padding:10px; background:#f9f9f9; border-radius:5px;'>\n<summary style='font-weight:bold; cursor:pointer;'>\u00c8 adatto come regalo per le feste?<\/summary>\n<div style='margin-top:10px; color:#555;'>S\u00ec, \u00e8 ideale come piccolo regalo o offerta per le feste.<\/div>\n<\/details>\n<details style='margin-bottom:10px; padding:10px; background:#f9f9f9; border-radius:5px;'>\n<summary style='font-weight:bold; cursor:pointer;'>Posso scegliere il design?<\/summary>\n<div style='margin-top:10px; color:#555;'>S\u00ec, ci sono diversi design e il contenuto delle sorprese varia a seconda del design.<\/div>\n<\/details>\n<\/div>\n","protected":false},"excerpt":{"rendered":"<p>(basato sul disegno) borsa fortunata da 4 euro Domande Frequenti Cosa contiene la borsa fortunata? Contiene sorprese di vario tipo per un valore totale di 4\u20ac per busta e variazioni a seconda del modello. \u00c8 adatto come regalo per le feste? S\u00ec, \u00e8 ideale come piccolo regalo o offerta per le feste. Posso scegliere il [&hellip;]<\/p>\n","protected":false},"featured_media":5182587,"comment_status":"closed","ping_status":"open","template":"","meta":[],"product_brand":[],"product_cat":[],"product_tag":[15],"class_list":{"0":"post-5317399","1":"product","2":"type-product","3":"status-publish","4":"has-post-thumbnail","6":"product_tag-uncategorized","8":"first","9":"onbackorder","10":"purchasable","11":"product-type-simple"},"jetpack_sharing_enabled":true,"_links":{"self":[{"href":"https:\/\/gadgettravellers.eu\/it\/wp-json\/wp\/v2\/product\/5317399","targetHints":{"allow":["GET"]}}],"collection":[{"href":"https:\/\/gadgettravellers.eu\/it\/wp-json\/wp\/v2\/product"}],"about":[{"href":"https:\/\/gadgettravellers.eu\/it\/wp-json\/wp\/v2\/types\/product"}],"replies":[{"embeddable":true,"href":"https:\/\/gadgettravellers.eu\/it\/wp-json\/wp\/v2\/comments?post=5317399"}],"wp:featuredmedia":[{"embeddable":true,"href":"https:\/\/gadgettravellers.eu\/it\/wp-json\/wp\/v2\/media\/5182587"}],"wp:attachment":[{"href":"https:\/\/gadgettravellers.eu\/it\/wp-json\/wp\/v2\/media?parent=5317399"}],"wp:term":[{"taxonomy":"product_brand","embeddable":true,"href":"https:\/\/gadgettravellers.eu\/it\/wp-json\/wp\/v2\/product_brand?post=5317399"},{"taxonomy":"product_cat","embeddable":true,"href":"https:\/\/gadgettravellers.eu\/it\/wp-json\/wp\/v2\/product_cat?post=5317399"},{"taxonomy":"product_tag","embeddable":true,"href":"https:\/\/gadgettravellers.eu\/it\/wp-json\/wp\/v2\/product_tag?post=5317399"}],"curies":[{"name":"wp","href":"https:\/\/api.w.org\/{rel}","templated":true}]}}