{"id":5317404,"date":"2026-01-19T14:51:29","date_gmt":"2026-01-19T12:51:29","guid":{"rendered":"https:\/\/gadgettravellers.eu\/shop\/albero-di-natale-18m-con-luce-gonfiabile-elettrico-ip44-xmasfest-1133144\/"},"modified":"2026-04-22T22:54:49","modified_gmt":"2026-04-22T20:54:49","slug":"albero-di-natale-18m-con-luce-gonfiabile-elettrico-ip44-xmasfest-1133144","status":"publish","type":"product","link":"https:\/\/gadgettravellers.eu\/it\/shop\/albero-di-natale-18m-con-luce-gonfiabile-elettrico-ip44-xmasfest-1133144\/","title":{"rendered":"Albero di Natale 1,8m con luce Gonfiabile-Elettrico Ip44 Xmasfest 1133144"},"content":{"rendered":"<p>Con luce (3 LED), gonfiabile-elettrico, impermeabile (meccanismo, tessuto, trasformatore) 1,8m<\/p>\n<div class='aiseo-faq-section' style='margin-top:30px; border-top:1px solid #eee; padding-top:20px;'>\n<h3>Domande Frequenti<\/h3>\n<details style='margin-bottom:10px; padding:10px; background:#f9f9f9; border-radius:5px;'>\n<summary style='font-weight:bold; cursor:pointer;'>\u00c8 adatto per uso esterno?<\/summary>\n<div style='margin-top:10px; color:#555;'>S\u00ec, ha una costruzione impermeabile IP44 ed \u00e8 adatto per uso interno ed esterno.<\/div>\n<\/details>\n<details style='margin-bottom:10px; padding:10px; background:#f9f9f9; border-radius:5px;'>\n<summary style='font-weight:bold; cursor:pointer;'>Il trasformatore \u00e8 incluso?<\/summary>\n<div style='margin-top:10px; color:#555;'>S\u00ec, il trasformatore \u00e8 incluso nella confezione.<\/div>\n<\/details>\n<details style='margin-bottom:10px; padding:10px; background:#f9f9f9; border-radius:5px;'>\n<summary style='font-weight:bold; cursor:pointer;'>Qual \u00e8 l&#8217;altezza del prodotto?<\/summary>\n<div style='margin-top:10px; color:#555;'>Il gonfiabile ha un&#8217;altezza di 1,8 metri.<\/div>\n<\/details>\n<details style='margin-bottom:10px; padding:10px; background:#f9f9f9; border-radius:5px;'>\n<summary style='font-weight:bold; cursor:pointer;'>Che tipo di illuminazione ha?<\/summary>\n<div style='margin-top:10px; color:#555;'>Ha un&#8217;illuminazione integrata con 3 LED.<\/div>\n<\/details>\n<\/div>\n","protected":false},"excerpt":{"rendered":"<p>Con luce (3 LED), gonfiabile-elettrico, impermeabile (meccanismo, tessuto, trasformatore) 1,8m Domande Frequenti \u00c8 adatto per uso esterno? S\u00ec, ha una costruzione impermeabile IP44 ed \u00e8 adatto per uso interno ed esterno. Il trasformatore \u00e8 incluso? S\u00ec, il trasformatore \u00e8 incluso nella confezione. Qual \u00e8 l&#8217;altezza del prodotto? Il gonfiabile ha un&#8217;altezza di 1,8 metri. Che [&hellip;]<\/p>\n","protected":false},"featured_media":5182602,"comment_status":"closed","ping_status":"open","template":"","meta":[],"product_brand":[],"product_cat":[],"product_tag":[15],"class_list":{"0":"post-5317404","1":"product","2":"type-product","3":"status-publish","4":"has-post-thumbnail","6":"product_tag-uncategorized","8":"first","9":"onbackorder","10":"purchasable","11":"product-type-simple"},"jetpack_sharing_enabled":true,"_links":{"self":[{"href":"https:\/\/gadgettravellers.eu\/it\/wp-json\/wp\/v2\/product\/5317404","targetHints":{"allow":["GET"]}}],"collection":[{"href":"https:\/\/gadgettravellers.eu\/it\/wp-json\/wp\/v2\/product"}],"about":[{"href":"https:\/\/gadgettravellers.eu\/it\/wp-json\/wp\/v2\/types\/product"}],"replies":[{"embeddable":true,"href":"https:\/\/gadgettravellers.eu\/it\/wp-json\/wp\/v2\/comments?post=5317404"}],"wp:featuredmedia":[{"embeddable":true,"href":"https:\/\/gadgettravellers.eu\/it\/wp-json\/wp\/v2\/media\/5182602"}],"wp:attachment":[{"href":"https:\/\/gadgettravellers.eu\/it\/wp-json\/wp\/v2\/media?parent=5317404"}],"wp:term":[{"taxonomy":"product_brand","embeddable":true,"href":"https:\/\/gadgettravellers.eu\/it\/wp-json\/wp\/v2\/product_brand?post=5317404"},{"taxonomy":"product_cat","embeddable":true,"href":"https:\/\/gadgettravellers.eu\/it\/wp-json\/wp\/v2\/product_cat?post=5317404"},{"taxonomy":"product_tag","embeddable":true,"href":"https:\/\/gadgettravellers.eu\/it\/wp-json\/wp\/v2\/product_tag?post=5317404"}],"curies":[{"name":"wp","href":"https:\/\/api.w.org\/{rel}","templated":true}]}}