{"id":5317407,"date":"2026-01-19T14:51:31","date_gmt":"2026-01-19T12:51:31","guid":{"rendered":"https:\/\/gadgettravellers.eu\/shop\/corona-di-rami-renna-santa-17x17cm-xmasfest-1133159\/"},"modified":"2026-04-22T22:54:50","modified_gmt":"2026-04-22T20:54:50","slug":"corona-di-rami-renna-santa-17x17cm-xmasfest-1133159","status":"publish","type":"product","link":"https:\/\/gadgettravellers.eu\/it\/shop\/corona-di-rami-renna-santa-17x17cm-xmasfest-1133159\/","title":{"rendered":"Corona di Rami Renna Santa 17x17cm Xmasfest 1133159"},"content":{"rendered":"<p>17x17cm<\/p>\n<div class='aiseo-faq-section' style='margin-top:30px; border-top:1px solid #eee; padding-top:20px;'>\n<h3>Domande Frequenti<\/h3>\n<details style='margin-bottom:10px; padding:10px; background:#f9f9f9; border-radius:5px;'>\n<summary style='font-weight:bold; cursor:pointer;'>Quali sono le dimensioni della corona?<\/summary>\n<div style='margin-top:10px; color:#555;'>Le dimensioni sono 17x17cm.<\/div>\n<\/details>\n<details style='margin-bottom:10px; padding:10px; background:#f9f9f9; border-radius:5px;'>\n<summary style='font-weight:bold; cursor:pointer;'>Dove posso posizionarlo?<\/summary>\n<div style='margin-top:10px; color:#555;'>Pu\u00f2 essere posizionato su un tavolo, una porta o una finestra ed \u00e8 adatto per spazi piccoli.<\/div>\n<\/details>\n<details style='margin-bottom:10px; padding:10px; background:#f9f9f9; border-radius:5px;'>\n<summary style='font-weight:bold; cursor:pointer;'>\u00c8 facile da installare e conservare?<\/summary>\n<div style='margin-top:10px; color:#555;'>S\u00ec, \u00e8 leggero e progettato per un facile posizionamento e stoccaggio.<\/div>\n<\/details>\n<details style='margin-bottom:10px; padding:10px; background:#f9f9f9; border-radius:5px;'>\n<summary style='font-weight:bold; cursor:pointer;'>\u00c8 adatto come regalo?<\/summary>\n<div style='margin-top:10px; color:#555;'>S\u00ec, \u00e8 ideale come regalo stagionale veloce per casa, ufficio o negozio.<\/div>\n<\/details>\n<\/div>\n","protected":false},"excerpt":{"rendered":"<p>17x17cm Domande Frequenti Quali sono le dimensioni della corona? Le dimensioni sono 17x17cm. Dove posso posizionarlo? Pu\u00f2 essere posizionato su un tavolo, una porta o una finestra ed \u00e8 adatto per spazi piccoli. \u00c8 facile da installare e conservare? S\u00ec, \u00e8 leggero e progettato per un facile posizionamento e stoccaggio. \u00c8 adatto come regalo? S\u00ec, [&hellip;]<\/p>\n","protected":false},"featured_media":5182622,"comment_status":"closed","ping_status":"open","template":"","meta":[],"product_brand":[],"product_cat":[],"product_tag":[15],"class_list":{"0":"post-5317407","1":"product","2":"type-product","3":"status-publish","4":"has-post-thumbnail","6":"product_tag-uncategorized","8":"first","9":"onbackorder","10":"purchasable","11":"product-type-simple"},"jetpack_sharing_enabled":true,"_links":{"self":[{"href":"https:\/\/gadgettravellers.eu\/it\/wp-json\/wp\/v2\/product\/5317407","targetHints":{"allow":["GET"]}}],"collection":[{"href":"https:\/\/gadgettravellers.eu\/it\/wp-json\/wp\/v2\/product"}],"about":[{"href":"https:\/\/gadgettravellers.eu\/it\/wp-json\/wp\/v2\/types\/product"}],"replies":[{"embeddable":true,"href":"https:\/\/gadgettravellers.eu\/it\/wp-json\/wp\/v2\/comments?post=5317407"}],"wp:featuredmedia":[{"embeddable":true,"href":"https:\/\/gadgettravellers.eu\/it\/wp-json\/wp\/v2\/media\/5182622"}],"wp:attachment":[{"href":"https:\/\/gadgettravellers.eu\/it\/wp-json\/wp\/v2\/media?parent=5317407"}],"wp:term":[{"taxonomy":"product_brand","embeddable":true,"href":"https:\/\/gadgettravellers.eu\/it\/wp-json\/wp\/v2\/product_brand?post=5317407"},{"taxonomy":"product_cat","embeddable":true,"href":"https:\/\/gadgettravellers.eu\/it\/wp-json\/wp\/v2\/product_cat?post=5317407"},{"taxonomy":"product_tag","embeddable":true,"href":"https:\/\/gadgettravellers.eu\/it\/wp-json\/wp\/v2\/product_tag?post=5317407"}],"curies":[{"name":"wp","href":"https:\/\/api.w.org\/{rel}","templated":true}]}}