{"id":5317409,"date":"2026-01-19T14:51:32","date_gmt":"2026-01-19T12:51:32","guid":{"rendered":"https:\/\/gadgettravellers.eu\/shop\/albero-innevato-deluxe-flocked-210cm-210cm-o110cm-xmasfest-1133151\/"},"modified":"2026-04-22T22:54:51","modified_gmt":"2026-04-22T20:54:51","slug":"albero-innevato-deluxe-flocked-210cm-210cm-o110cm-xmasfest-1133151","status":"publish","type":"product","link":"https:\/\/gadgettravellers.eu\/it\/shop\/albero-innevato-deluxe-flocked-210cm-210cm-o110cm-xmasfest-1133151\/","title":{"rendered":"Albero innevato Deluxe Flocked 210cm 210cm ~\u00f8110cm Xmasfest 1133151"},"content":{"rendered":"<p>Nevicato-floccato, ricco-deluxe, struttura: a cerniera (rami con cerniera), con base metallica, 1150 rami. (non contiene microplastiche. Neve biodegradabile) 210cm ~\u00f8110cm<\/p>\n<div class='aiseo-faq-section' style='margin-top:30px; border-top:1px solid #eee; padding-top:20px;'>\n<h3>Domande Frequenti<\/h3>\n<details style='margin-bottom:10px; padding:10px; background:#f9f9f9; border-radius:5px;'>\n<summary style='font-weight:bold; cursor:pointer;'>Di cosa \u00e8 fatta la neve usata sull&#8217;albero?<\/summary>\n<div style='margin-top:10px; color:#555;'>La neve \u00e8 biodegradabile e non contiene microplastiche.<\/div>\n<\/details>\n<details style='margin-bottom:10px; padding:10px; background:#f9f9f9; border-radius:5px;'>\n<summary style='font-weight:bold; cursor:pointer;'>Quali sono le dimensioni dell&#8217;albero?<\/summary>\n<div style='margin-top:10px; color:#555;'>Ha un&#8217;altezza di 210 cm e un diametro di circa 110 cm.<\/div>\n<\/details>\n<details style='margin-bottom:10px; padding:10px; background:#f9f9f9; border-radius:5px;'>\n<summary style='font-weight:bold; cursor:pointer;'>Cosa si intende per rami articolati?<\/summary>\n<div style='margin-top:10px; color:#555;'>I rami hanno cerniere (hinged) per un facile montaggio e una posizione stabile.<\/div>\n<\/details>\n<details style='margin-bottom:10px; padding:10px; background:#f9f9f9; border-radius:5px;'>\n<summary style='font-weight:bold; cursor:pointer;'>Che base ha l&#8217;albero e quanti rami ha?<\/summary>\n<div style='margin-top:10px; color:#555;'>Ha una base metallica e include 1150 rami.<\/div>\n<\/details>\n<\/div>\n","protected":false},"excerpt":{"rendered":"<p>Nevicato-floccato, ricco-deluxe, struttura: a cerniera (rami con cerniera), con base metallica, 1150 rami. (non contiene microplastiche. Neve biodegradabile) 210cm ~\u00f8110cm Domande Frequenti Di cosa \u00e8 fatta la neve usata sull&#8217;albero? La neve \u00e8 biodegradabile e non contiene microplastiche. Quali sono le dimensioni dell&#8217;albero? Ha un&#8217;altezza di 210 cm e un diametro di circa 110 cm. [&hellip;]<\/p>\n","protected":false},"featured_media":5182614,"comment_status":"closed","ping_status":"open","template":"","meta":[],"product_brand":[],"product_cat":[],"product_tag":[15],"class_list":{"0":"post-5317409","1":"product","2":"type-product","3":"status-publish","4":"has-post-thumbnail","6":"product_tag-uncategorized","8":"first","9":"onbackorder","10":"purchasable","11":"product-type-simple"},"jetpack_sharing_enabled":true,"_links":{"self":[{"href":"https:\/\/gadgettravellers.eu\/it\/wp-json\/wp\/v2\/product\/5317409","targetHints":{"allow":["GET"]}}],"collection":[{"href":"https:\/\/gadgettravellers.eu\/it\/wp-json\/wp\/v2\/product"}],"about":[{"href":"https:\/\/gadgettravellers.eu\/it\/wp-json\/wp\/v2\/types\/product"}],"replies":[{"embeddable":true,"href":"https:\/\/gadgettravellers.eu\/it\/wp-json\/wp\/v2\/comments?post=5317409"}],"wp:featuredmedia":[{"embeddable":true,"href":"https:\/\/gadgettravellers.eu\/it\/wp-json\/wp\/v2\/media\/5182614"}],"wp:attachment":[{"href":"https:\/\/gadgettravellers.eu\/it\/wp-json\/wp\/v2\/media?parent=5317409"}],"wp:term":[{"taxonomy":"product_brand","embeddable":true,"href":"https:\/\/gadgettravellers.eu\/it\/wp-json\/wp\/v2\/product_brand?post=5317409"},{"taxonomy":"product_cat","embeddable":true,"href":"https:\/\/gadgettravellers.eu\/it\/wp-json\/wp\/v2\/product_cat?post=5317409"},{"taxonomy":"product_tag","embeddable":true,"href":"https:\/\/gadgettravellers.eu\/it\/wp-json\/wp\/v2\/product_tag?post=5317409"}],"curies":[{"name":"wp","href":"https:\/\/api.w.org\/{rel}","templated":true}]}}