{"id":5317415,"date":"2026-01-19T14:51:35","date_gmt":"2026-01-19T12:51:35","guid":{"rendered":"https:\/\/gadgettravellers.eu\/shop\/decorazione-in-legno-bianco-pupazzo-di-neve-7cm-xmasfest-1133174\/"},"modified":"2026-04-22T22:54:54","modified_gmt":"2026-04-22T20:54:54","slug":"decorazione-in-legno-bianco-pupazzo-di-neve-7cm-xmasfest-1133174","status":"publish","type":"product","link":"https:\/\/gadgettravellers.eu\/it\/shop\/decorazione-in-legno-bianco-pupazzo-di-neve-7cm-xmasfest-1133174\/","title":{"rendered":"Decorazione in Legno Bianco Pupazzo di Neve 7cm Xmasfest 1133174"},"content":{"rendered":"<p>Legno 7cm<\/p>\n<div class='aiseo-faq-section' style='margin-top:30px; border-top:1px solid #eee; padding-top:20px;'>\n<h3>Domande Frequenti<\/h3>\n<details style='margin-bottom:10px; padding:10px; background:#f9f9f9; border-radius:5px;'>\n<summary style='font-weight:bold; cursor:pointer;'>Di che materiale \u00e8 fatto l&#8217;ornamento?<\/summary>\n<div style='margin-top:10px; color:#555;'>L&#8217;ornamento \u00e8 realizzato in legno naturale con finitura bianca.<\/div>\n<\/details>\n<details style='margin-bottom:10px; padding:10px; background:#f9f9f9; border-radius:5px;'>\n<summary style='font-weight:bold; cursor:pointer;'>Qual \u00e8 il diametro dell&#8217;ornamento?<\/summary>\n<div style='margin-top:10px; color:#555;'>Il diametro \u00e8 7 cm.<\/div>\n<\/details>\n<details style='margin-bottom:10px; padding:10px; background:#f9f9f9; border-radius:5px;'>\n<summary style='font-weight:bold; cursor:pointer;'>\u00c8 facile da appendere e adatto per l&#8217;albero?<\/summary>\n<div style='margin-top:10px; color:#555;'>S\u00ec, \u00e8 leggero, facile da appendere e ideale per alberi, ghirlande e composizioni.<\/div>\n<\/details>\n<details style='margin-bottom:10px; padding:10px; background:#f9f9f9; border-radius:5px;'>\n<summary style='font-weight:bold; cursor:pointer;'>Pu\u00f2 essere usato per lavori manuali o come regalo?<\/summary>\n<div style='margin-top:10px; color:#555;'>S\u00ec, \u00e8 compatibile per lavori manuali e regali ed \u00e8 adatto per uso domestico e commerciale.<\/div>\n<\/details>\n<\/div>\n","protected":false},"excerpt":{"rendered":"<p>Legno 7cm Domande Frequenti Di che materiale \u00e8 fatto l&#8217;ornamento? L&#8217;ornamento \u00e8 realizzato in legno naturale con finitura bianca. Qual \u00e8 il diametro dell&#8217;ornamento? Il diametro \u00e8 7 cm. \u00c8 facile da appendere e adatto per l&#8217;albero? S\u00ec, \u00e8 leggero, facile da appendere e ideale per alberi, ghirlande e composizioni. Pu\u00f2 essere usato per lavori [&hellip;]<\/p>\n","protected":false},"featured_media":5182650,"comment_status":"closed","ping_status":"open","template":"","meta":[],"product_brand":[],"product_cat":[],"product_tag":[15],"class_list":{"0":"post-5317415","1":"product","2":"type-product","3":"status-publish","4":"has-post-thumbnail","6":"product_tag-uncategorized","8":"first","9":"onbackorder","10":"purchasable","11":"product-type-simple"},"jetpack_sharing_enabled":true,"_links":{"self":[{"href":"https:\/\/gadgettravellers.eu\/it\/wp-json\/wp\/v2\/product\/5317415","targetHints":{"allow":["GET"]}}],"collection":[{"href":"https:\/\/gadgettravellers.eu\/it\/wp-json\/wp\/v2\/product"}],"about":[{"href":"https:\/\/gadgettravellers.eu\/it\/wp-json\/wp\/v2\/types\/product"}],"replies":[{"embeddable":true,"href":"https:\/\/gadgettravellers.eu\/it\/wp-json\/wp\/v2\/comments?post=5317415"}],"wp:featuredmedia":[{"embeddable":true,"href":"https:\/\/gadgettravellers.eu\/it\/wp-json\/wp\/v2\/media\/5182650"}],"wp:attachment":[{"href":"https:\/\/gadgettravellers.eu\/it\/wp-json\/wp\/v2\/media?parent=5317415"}],"wp:term":[{"taxonomy":"product_brand","embeddable":true,"href":"https:\/\/gadgettravellers.eu\/it\/wp-json\/wp\/v2\/product_brand?post=5317415"},{"taxonomy":"product_cat","embeddable":true,"href":"https:\/\/gadgettravellers.eu\/it\/wp-json\/wp\/v2\/product_cat?post=5317415"},{"taxonomy":"product_tag","embeddable":true,"href":"https:\/\/gadgettravellers.eu\/it\/wp-json\/wp\/v2\/product_tag?post=5317415"}],"curies":[{"name":"wp","href":"https:\/\/api.w.org\/{rel}","templated":true}]}}