{"id":5317418,"date":"2026-01-19T14:51:37","date_gmt":"2026-01-19T12:51:37","guid":{"rendered":"https:\/\/gadgettravellers.eu\/shop\/addobbo-in-legno-santo-con-albero-8cm-xmasfest-1133176\/"},"modified":"2026-04-22T22:54:55","modified_gmt":"2026-04-22T20:54:55","slug":"addobbo-in-legno-santo-con-albero-8cm-xmasfest-1133176","status":"publish","type":"product","link":"https:\/\/gadgettravellers.eu\/it\/shop\/addobbo-in-legno-santo-con-albero-8cm-xmasfest-1133176\/","title":{"rendered":"Addobbo in Legno Santo con Albero 8cm Xmasfest 1133176"},"content":{"rendered":"<p>Legno 8cm<\/p>\n<div class='aiseo-faq-section' style='margin-top:30px; border-top:1px solid #eee; padding-top:20px;'>\n<h3>Domande Frequenti<\/h3>\n<details style='margin-bottom:10px; padding:10px; background:#f9f9f9; border-radius:5px;'>\n<summary style='font-weight:bold; cursor:pointer;'>Di quale materiale \u00e8 fatto l&#8217;ornamento?<\/summary>\n<div style='margin-top:10px; color:#555;'>Realizzato in legno naturale, resistente e leggero.<\/div>\n<\/details>\n<details style='margin-bottom:10px; padding:10px; background:#f9f9f9; border-radius:5px;'>\n<summary style='font-weight:bold; cursor:pointer;'>Qual \u00e8 la sua dimensione?<\/summary>\n<div style='margin-top:10px; color:#555;'>Altezza 8 cm.<\/div>\n<\/details>\n<details style='margin-bottom:10px; padding:10px; background:#f9f9f9; border-radius:5px;'>\n<summary style='font-weight:bold; cursor:pointer;'>Posso usarlo all&#8217;aperto?<\/summary>\n<div style='margin-top:10px; color:#555;'>\u00c8 consigliato per ambienti interni e non si raccomanda un&#8217;esposizione prolungata agli agenti esterni.<\/div>\n<\/details>\n<details style='margin-bottom:10px; padding:10px; background:#f9f9f9; border-radius:5px;'>\n<summary style='font-weight:bold; cursor:pointer;'>\u00c8 facile da appendere e da conservare?<\/summary>\n<div style='margin-top:10px; color:#555;'>S\u00ec \u2014 \u00e8 leggero, facile da appendere e adatto per essere conservato e riutilizzato ogni anno.<\/div>\n<\/details>\n<\/div>\n","protected":false},"excerpt":{"rendered":"<p>Legno 8cm Domande Frequenti Di quale materiale \u00e8 fatto l&#8217;ornamento? Realizzato in legno naturale, resistente e leggero. Qual \u00e8 la sua dimensione? Altezza 8 cm. Posso usarlo all&#8217;aperto? \u00c8 consigliato per ambienti interni e non si raccomanda un&#8217;esposizione prolungata agli agenti esterni. \u00c8 facile da appendere e da conservare? S\u00ec \u2014 \u00e8 leggero, facile da [&hellip;]<\/p>\n","protected":false},"featured_media":5182658,"comment_status":"closed","ping_status":"open","template":"","meta":[],"product_brand":[],"product_cat":[],"product_tag":[15],"class_list":{"0":"post-5317418","1":"product","2":"type-product","3":"status-publish","4":"has-post-thumbnail","6":"product_tag-uncategorized","8":"first","9":"onbackorder","10":"purchasable","11":"product-type-simple"},"jetpack_sharing_enabled":true,"_links":{"self":[{"href":"https:\/\/gadgettravellers.eu\/it\/wp-json\/wp\/v2\/product\/5317418","targetHints":{"allow":["GET"]}}],"collection":[{"href":"https:\/\/gadgettravellers.eu\/it\/wp-json\/wp\/v2\/product"}],"about":[{"href":"https:\/\/gadgettravellers.eu\/it\/wp-json\/wp\/v2\/types\/product"}],"replies":[{"embeddable":true,"href":"https:\/\/gadgettravellers.eu\/it\/wp-json\/wp\/v2\/comments?post=5317418"}],"wp:featuredmedia":[{"embeddable":true,"href":"https:\/\/gadgettravellers.eu\/it\/wp-json\/wp\/v2\/media\/5182658"}],"wp:attachment":[{"href":"https:\/\/gadgettravellers.eu\/it\/wp-json\/wp\/v2\/media?parent=5317418"}],"wp:term":[{"taxonomy":"product_brand","embeddable":true,"href":"https:\/\/gadgettravellers.eu\/it\/wp-json\/wp\/v2\/product_brand?post=5317418"},{"taxonomy":"product_cat","embeddable":true,"href":"https:\/\/gadgettravellers.eu\/it\/wp-json\/wp\/v2\/product_cat?post=5317418"},{"taxonomy":"product_tag","embeddable":true,"href":"https:\/\/gadgettravellers.eu\/it\/wp-json\/wp\/v2\/product_tag?post=5317418"}],"curies":[{"name":"wp","href":"https:\/\/api.w.org\/{rel}","templated":true}]}}