{"id":5317420,"date":"2026-01-19T14:51:38","date_gmt":"2026-01-19T12:51:38","guid":{"rendered":"https:\/\/gadgettravellers.eu\/shop\/adesivo-rotolo-vetrina-colorato-50x35cm-xmasfest-1133178\/"},"modified":"2026-04-22T22:54:56","modified_gmt":"2026-04-22T20:54:56","slug":"adesivo-rotolo-vetrina-colorato-50x35cm-xmasfest-1133178","status":"publish","type":"product","link":"https:\/\/gadgettravellers.eu\/it\/shop\/adesivo-rotolo-vetrina-colorato-50x35cm-xmasfest-1133178\/","title":{"rendered":"Adesivo Rotolo Vetrina Colorato 50x35cm Xmasfest 1133178"},"content":{"rendered":"<p>Rotolo=2 adesivi, si attacca-si stacca 50x35cm<\/p>\n<div class='aiseo-faq-section' style='margin-top:30px; border-top:1px solid #eee; padding-top:20px;'>\n<h3>Domande Frequenti<\/h3>\n<details style='margin-bottom:10px; padding:10px; background:#f9f9f9; border-radius:5px;'>\n<summary style='font-weight:bold; cursor:pointer;'>Quanti adesivi contiene il rotolo?<\/summary>\n<div style='margin-top:10px; color:#555;'>Il rotolo contiene 2 adesivi.<\/div>\n<\/details>\n<details style='margin-bottom:10px; padding:10px; background:#f9f9f9; border-radius:5px;'>\n<summary style='font-weight:bold; cursor:pointer;'>Quali sono le dimensioni di ogni adesivo?<\/summary>\n<div style='margin-top:10px; color:#555;'>Ogni adesivo ha dimensioni 50&#215;35 cm.<\/div>\n<\/details>\n<details style='margin-bottom:10px; padding:10px; background:#f9f9f9; border-radius:5px;'>\n<summary style='font-weight:bold; cursor:pointer;'>Posso riutilizzarlo?<\/summary>\n<div style='margin-top:10px; color:#555;'>S\u00ec, si attacca e si stacca facilmente ed \u00e8 riutilizzabile.<\/div>\n<\/details>\n<details style='margin-bottom:10px; padding:10px; background:#f9f9f9; border-radius:5px;'>\n<summary style='font-weight:bold; cursor:pointer;'>\u00c8 adatto per vetrine di negozi?<\/summary>\n<div style='margin-top:10px; color:#555;'>S\u00ec, \u00e8 ideale per la decorazione natalizia di vetrine e negozi.<\/div>\n<\/details>\n<\/div>\n","protected":false},"excerpt":{"rendered":"<p>Rotolo=2 adesivi, si attacca-si stacca 50x35cm Domande Frequenti Quanti adesivi contiene il rotolo? Il rotolo contiene 2 adesivi. Quali sono le dimensioni di ogni adesivo? Ogni adesivo ha dimensioni 50&#215;35 cm. Posso riutilizzarlo? S\u00ec, si attacca e si stacca facilmente ed \u00e8 riutilizzabile. \u00c8 adatto per vetrine di negozi? S\u00ec, \u00e8 ideale per la decorazione [&hellip;]<\/p>\n","protected":false},"featured_media":5182662,"comment_status":"closed","ping_status":"open","template":"","meta":[],"product_brand":[],"product_cat":[],"product_tag":[15],"class_list":{"0":"post-5317420","1":"product","2":"type-product","3":"status-publish","4":"has-post-thumbnail","6":"product_tag-uncategorized","8":"first","9":"onbackorder","10":"purchasable","11":"product-type-simple"},"jetpack_sharing_enabled":true,"_links":{"self":[{"href":"https:\/\/gadgettravellers.eu\/it\/wp-json\/wp\/v2\/product\/5317420","targetHints":{"allow":["GET"]}}],"collection":[{"href":"https:\/\/gadgettravellers.eu\/it\/wp-json\/wp\/v2\/product"}],"about":[{"href":"https:\/\/gadgettravellers.eu\/it\/wp-json\/wp\/v2\/types\/product"}],"replies":[{"embeddable":true,"href":"https:\/\/gadgettravellers.eu\/it\/wp-json\/wp\/v2\/comments?post=5317420"}],"wp:featuredmedia":[{"embeddable":true,"href":"https:\/\/gadgettravellers.eu\/it\/wp-json\/wp\/v2\/media\/5182662"}],"wp:attachment":[{"href":"https:\/\/gadgettravellers.eu\/it\/wp-json\/wp\/v2\/media?parent=5317420"}],"wp:term":[{"taxonomy":"product_brand","embeddable":true,"href":"https:\/\/gadgettravellers.eu\/it\/wp-json\/wp\/v2\/product_brand?post=5317420"},{"taxonomy":"product_cat","embeddable":true,"href":"https:\/\/gadgettravellers.eu\/it\/wp-json\/wp\/v2\/product_cat?post=5317420"},{"taxonomy":"product_tag","embeddable":true,"href":"https:\/\/gadgettravellers.eu\/it\/wp-json\/wp\/v2\/product_tag?post=5317420"}],"curies":[{"name":"wp","href":"https:\/\/api.w.org\/{rel}","templated":true}]}}