{"id":5317421,"date":"2026-01-19T14:51:39","date_gmt":"2026-01-19T12:51:39","guid":{"rendered":"https:\/\/gadgettravellers.eu\/shop\/portabottiglie-di-vino-xmas-scozzese-36x16cm-xmasfest-1133201\/"},"modified":"2026-04-22T22:54:56","modified_gmt":"2026-04-22T20:54:56","slug":"portabottiglie-di-vino-xmas-scozzese-36x16cm-xmasfest-1133201","status":"publish","type":"product","link":"https:\/\/gadgettravellers.eu\/it\/shop\/portabottiglie-di-vino-xmas-scozzese-36x16cm-xmasfest-1133201\/","title":{"rendered":"Portabottiglie di Vino Xmas Scozzese 36x16cm Xmasfest 1133201"},"content":{"rendered":"<p>Portabottiglie 36x16cm<\/p>\n<div class='aiseo-faq-section' style='margin-top:30px; border-top:1px solid #eee; padding-top:20px;'>\n<h3>Domande Frequenti<\/h3>\n<details style='margin-bottom:10px; padding:10px; background:#f9f9f9; border-radius:5px;'>\n<summary style='font-weight:bold; cursor:pointer;'>Quali sono le dimensioni della custodia?<\/summary>\n<div style='margin-top:10px; color:#555;'>Le dimensioni sono 36&#215;16 cm.<\/div>\n<\/details>\n<details style='margin-bottom:10px; padding:10px; background:#f9f9f9; border-radius:5px;'>\n<summary style='font-weight:bold; cursor:pointer;'>Quante bottiglie ci stanno?<\/summary>\n<div style='margin-top:10px; color:#555;'>Ci sta una bottiglia.<\/div>\n<\/details>\n<details style='margin-bottom:10px; padding:10px; background:#f9f9f9; border-radius:5px;'>\n<summary style='font-weight:bold; cursor:pointer;'>\u00c8 adatto per regali di Natale?<\/summary>\n<div style='margin-top:10px; color:#555;'>S\u00ec, il motivo a quadri festivo la rende ideale per i regali di Natale.<\/div>\n<\/details>\n<details style='margin-bottom:10px; padding:10px; background:#f9f9f9; border-radius:5px;'>\n<summary style='font-weight:bold; cursor:pointer;'>Qual \u00e8 lo scopo della custodia?<\/summary>\n<div style='margin-top:10px; color:#555;'>\u00c8 destinato all&#8217;imballaggio regalo e al trasporto sicuro di una bottiglia.<\/div>\n<\/details>\n<\/div>\n","protected":false},"excerpt":{"rendered":"<p>Portabottiglie 36x16cm Domande Frequenti Quali sono le dimensioni della custodia? Le dimensioni sono 36&#215;16 cm. Quante bottiglie ci stanno? Ci sta una bottiglia. \u00c8 adatto per regali di Natale? S\u00ec, il motivo a quadri festivo la rende ideale per i regali di Natale. Qual \u00e8 lo scopo della custodia? \u00c8 destinato all&#8217;imballaggio regalo e al [&hellip;]<\/p>\n","protected":false},"featured_media":5182687,"comment_status":"closed","ping_status":"open","template":"","meta":[],"product_brand":[],"product_cat":[],"product_tag":[15],"class_list":{"0":"post-5317421","1":"product","2":"type-product","3":"status-publish","4":"has-post-thumbnail","6":"product_tag-uncategorized","8":"first","9":"onbackorder","10":"purchasable","11":"product-type-simple"},"jetpack_sharing_enabled":true,"_links":{"self":[{"href":"https:\/\/gadgettravellers.eu\/it\/wp-json\/wp\/v2\/product\/5317421","targetHints":{"allow":["GET"]}}],"collection":[{"href":"https:\/\/gadgettravellers.eu\/it\/wp-json\/wp\/v2\/product"}],"about":[{"href":"https:\/\/gadgettravellers.eu\/it\/wp-json\/wp\/v2\/types\/product"}],"replies":[{"embeddable":true,"href":"https:\/\/gadgettravellers.eu\/it\/wp-json\/wp\/v2\/comments?post=5317421"}],"wp:featuredmedia":[{"embeddable":true,"href":"https:\/\/gadgettravellers.eu\/it\/wp-json\/wp\/v2\/media\/5182687"}],"wp:attachment":[{"href":"https:\/\/gadgettravellers.eu\/it\/wp-json\/wp\/v2\/media?parent=5317421"}],"wp:term":[{"taxonomy":"product_brand","embeddable":true,"href":"https:\/\/gadgettravellers.eu\/it\/wp-json\/wp\/v2\/product_brand?post=5317421"},{"taxonomy":"product_cat","embeddable":true,"href":"https:\/\/gadgettravellers.eu\/it\/wp-json\/wp\/v2\/product_cat?post=5317421"},{"taxonomy":"product_tag","embeddable":true,"href":"https:\/\/gadgettravellers.eu\/it\/wp-json\/wp\/v2\/product_tag?post=5317421"}],"curies":[{"name":"wp","href":"https:\/\/api.w.org\/{rel}","templated":true}]}}