{"id":5317422,"date":"2026-01-19T14:51:39","date_gmt":"2026-01-19T12:51:39","guid":{"rendered":"https:\/\/gadgettravellers.eu\/shop\/figura-xmas-con-gambe-pieghevoli-60cm-xmasfest-1133193\/"},"modified":"2026-04-22T22:54:57","modified_gmt":"2026-04-22T20:54:57","slug":"figura-xmas-con-gambe-pieghevoli-60cm-xmasfest-1133193","status":"publish","type":"product","link":"https:\/\/gadgettravellers.eu\/it\/shop\/figura-xmas-con-gambe-pieghevoli-60cm-xmasfest-1133193\/","title":{"rendered":"Figura Xmas con Gambe Pieghevoli ~60cm Xmasfest 1133193"},"content":{"rendered":"<p>Sta in piedi, gambe telescopiche ~60cm<\/p>\n<div class='aiseo-faq-section' style='margin-top:30px; border-top:1px solid #eee; padding-top:20px;'>\n<h3>Domande Frequenti<\/h3>\n<details style='margin-bottom:10px; padding:10px; background:#f9f9f9; border-radius:5px;'>\n<summary style='font-weight:bold; cursor:pointer;'>Quanto \u00e8 alta la figura?<\/summary>\n<div style='margin-top:10px; color:#555;'>L&#8217;altezza \u00e8 di circa 60 cm con le gambe pieghevoli completamente estese.<\/div>\n<\/details>\n<details style='margin-bottom:10px; padding:10px; background:#f9f9f9; border-radius:5px;'>\n<summary style='font-weight:bold; cursor:pointer;'>In quale spazio \u00e8 destinata la figura?<\/summary>\n<div style='margin-top:10px; color:#555;'>\u00c8 destinato alla decorazione stagionale per interni.<\/div>\n<\/details>\n<details style='margin-bottom:10px; padding:10px; background:#f9f9f9; border-radius:5px;'>\n<summary style='font-weight:bold; cursor:pointer;'>Che tipo di gambe ha la figura?<\/summary>\n<div style='margin-top:10px; color:#555;'>Dispone di gambe telescopiche pieghevoli per la regolazione dell&#8217;altezza.<\/div>\n<\/details>\n<details style='margin-bottom:10px; padding:10px; background:#f9f9f9; border-radius:5px;'>\n<summary style='font-weight:bold; cursor:pointer;'>\u00c8 facile da installare?<\/summary>\n<div style='margin-top:10px; color:#555;'>S\u00ec, sta in piedi e le gambe pieghevoli offrono un facile posizionamento.<\/div>\n<\/details>\n<\/div>\n","protected":false},"excerpt":{"rendered":"<p>Sta in piedi, gambe telescopiche ~60cm Domande Frequenti Quanto \u00e8 alta la figura? L&#8217;altezza \u00e8 di circa 60 cm con le gambe pieghevoli completamente estese. In quale spazio \u00e8 destinata la figura? \u00c8 destinato alla decorazione stagionale per interni. Che tipo di gambe ha la figura? Dispone di gambe telescopiche pieghevoli per la regolazione dell&#8217;altezza. [&hellip;]<\/p>\n","protected":false},"featured_media":5182676,"comment_status":"closed","ping_status":"open","template":"","meta":[],"product_brand":[],"product_cat":[],"product_tag":[15],"class_list":{"0":"post-5317422","1":"product","2":"type-product","3":"status-publish","4":"has-post-thumbnail","6":"product_tag-uncategorized","8":"first","9":"onbackorder","10":"purchasable","11":"product-type-simple"},"jetpack_sharing_enabled":true,"_links":{"self":[{"href":"https:\/\/gadgettravellers.eu\/it\/wp-json\/wp\/v2\/product\/5317422","targetHints":{"allow":["GET"]}}],"collection":[{"href":"https:\/\/gadgettravellers.eu\/it\/wp-json\/wp\/v2\/product"}],"about":[{"href":"https:\/\/gadgettravellers.eu\/it\/wp-json\/wp\/v2\/types\/product"}],"replies":[{"embeddable":true,"href":"https:\/\/gadgettravellers.eu\/it\/wp-json\/wp\/v2\/comments?post=5317422"}],"wp:featuredmedia":[{"embeddable":true,"href":"https:\/\/gadgettravellers.eu\/it\/wp-json\/wp\/v2\/media\/5182676"}],"wp:attachment":[{"href":"https:\/\/gadgettravellers.eu\/it\/wp-json\/wp\/v2\/media?parent=5317422"}],"wp:term":[{"taxonomy":"product_brand","embeddable":true,"href":"https:\/\/gadgettravellers.eu\/it\/wp-json\/wp\/v2\/product_brand?post=5317422"},{"taxonomy":"product_cat","embeddable":true,"href":"https:\/\/gadgettravellers.eu\/it\/wp-json\/wp\/v2\/product_cat?post=5317422"},{"taxonomy":"product_tag","embeddable":true,"href":"https:\/\/gadgettravellers.eu\/it\/wp-json\/wp\/v2\/product_tag?post=5317422"}],"curies":[{"name":"wp","href":"https:\/\/api.w.org\/{rel}","templated":true}]}}