{"id":5317426,"date":"2026-01-19T14:51:42","date_gmt":"2026-01-19T12:51:42","guid":{"rendered":"https:\/\/gadgettravellers.eu\/shop\/addobbo-santo-con-baffi-11cm-xmasfest-1133215\/"},"modified":"2026-04-22T22:54:58","modified_gmt":"2026-04-22T20:54:58","slug":"addobbo-santo-con-baffi-11cm-xmasfest-1133215","status":"publish","type":"product","link":"https:\/\/gadgettravellers.eu\/it\/shop\/addobbo-santo-con-baffi-11cm-xmasfest-1133215\/","title":{"rendered":"Addobbo Santo con Baffi 11cm Xmasfest 1133215"},"content":{"rendered":"<p>11cm<\/p>\n<div class='aiseo-faq-section' style='margin-top:30px; border-top:1px solid #eee; padding-top:20px;'>\n<h3>Domande Frequenti<\/h3>\n<details style='margin-bottom:10px; padding:10px; background:#f9f9f9; border-radius:5px;'>\n<summary style='font-weight:bold; cursor:pointer;'>Qual \u00e8 l&#8217;altezza dell&#8217;ornamento?<\/summary>\n<div style='margin-top:10px; color:#555;'>L&#8217;ornamento ha un&#8217;altezza di 11 cm.<\/div>\n<\/details>\n<details style='margin-bottom:10px; padding:10px; background:#f9f9f9; border-radius:5px;'>\n<summary style='font-weight:bold; cursor:pointer;'>Pu\u00f2 essere posizionato su un albero di Natale?<\/summary>\n<div style='margin-top:10px; color:#555;'>S\u00ec, \u00e8 adatto per l&#8217;albero di Natale e per la decorazione interna.<\/div>\n<\/details>\n<details style='margin-bottom:10px; padding:10px; background:#f9f9f9; border-radius:5px;'>\n<summary style='font-weight:bold; cursor:pointer;'>Ha un sistema di sospensione?<\/summary>\n<div style='margin-top:10px; color:#555;'>S\u00ec, ha un anello di sospensione per un facile montaggio.<\/div>\n<\/details>\n<details style='margin-bottom:10px; padding:10px; background:#f9f9f9; border-radius:5px;'>\n<summary style='font-weight:bold; cursor:pointer;'>\u00c8 adatto come regalo?<\/summary>\n<div style='margin-top:10px; color:#555;'>S\u00ec, \u00e8 descritto come un piccolo regalo ideale o un elemento complementare in composizioni tematiche.<\/div>\n<\/details>\n<\/div>\n","protected":false},"excerpt":{"rendered":"<p>11cm Domande Frequenti Qual \u00e8 l&#8217;altezza dell&#8217;ornamento? L&#8217;ornamento ha un&#8217;altezza di 11 cm. Pu\u00f2 essere posizionato su un albero di Natale? S\u00ec, \u00e8 adatto per l&#8217;albero di Natale e per la decorazione interna. Ha un sistema di sospensione? S\u00ec, ha un anello di sospensione per un facile montaggio. \u00c8 adatto come regalo? S\u00ec, \u00e8 descritto [&hellip;]<\/p>\n","protected":false},"featured_media":5182716,"comment_status":"closed","ping_status":"open","template":"","meta":[],"product_brand":[],"product_cat":[],"product_tag":[15],"class_list":{"0":"post-5317426","1":"product","2":"type-product","3":"status-publish","4":"has-post-thumbnail","6":"product_tag-uncategorized","8":"first","9":"onbackorder","10":"purchasable","11":"product-type-simple"},"jetpack_sharing_enabled":true,"_links":{"self":[{"href":"https:\/\/gadgettravellers.eu\/it\/wp-json\/wp\/v2\/product\/5317426","targetHints":{"allow":["GET"]}}],"collection":[{"href":"https:\/\/gadgettravellers.eu\/it\/wp-json\/wp\/v2\/product"}],"about":[{"href":"https:\/\/gadgettravellers.eu\/it\/wp-json\/wp\/v2\/types\/product"}],"replies":[{"embeddable":true,"href":"https:\/\/gadgettravellers.eu\/it\/wp-json\/wp\/v2\/comments?post=5317426"}],"wp:featuredmedia":[{"embeddable":true,"href":"https:\/\/gadgettravellers.eu\/it\/wp-json\/wp\/v2\/media\/5182716"}],"wp:attachment":[{"href":"https:\/\/gadgettravellers.eu\/it\/wp-json\/wp\/v2\/media?parent=5317426"}],"wp:term":[{"taxonomy":"product_brand","embeddable":true,"href":"https:\/\/gadgettravellers.eu\/it\/wp-json\/wp\/v2\/product_brand?post=5317426"},{"taxonomy":"product_cat","embeddable":true,"href":"https:\/\/gadgettravellers.eu\/it\/wp-json\/wp\/v2\/product_cat?post=5317426"},{"taxonomy":"product_tag","embeddable":true,"href":"https:\/\/gadgettravellers.eu\/it\/wp-json\/wp\/v2\/product_tag?post=5317426"}],"curies":[{"name":"wp","href":"https:\/\/api.w.org\/{rel}","templated":true}]}}