{"id":5317427,"date":"2026-01-19T14:51:42","date_gmt":"2026-01-19T12:51:42","guid":{"rendered":"https:\/\/gadgettravellers.eu\/shop\/grembiule-albero-rosso-con-nappine-o120cm-xmasfest-1133206\/"},"modified":"2026-04-22T22:54:59","modified_gmt":"2026-04-22T20:54:59","slug":"grembiule-albero-rosso-con-nappine-o120cm-xmasfest-1133206","status":"publish","type":"product","link":"https:\/\/gadgettravellers.eu\/it\/shop\/grembiule-albero-rosso-con-nappine-o120cm-xmasfest-1133206\/","title":{"rendered":"Grembiule Albero Rosso con Nappine \u00f8120cm Xmasfest 1133206"},"content":{"rendered":"<p>Grembiule per albero in tessuto con doppia fodera \u00f8120cm<\/p>\n<div class='aiseo-faq-section' style='margin-top:30px; border-top:1px solid #eee; padding-top:20px;'>\n<h3>Domande Frequenti<\/h3>\n<details style='margin-bottom:10px; padding:10px; background:#f9f9f9; border-radius:5px;'>\n<summary style='font-weight:bold; cursor:pointer;'>Di che materiale \u00e8 il grembiule?<\/summary>\n<div style='margin-top:10px; color:#555;'>\u00c8 un grembiule di stoffa con doppia fodera.<\/div>\n<\/details>\n<details style='margin-bottom:10px; padding:10px; background:#f9f9f9; border-radius:5px;'>\n<summary style='font-weight:bold; cursor:pointer;'>Qual \u00e8 il diametro del grembiule?<\/summary>\n<div style='margin-top:10px; color:#555;'>Il diametro \u00e8 \u00d8 120 cm.<\/div>\n<\/details>\n<details style='margin-bottom:10px; padding:10px; background:#f9f9f9; border-radius:5px;'>\n<summary style='font-weight:bold; cursor:pointer;'>Qual \u00e8 il colore e l&#8217;elemento decorativo?<\/summary>\n<div style='margin-top:10px; color:#555;'>\u00c8 rossa e ha delle frange.<\/div>\n<\/details>\n<details style='margin-bottom:10px; padding:10px; background:#f9f9f9; border-radius:5px;'>\n<summary style='font-weight:bold; cursor:pointer;'>Cosa offre alla base dell&#8217;albero?<\/summary>\n<div style='margin-top:10px; color:#555;'>Copre splendidamente la base dell&#8217;albero e protegge il pavimento.<\/div>\n<\/details>\n<\/div>\n","protected":false},"excerpt":{"rendered":"<p>Grembiule per albero in tessuto con doppia fodera \u00f8120cm Domande Frequenti Di che materiale \u00e8 il grembiule? \u00c8 un grembiule di stoffa con doppia fodera. Qual \u00e8 il diametro del grembiule? Il diametro \u00e8 \u00d8 120 cm. Qual \u00e8 il colore e l&#8217;elemento decorativo? \u00c8 rossa e ha delle frange. Cosa offre alla base dell&#8217;albero? [&hellip;]<\/p>\n","protected":false},"featured_media":5182705,"comment_status":"closed","ping_status":"open","template":"","meta":[],"product_brand":[],"product_cat":[],"product_tag":[15],"class_list":{"0":"post-5317427","1":"product","2":"type-product","3":"status-publish","4":"has-post-thumbnail","6":"product_tag-uncategorized","8":"first","9":"onbackorder","10":"purchasable","11":"product-type-simple"},"jetpack_sharing_enabled":true,"_links":{"self":[{"href":"https:\/\/gadgettravellers.eu\/it\/wp-json\/wp\/v2\/product\/5317427","targetHints":{"allow":["GET"]}}],"collection":[{"href":"https:\/\/gadgettravellers.eu\/it\/wp-json\/wp\/v2\/product"}],"about":[{"href":"https:\/\/gadgettravellers.eu\/it\/wp-json\/wp\/v2\/types\/product"}],"replies":[{"embeddable":true,"href":"https:\/\/gadgettravellers.eu\/it\/wp-json\/wp\/v2\/comments?post=5317427"}],"wp:featuredmedia":[{"embeddable":true,"href":"https:\/\/gadgettravellers.eu\/it\/wp-json\/wp\/v2\/media\/5182705"}],"wp:attachment":[{"href":"https:\/\/gadgettravellers.eu\/it\/wp-json\/wp\/v2\/media?parent=5317427"}],"wp:term":[{"taxonomy":"product_brand","embeddable":true,"href":"https:\/\/gadgettravellers.eu\/it\/wp-json\/wp\/v2\/product_brand?post=5317427"},{"taxonomy":"product_cat","embeddable":true,"href":"https:\/\/gadgettravellers.eu\/it\/wp-json\/wp\/v2\/product_cat?post=5317427"},{"taxonomy":"product_tag","embeddable":true,"href":"https:\/\/gadgettravellers.eu\/it\/wp-json\/wp\/v2\/product_tag?post=5317427"}],"curies":[{"name":"wp","href":"https:\/\/api.w.org\/{rel}","templated":true}]}}