{"id":5317428,"date":"2026-01-19T14:51:43","date_gmt":"2026-01-19T12:51:43","guid":{"rendered":"https:\/\/gadgettravellers.eu\/shop\/albero-di-natale-innevato-48x25cm-xmasfest-1133247\/"},"modified":"2026-04-22T22:54:59","modified_gmt":"2026-04-22T20:54:59","slug":"albero-di-natale-innevato-48x25cm-xmasfest-1133247","status":"publish","type":"product","link":"https:\/\/gadgettravellers.eu\/it\/shop\/albero-di-natale-innevato-48x25cm-xmasfest-1133247\/","title":{"rendered":"Albero di Natale innevato 48x25cm Xmasfest 1133247"},"content":{"rendered":"<p>48x25cm<\/p>\n<div class='aiseo-faq-section' style='margin-top:30px; border-top:1px solid #eee; padding-top:20px;'>\n<h3>Domande Frequenti<\/h3>\n<details style='margin-bottom:10px; padding:10px; background:#f9f9f9; border-radius:5px;'>\n<summary style='font-weight:bold; cursor:pointer;'>Dove posso posizionarlo?<\/summary>\n<div style='margin-top:10px; color:#555;'>Ideale per essere posizionato su tavolo, scrivania, scaffale o vetrina in ambienti interni.<\/div>\n<\/details>\n<details style='margin-bottom:10px; padding:10px; background:#f9f9f9; border-radius:5px;'>\n<summary style='font-weight:bold; cursor:pointer;'>Ha bisogno di manutenzione o acqua?<\/summary>\n<div style='margin-top:10px; color:#555;'>No, \u00e8 artificiale e non richiede manutenzione o irrigazione.<\/div>\n<\/details>\n<details style='margin-bottom:10px; padding:10px; background:#f9f9f9; border-radius:5px;'>\n<summary style='font-weight:bold; cursor:pointer;'>Posso decorarlo con le luci?<\/summary>\n<div style='margin-top:10px; color:#555;'>S\u00ec, \u00e8 compatibile con piccole luci LED e con decorazioni.<\/div>\n<\/details>\n<details style='margin-bottom:10px; padding:10px; background:#f9f9f9; border-radius:5px;'>\n<summary style='font-weight:bold; cursor:pointer;'>Quali sono le sue dimensioni?<\/summary>\n<div style='margin-top:10px; color:#555;'>Le dimensioni sono 48&#215;25 cm, adatto per spazi piccoli.<\/div>\n<\/details>\n<\/div>\n","protected":false},"excerpt":{"rendered":"<p>48x25cm Domande Frequenti Dove posso posizionarlo? Ideale per essere posizionato su tavolo, scrivania, scaffale o vetrina in ambienti interni. Ha bisogno di manutenzione o acqua? No, \u00e8 artificiale e non richiede manutenzione o irrigazione. Posso decorarlo con le luci? S\u00ec, \u00e8 compatibile con piccole luci LED e con decorazioni. Quali sono le sue dimensioni? Le [&hellip;]<\/p>\n","protected":false},"featured_media":5182723,"comment_status":"closed","ping_status":"open","template":"","meta":[],"product_brand":[],"product_cat":[],"product_tag":[15],"class_list":{"0":"post-5317428","1":"product","2":"type-product","3":"status-publish","4":"has-post-thumbnail","6":"product_tag-uncategorized","8":"first","9":"onbackorder","10":"purchasable","11":"product-type-simple"},"jetpack_sharing_enabled":true,"_links":{"self":[{"href":"https:\/\/gadgettravellers.eu\/it\/wp-json\/wp\/v2\/product\/5317428","targetHints":{"allow":["GET"]}}],"collection":[{"href":"https:\/\/gadgettravellers.eu\/it\/wp-json\/wp\/v2\/product"}],"about":[{"href":"https:\/\/gadgettravellers.eu\/it\/wp-json\/wp\/v2\/types\/product"}],"replies":[{"embeddable":true,"href":"https:\/\/gadgettravellers.eu\/it\/wp-json\/wp\/v2\/comments?post=5317428"}],"wp:featuredmedia":[{"embeddable":true,"href":"https:\/\/gadgettravellers.eu\/it\/wp-json\/wp\/v2\/media\/5182723"}],"wp:attachment":[{"href":"https:\/\/gadgettravellers.eu\/it\/wp-json\/wp\/v2\/media?parent=5317428"}],"wp:term":[{"taxonomy":"product_brand","embeddable":true,"href":"https:\/\/gadgettravellers.eu\/it\/wp-json\/wp\/v2\/product_brand?post=5317428"},{"taxonomy":"product_cat","embeddable":true,"href":"https:\/\/gadgettravellers.eu\/it\/wp-json\/wp\/v2\/product_cat?post=5317428"},{"taxonomy":"product_tag","embeddable":true,"href":"https:\/\/gadgettravellers.eu\/it\/wp-json\/wp\/v2\/product_tag?post=5317428"}],"curies":[{"name":"wp","href":"https:\/\/api.w.org\/{rel}","templated":true}]}}