{"id":5317429,"date":"2026-01-19T14:51:43","date_gmt":"2026-01-19T12:51:43","guid":{"rendered":"https:\/\/gadgettravellers.eu\/shop\/stivale-di-natale-letters-to-santa-48x27cm-xmasfest-1133208\/"},"modified":"2026-04-22T22:55:00","modified_gmt":"2026-04-22T20:55:00","slug":"stivale-di-natale-letters-to-santa-48x27cm-xmasfest-1133208","status":"publish","type":"product","link":"https:\/\/gadgettravellers.eu\/it\/shop\/stivale-di-natale-letters-to-santa-48x27cm-xmasfest-1133208\/","title":{"rendered":"Stivale di Natale Letters to Santa 48x27cm Xmasfest 1133208"},"content":{"rendered":"<p>48x27cm<\/p>\n<div class='aiseo-faq-section' style='margin-top:30px; border-top:1px solid #eee; padding-top:20px;'>\n<h3>Domande Frequenti<\/h3>\n<details style='margin-bottom:10px; padding:10px; background:#f9f9f9; border-radius:5px;'>\n<summary style='font-weight:bold; cursor:pointer;'>Quali sono le dimensioni dello stivale?<\/summary>\n<div style='margin-top:10px; color:#555;'>Le dimensioni sono 48&#215;27 cm.<\/div>\n<\/details>\n<details style='margin-bottom:10px; padding:10px; background:#f9f9f9; border-radius:5px;'>\n<summary style='font-weight:bold; cursor:pointer;'>Dove pu\u00f2 essere appesa lo stivale?<\/summary>\n<div style='margin-top:10px; color:#555;'>Pu\u00f2 essere appeso al camino, alla scala o all&#8217;albero di Natale.<\/div>\n<\/details>\n<details style='margin-bottom:10px; padding:10px; background:#f9f9f9; border-radius:5px;'>\n<summary style='font-weight:bold; cursor:pointer;'>Che tipo di oggetti pu\u00f2 contenere?<\/summary>\n<div style='margin-top:10px; color:#555;'>\u00c8 progettata per piccoli regali e dolcetti.<\/div>\n<\/details>\n<details style='margin-bottom:10px; padding:10px; background:#f9f9f9; border-radius:5px;'>\n<summary style='font-weight:bold; cursor:pointer;'>\u00c8 adatta per spazi professionali?<\/summary>\n<div style='margin-top:10px; color:#555;'>S\u00ec, \u00e8 ideale per la casa, eventi e punti vendita.<\/div>\n<\/details>\n<details style='margin-bottom:10px; padding:10px; background:#f9f9f9; border-radius:5px;'>\n<summary style='font-weight:bold; cursor:pointer;'>Pu\u00f2 essere riutilizzato per le prossime festivit\u00e0?<\/summary>\n<div style='margin-top:10px; color:#555;'>S\u00ec, offre praticit\u00e0 e riutilizzo in ogni stagione di feste.<\/div>\n<\/details>\n<\/div>\n","protected":false},"excerpt":{"rendered":"<p>48x27cm Domande Frequenti Quali sono le dimensioni dello stivale? Le dimensioni sono 48&#215;27 cm. Dove pu\u00f2 essere appesa lo stivale? Pu\u00f2 essere appeso al camino, alla scala o all&#8217;albero di Natale. Che tipo di oggetti pu\u00f2 contenere? \u00c8 progettata per piccoli regali e dolcetti. \u00c8 adatta per spazi professionali? S\u00ec, \u00e8 ideale per la casa, [&hellip;]<\/p>\n","protected":false},"featured_media":5182709,"comment_status":"closed","ping_status":"open","template":"","meta":[],"product_brand":[],"product_cat":[],"product_tag":[15],"class_list":{"0":"post-5317429","1":"product","2":"type-product","3":"status-publish","4":"has-post-thumbnail","6":"product_tag-uncategorized","8":"first","9":"onbackorder","10":"purchasable","11":"product-type-simple"},"jetpack_sharing_enabled":true,"_links":{"self":[{"href":"https:\/\/gadgettravellers.eu\/it\/wp-json\/wp\/v2\/product\/5317429","targetHints":{"allow":["GET"]}}],"collection":[{"href":"https:\/\/gadgettravellers.eu\/it\/wp-json\/wp\/v2\/product"}],"about":[{"href":"https:\/\/gadgettravellers.eu\/it\/wp-json\/wp\/v2\/types\/product"}],"replies":[{"embeddable":true,"href":"https:\/\/gadgettravellers.eu\/it\/wp-json\/wp\/v2\/comments?post=5317429"}],"wp:featuredmedia":[{"embeddable":true,"href":"https:\/\/gadgettravellers.eu\/it\/wp-json\/wp\/v2\/media\/5182709"}],"wp:attachment":[{"href":"https:\/\/gadgettravellers.eu\/it\/wp-json\/wp\/v2\/media?parent=5317429"}],"wp:term":[{"taxonomy":"product_brand","embeddable":true,"href":"https:\/\/gadgettravellers.eu\/it\/wp-json\/wp\/v2\/product_brand?post=5317429"},{"taxonomy":"product_cat","embeddable":true,"href":"https:\/\/gadgettravellers.eu\/it\/wp-json\/wp\/v2\/product_cat?post=5317429"},{"taxonomy":"product_tag","embeddable":true,"href":"https:\/\/gadgettravellers.eu\/it\/wp-json\/wp\/v2\/product_tag?post=5317429"}],"curies":[{"name":"wp","href":"https:\/\/api.w.org\/{rel}","templated":true}]}}