{"id":5317430,"date":"2026-01-19T14:51:44","date_gmt":"2026-01-19T12:51:44","guid":{"rendered":"https:\/\/gadgettravellers.eu\/shop\/agios-nanos-da-tavolo-stativo-44x21cm-xmasfest-1133249\/"},"modified":"2026-04-22T22:55:00","modified_gmt":"2026-04-22T20:55:00","slug":"agios-nanos-da-tavolo-stativo-44x21cm-xmasfest-1133249","status":"publish","type":"product","link":"https:\/\/gadgettravellers.eu\/it\/shop\/agios-nanos-da-tavolo-stativo-44x21cm-xmasfest-1133249\/","title":{"rendered":"Agios-Nanos Da Tavolo Stativo 44x21cm Xmasfest 1133249"},"content":{"rendered":"<p>44x21cm<\/p>\n<div class='aiseo-faq-section' style='margin-top:30px; border-top:1px solid #eee; padding-top:20px;'>\n<h3>Domande Frequenti<\/h3>\n<details style='margin-bottom:10px; padding:10px; background:#f9f9f9; border-radius:5px;'>\n<summary style='font-weight:bold; cursor:pointer;'>Dove posso posizionare il Nano da tavolo?<\/summary>\n<div style='margin-top:10px; color:#555;'>Pu\u00f2 essere posizionato su un tavolo, un camino o un davanzale, come indicato nella descrizione.<\/div>\n<\/details>\n<details style='margin-bottom:10px; padding:10px; background:#f9f9f9; border-radius:5px;'>\n<summary style='font-weight:bold; cursor:pointer;'>\u00c8 adatto per esterni?<\/summary>\n<div style='margin-top:10px; color:#555;'>La descrizione indica che \u00e8 adatto per ambienti interni, quindi non \u00e8 indicato per uso esterno.<\/div>\n<\/details>\n<details style='margin-bottom:10px; padding:10px; background:#f9f9f9; border-radius:5px;'>\n<summary style='font-weight:bold; cursor:pointer;'>Quali sono le dimensioni del prodotto?<\/summary>\n<div style='margin-top:10px; color:#555;'>Le dimensioni sono 44&#215;21 cm.<\/div>\n<\/details>\n<details style='margin-bottom:10px; padding:10px; background:#f9f9f9; border-radius:5px;'>\n<summary style='font-weight:bold; cursor:pointer;'>Pu\u00f2 essere usato come regalo?<\/summary>\n<div style='margin-top:10px; color:#555;'>S\u00ec, \u00e8 suggerito come idea regalo per la casa o l&#8217;ufficio.<\/div>\n<\/details>\n<\/div>\n","protected":false},"excerpt":{"rendered":"<p>44x21cm Domande Frequenti Dove posso posizionare il Nano da tavolo? Pu\u00f2 essere posizionato su un tavolo, un camino o un davanzale, come indicato nella descrizione. \u00c8 adatto per esterni? La descrizione indica che \u00e8 adatto per ambienti interni, quindi non \u00e8 indicato per uso esterno. Quali sono le dimensioni del prodotto? Le dimensioni sono 44&#215;21 [&hellip;]<\/p>\n","protected":false},"featured_media":5182737,"comment_status":"closed","ping_status":"open","template":"","meta":[],"product_brand":[],"product_cat":[],"product_tag":[15],"class_list":{"0":"post-5317430","1":"product","2":"type-product","3":"status-publish","4":"has-post-thumbnail","6":"product_tag-uncategorized","8":"first","9":"onbackorder","10":"purchasable","11":"product-type-simple"},"jetpack_sharing_enabled":true,"_links":{"self":[{"href":"https:\/\/gadgettravellers.eu\/it\/wp-json\/wp\/v2\/product\/5317430","targetHints":{"allow":["GET"]}}],"collection":[{"href":"https:\/\/gadgettravellers.eu\/it\/wp-json\/wp\/v2\/product"}],"about":[{"href":"https:\/\/gadgettravellers.eu\/it\/wp-json\/wp\/v2\/types\/product"}],"replies":[{"embeddable":true,"href":"https:\/\/gadgettravellers.eu\/it\/wp-json\/wp\/v2\/comments?post=5317430"}],"wp:featuredmedia":[{"embeddable":true,"href":"https:\/\/gadgettravellers.eu\/it\/wp-json\/wp\/v2\/media\/5182737"}],"wp:attachment":[{"href":"https:\/\/gadgettravellers.eu\/it\/wp-json\/wp\/v2\/media?parent=5317430"}],"wp:term":[{"taxonomy":"product_brand","embeddable":true,"href":"https:\/\/gadgettravellers.eu\/it\/wp-json\/wp\/v2\/product_brand?post=5317430"},{"taxonomy":"product_cat","embeddable":true,"href":"https:\/\/gadgettravellers.eu\/it\/wp-json\/wp\/v2\/product_cat?post=5317430"},{"taxonomy":"product_tag","embeddable":true,"href":"https:\/\/gadgettravellers.eu\/it\/wp-json\/wp\/v2\/product_tag?post=5317430"}],"curies":[{"name":"wp","href":"https:\/\/api.w.org\/{rel}","templated":true}]}}