{"id":5317431,"date":"2026-01-19T14:51:45","date_gmt":"2026-01-19T12:51:45","guid":{"rendered":"https:\/\/gadgettravellers.eu\/shop\/bambola-babbo-natale-pupazzo-di-neve-con-porta-dolci-50x13cm-xmasfest-1133248\/"},"modified":"2026-04-22T22:55:01","modified_gmt":"2026-04-22T20:55:01","slug":"bambola-babbo-natale-pupazzo-di-neve-con-porta-dolci-50x13cm-xmasfest-1133248","status":"publish","type":"product","link":"https:\/\/gadgettravellers.eu\/it\/shop\/bambola-babbo-natale-pupazzo-di-neve-con-porta-dolci-50x13cm-xmasfest-1133248\/","title":{"rendered":"Bambola Babbo Natale-Pupazzo di Neve con Porta Dolci 50x13cm Xmasfest 1133248"},"content":{"rendered":"<p>Con vassoio per dolci 50x13cm<\/p>\n<div class='aiseo-faq-section' style='margin-top:30px; border-top:1px solid #eee; padding-top:20px;'>\n<h3>Domande Frequenti<\/h3>\n<details style='margin-bottom:10px; padding:10px; background:#f9f9f9; border-radius:5px;'>\n<summary style='font-weight:bold; cursor:pointer;'>Quali sono le dimensioni del prodotto?<\/summary>\n<div style='margin-top:10px; color:#555;'>50&#215;13 cm.<\/div>\n<\/details>\n<details style='margin-bottom:10px; padding:10px; background:#f9f9f9; border-radius:5px;'>\n<summary style='font-weight:bold; cursor:pointer;'>Ha una custodia per dolci?<\/summary>\n<div style='margin-top:10px; color:#555;'>S\u00ec, ha un contenitore integrato per dolci.<\/div>\n<\/details>\n<details style='margin-bottom:10px; padding:10px; background:#f9f9f9; border-radius:5px;'>\n<summary style='font-weight:bold; cursor:pointer;'>\u00c8 adatto per decorare la casa e offrire dolci durante le feste?<\/summary>\n<div style='margin-top:10px; color:#555;'>S\u00ec, \u00e8 ideale per decorare la casa e per offrire piccoli dolcetti durante le feste.<\/div>\n<\/details>\n<\/div>\n","protected":false},"excerpt":{"rendered":"<p>Con vassoio per dolci 50x13cm Domande Frequenti Quali sono le dimensioni del prodotto? 50&#215;13 cm. Ha una custodia per dolci? S\u00ec, ha un contenitore integrato per dolci. \u00c8 adatto per decorare la casa e offrire dolci durante le feste? S\u00ec, \u00e8 ideale per decorare la casa e per offrire piccoli dolcetti durante le feste.<\/p>\n","protected":false},"featured_media":5182730,"comment_status":"closed","ping_status":"open","template":"","meta":[],"product_brand":[],"product_cat":[],"product_tag":[15],"class_list":{"0":"post-5317431","1":"product","2":"type-product","3":"status-publish","4":"has-post-thumbnail","6":"product_tag-uncategorized","8":"first","9":"onbackorder","10":"purchasable","11":"product-type-simple"},"jetpack_sharing_enabled":true,"_links":{"self":[{"href":"https:\/\/gadgettravellers.eu\/it\/wp-json\/wp\/v2\/product\/5317431","targetHints":{"allow":["GET"]}}],"collection":[{"href":"https:\/\/gadgettravellers.eu\/it\/wp-json\/wp\/v2\/product"}],"about":[{"href":"https:\/\/gadgettravellers.eu\/it\/wp-json\/wp\/v2\/types\/product"}],"replies":[{"embeddable":true,"href":"https:\/\/gadgettravellers.eu\/it\/wp-json\/wp\/v2\/comments?post=5317431"}],"wp:featuredmedia":[{"embeddable":true,"href":"https:\/\/gadgettravellers.eu\/it\/wp-json\/wp\/v2\/media\/5182730"}],"wp:attachment":[{"href":"https:\/\/gadgettravellers.eu\/it\/wp-json\/wp\/v2\/media?parent=5317431"}],"wp:term":[{"taxonomy":"product_brand","embeddable":true,"href":"https:\/\/gadgettravellers.eu\/it\/wp-json\/wp\/v2\/product_brand?post=5317431"},{"taxonomy":"product_cat","embeddable":true,"href":"https:\/\/gadgettravellers.eu\/it\/wp-json\/wp\/v2\/product_cat?post=5317431"},{"taxonomy":"product_tag","embeddable":true,"href":"https:\/\/gadgettravellers.eu\/it\/wp-json\/wp\/v2\/product_tag?post=5317431"}],"curies":[{"name":"wp","href":"https:\/\/api.w.org\/{rel}","templated":true}]}}