{"id":5317432,"date":"2026-01-19T14:51:45","date_gmt":"2026-01-19T12:51:45","guid":{"rendered":"https:\/\/gadgettravellers.eu\/shop\/figura-xmas-in-tessuto-40x22cm-xmasfest-1133251\/"},"modified":"2026-04-22T22:55:01","modified_gmt":"2026-04-22T20:55:01","slug":"figura-xmas-in-tessuto-40x22cm-xmasfest-1133251","status":"publish","type":"product","link":"https:\/\/gadgettravellers.eu\/it\/shop\/figura-xmas-in-tessuto-40x22cm-xmasfest-1133251\/","title":{"rendered":"Figura Xmas in tessuto 40x22cm Xmasfest 1133251"},"content":{"rendered":"<p>Con fondo pesante 40x22cm<\/p>\n<div class='aiseo-faq-section' style='margin-top:30px; border-top:1px solid #eee; padding-top:20px;'>\n<h3>Domande Frequenti<\/h3>\n<details style='margin-bottom:10px; padding:10px; background:#f9f9f9; border-radius:5px;'>\n<summary style='font-weight:bold; cursor:pointer;'>Quali sono le dimensioni della figura?<\/summary>\n<div style='margin-top:10px; color:#555;'>La figura ha dimensioni 40&#215;22 cm.<\/div>\n<\/details>\n<details style='margin-bottom:10px; padding:10px; background:#f9f9f9; border-radius:5px;'>\n<summary style='font-weight:bold; cursor:pointer;'>Cosa significa che ha un fondo pesante?<\/summary>\n<div style='margin-top:10px; color:#555;'>Il fondo pesante offre ulteriore stabilit\u00e0 affinch\u00e9 la figura si sostenga saldamente e non si ribalti.<\/div>\n<\/details>\n<details style='margin-bottom:10px; padding:10px; background:#f9f9f9; border-radius:5px;'>\n<summary style='font-weight:bold; cursor:pointer;'>Di che materiale \u00e8 fatta?<\/summary>\n<div style='margin-top:10px; color:#555;'>\u00c8 una figura di stoffa secondo la descrizione.<\/div>\n<\/details>\n<details style='margin-bottom:10px; padding:10px; background:#f9f9f9; border-radius:5px;'>\n<summary style='font-weight:bold; cursor:pointer;'>Dove posso posizionare la figura?<\/summary>\n<div style='margin-top:10px; color:#555;'>\u00c8 adatta per essere posizionata su un tavolo, un camino o una mensola, aggiungendo un&#8217;atmosfera festosa.<\/div>\n<\/details>\n<\/div>\n","protected":false},"excerpt":{"rendered":"<p>Con fondo pesante 40x22cm Domande Frequenti Quali sono le dimensioni della figura? La figura ha dimensioni 40&#215;22 cm. Cosa significa che ha un fondo pesante? Il fondo pesante offre ulteriore stabilit\u00e0 affinch\u00e9 la figura si sostenga saldamente e non si ribalti. Di che materiale \u00e8 fatta? \u00c8 una figura di stoffa secondo la descrizione. Dove [&hellip;]<\/p>\n","protected":false},"featured_media":5182748,"comment_status":"closed","ping_status":"open","template":"","meta":[],"product_brand":[],"product_cat":[],"product_tag":[15],"class_list":{"0":"post-5317432","1":"product","2":"type-product","3":"status-publish","4":"has-post-thumbnail","6":"product_tag-uncategorized","8":"first","9":"onbackorder","10":"purchasable","11":"product-type-simple"},"jetpack_sharing_enabled":true,"_links":{"self":[{"href":"https:\/\/gadgettravellers.eu\/it\/wp-json\/wp\/v2\/product\/5317432","targetHints":{"allow":["GET"]}}],"collection":[{"href":"https:\/\/gadgettravellers.eu\/it\/wp-json\/wp\/v2\/product"}],"about":[{"href":"https:\/\/gadgettravellers.eu\/it\/wp-json\/wp\/v2\/types\/product"}],"replies":[{"embeddable":true,"href":"https:\/\/gadgettravellers.eu\/it\/wp-json\/wp\/v2\/comments?post=5317432"}],"wp:featuredmedia":[{"embeddable":true,"href":"https:\/\/gadgettravellers.eu\/it\/wp-json\/wp\/v2\/media\/5182748"}],"wp:attachment":[{"href":"https:\/\/gadgettravellers.eu\/it\/wp-json\/wp\/v2\/media?parent=5317432"}],"wp:term":[{"taxonomy":"product_brand","embeddable":true,"href":"https:\/\/gadgettravellers.eu\/it\/wp-json\/wp\/v2\/product_brand?post=5317432"},{"taxonomy":"product_cat","embeddable":true,"href":"https:\/\/gadgettravellers.eu\/it\/wp-json\/wp\/v2\/product_cat?post=5317432"},{"taxonomy":"product_tag","embeddable":true,"href":"https:\/\/gadgettravellers.eu\/it\/wp-json\/wp\/v2\/product_tag?post=5317432"}],"curies":[{"name":"wp","href":"https:\/\/api.w.org\/{rel}","templated":true}]}}