{"id":5317441,"date":"2026-01-19T14:51:51","date_gmt":"2026-01-19T12:51:51","guid":{"rendered":"https:\/\/gadgettravellers.eu\/shop\/addobbo-pendenti-gattina-con-cappello-10cm-xmasfest-1133277\/"},"modified":"2026-04-22T22:55:06","modified_gmt":"2026-04-22T20:55:06","slug":"addobbo-pendenti-gattina-con-cappello-10cm-xmasfest-1133277","status":"publish","type":"product","link":"https:\/\/gadgettravellers.eu\/it\/shop\/addobbo-pendenti-gattina-con-cappello-10cm-xmasfest-1133277\/","title":{"rendered":"Addobbo Pendenti Gattina con Cappello 10cm Xmasfest 1133277"},"content":{"rendered":"<p>Legno 10cm<\/p>\n<div class='aiseo-faq-section' style='margin-top:30px; border-top:1px solid #eee; padding-top:20px;'>\n<h3>Domande Frequenti<\/h3>\n<details style='margin-bottom:10px; padding:10px; background:#f9f9f9; border-radius:5px;'>\n<summary style='font-weight:bold; cursor:pointer;'>Di che materiale \u00e8 fatto l&#8217;ornamento?<\/summary>\n<div style='margin-top:10px; color:#555;'>Realizzato in legno naturale, leggero e resistente.<\/div>\n<\/details>\n<details style='margin-bottom:10px; padding:10px; background:#f9f9f9; border-radius:5px;'>\n<summary style='font-weight:bold; cursor:pointer;'>Qual \u00e8 la dimensione dell&#8217;ornamento?<\/summary>\n<div style='margin-top:10px; color:#555;'>La dimensione \u00e8 10 cm.<\/div>\n<\/details>\n<details style='margin-bottom:10px; padding:10px; background:#f9f9f9; border-radius:5px;'>\n<summary style='font-weight:bold; cursor:pointer;'>Dove pu\u00f2 essere utilizzato l&#8217;ornamento?<\/summary>\n<div style='margin-top:10px; color:#555;'>Ideale per l&#8217;albero di Natale, ghirlande o come regalo e decorazione a tema.<\/div>\n<\/details>\n<\/div>\n","protected":false},"excerpt":{"rendered":"<p>Legno 10cm Domande Frequenti Di che materiale \u00e8 fatto l&#8217;ornamento? Realizzato in legno naturale, leggero e resistente. Qual \u00e8 la dimensione dell&#8217;ornamento? La dimensione \u00e8 10 cm. Dove pu\u00f2 essere utilizzato l&#8217;ornamento? Ideale per l&#8217;albero di Natale, ghirlande o come regalo e decorazione a tema.<\/p>\n","protected":false},"featured_media":5182799,"comment_status":"closed","ping_status":"open","template":"","meta":[],"product_brand":[],"product_cat":[],"product_tag":[15],"class_list":{"0":"post-5317441","1":"product","2":"type-product","3":"status-publish","4":"has-post-thumbnail","6":"product_tag-uncategorized","8":"first","9":"onbackorder","10":"purchasable","11":"product-type-simple"},"jetpack_sharing_enabled":true,"_links":{"self":[{"href":"https:\/\/gadgettravellers.eu\/it\/wp-json\/wp\/v2\/product\/5317441","targetHints":{"allow":["GET"]}}],"collection":[{"href":"https:\/\/gadgettravellers.eu\/it\/wp-json\/wp\/v2\/product"}],"about":[{"href":"https:\/\/gadgettravellers.eu\/it\/wp-json\/wp\/v2\/types\/product"}],"replies":[{"embeddable":true,"href":"https:\/\/gadgettravellers.eu\/it\/wp-json\/wp\/v2\/comments?post=5317441"}],"wp:featuredmedia":[{"embeddable":true,"href":"https:\/\/gadgettravellers.eu\/it\/wp-json\/wp\/v2\/media\/5182799"}],"wp:attachment":[{"href":"https:\/\/gadgettravellers.eu\/it\/wp-json\/wp\/v2\/media?parent=5317441"}],"wp:term":[{"taxonomy":"product_brand","embeddable":true,"href":"https:\/\/gadgettravellers.eu\/it\/wp-json\/wp\/v2\/product_brand?post=5317441"},{"taxonomy":"product_cat","embeddable":true,"href":"https:\/\/gadgettravellers.eu\/it\/wp-json\/wp\/v2\/product_cat?post=5317441"},{"taxonomy":"product_tag","embeddable":true,"href":"https:\/\/gadgettravellers.eu\/it\/wp-json\/wp\/v2\/product_tag?post=5317441"}],"curies":[{"name":"wp","href":"https:\/\/api.w.org\/{rel}","templated":true}]}}