{"id":5317442,"date":"2026-01-19T14:51:52","date_gmt":"2026-01-19T12:51:52","guid":{"rendered":"https:\/\/gadgettravellers.eu\/shop\/pinguino-appeso-con-sciarpa-9x7cm-xmasfest-1133274\/"},"modified":"2026-04-22T22:55:06","modified_gmt":"2026-04-22T20:55:06","slug":"pinguino-appeso-con-sciarpa-9x7cm-xmasfest-1133274","status":"publish","type":"product","link":"https:\/\/gadgettravellers.eu\/it\/shop\/pinguino-appeso-con-sciarpa-9x7cm-xmasfest-1133274\/","title":{"rendered":"Pinguino Appeso con Sciarpa 9x7cm Xmasfest 1133274"},"content":{"rendered":"<p>Legno 9x7cm<\/p>\n<div class='aiseo-faq-section' style='margin-top:30px; border-top:1px solid #eee; padding-top:20px;'>\n<h3>Domande Frequenti<\/h3>\n<details style='margin-bottom:10px; padding:10px; background:#f9f9f9; border-radius:5px;'>\n<summary style='font-weight:bold; cursor:pointer;'>Di che materiale \u00e8 fatto l&#8217;ornamento?<\/summary>\n<div style='margin-top:10px; color:#555;'>\u00c8 fatto di legno naturale con finitura naturale.<\/div>\n<\/details>\n<details style='margin-bottom:10px; padding:10px; background:#f9f9f9; border-radius:5px;'>\n<summary style='font-weight:bold; cursor:pointer;'>Quali sono le sue dimensioni?<\/summary>\n<div style='margin-top:10px; color:#555;'>Le dimensioni sono 9x7cm.<\/div>\n<\/details>\n<details style='margin-bottom:10px; padding:10px; background:#f9f9f9; border-radius:5px;'>\n<summary style='font-weight:bold; cursor:pointer;'>Dove pu\u00f2 essere appeso l&#8217;ornamento?<\/summary>\n<div style='margin-top:10px; color:#555;'>Pu\u00f2 essere appeso all&#8217;albero di Natale, alle finestre o alle ghirlande.<\/div>\n<\/details>\n<details style='margin-bottom:10px; padding:10px; background:#f9f9f9; border-radius:5px;'>\n<summary style='font-weight:bold; cursor:pointer;'>\u00c8 adatto come regalo?<\/summary>\n<div style='margin-top:10px; color:#555;'>S\u00ec, \u00e8 leggero e ideale come piccolo regalo o decorazione per un tema.<\/div>\n<\/details>\n<\/div>\n","protected":false},"excerpt":{"rendered":"<p>Legno 9x7cm Domande Frequenti Di che materiale \u00e8 fatto l&#8217;ornamento? \u00c8 fatto di legno naturale con finitura naturale. Quali sono le sue dimensioni? Le dimensioni sono 9x7cm. Dove pu\u00f2 essere appeso l&#8217;ornamento? Pu\u00f2 essere appeso all&#8217;albero di Natale, alle finestre o alle ghirlande. \u00c8 adatto come regalo? S\u00ec, \u00e8 leggero e ideale come piccolo regalo [&hellip;]<\/p>\n","protected":false},"featured_media":5182787,"comment_status":"closed","ping_status":"open","template":"","meta":[],"product_brand":[],"product_cat":[],"product_tag":[15],"class_list":{"0":"post-5317442","1":"product","2":"type-product","3":"status-publish","4":"has-post-thumbnail","6":"product_tag-uncategorized","8":"first","9":"onbackorder","10":"purchasable","11":"product-type-simple"},"jetpack_sharing_enabled":true,"_links":{"self":[{"href":"https:\/\/gadgettravellers.eu\/it\/wp-json\/wp\/v2\/product\/5317442","targetHints":{"allow":["GET"]}}],"collection":[{"href":"https:\/\/gadgettravellers.eu\/it\/wp-json\/wp\/v2\/product"}],"about":[{"href":"https:\/\/gadgettravellers.eu\/it\/wp-json\/wp\/v2\/types\/product"}],"replies":[{"embeddable":true,"href":"https:\/\/gadgettravellers.eu\/it\/wp-json\/wp\/v2\/comments?post=5317442"}],"wp:featuredmedia":[{"embeddable":true,"href":"https:\/\/gadgettravellers.eu\/it\/wp-json\/wp\/v2\/media\/5182787"}],"wp:attachment":[{"href":"https:\/\/gadgettravellers.eu\/it\/wp-json\/wp\/v2\/media?parent=5317442"}],"wp:term":[{"taxonomy":"product_brand","embeddable":true,"href":"https:\/\/gadgettravellers.eu\/it\/wp-json\/wp\/v2\/product_brand?post=5317442"},{"taxonomy":"product_cat","embeddable":true,"href":"https:\/\/gadgettravellers.eu\/it\/wp-json\/wp\/v2\/product_cat?post=5317442"},{"taxonomy":"product_tag","embeddable":true,"href":"https:\/\/gadgettravellers.eu\/it\/wp-json\/wp\/v2\/product_tag?post=5317442"}],"curies":[{"name":"wp","href":"https:\/\/api.w.org\/{rel}","templated":true}]}}