{"id":5317443,"date":"2026-01-19T14:51:53","date_gmt":"2026-01-19T12:51:53","guid":{"rendered":"https:\/\/gadgettravellers.eu\/shop\/stivale-di-natale-in-juta-ninnoli-48x28cm-xmasfest-1133289\/"},"modified":"2026-04-22T22:55:07","modified_gmt":"2026-04-22T20:55:07","slug":"stivale-di-natale-in-juta-ninnoli-48x28cm-xmasfest-1133289","status":"publish","type":"product","link":"https:\/\/gadgettravellers.eu\/it\/shop\/stivale-di-natale-in-juta-ninnoli-48x28cm-xmasfest-1133289\/","title":{"rendered":"Stivale di Natale in Juta Ninnoli 48x28cm Xmasfest 1133289"},"content":{"rendered":"<p>48x28cm<\/p>\n<div class='aiseo-faq-section' style='margin-top:30px; border-top:1px solid #eee; padding-top:20px;'>\n<h3>Domande Frequenti<\/h3>\n<details style='margin-bottom:10px; padding:10px; background:#f9f9f9; border-radius:5px;'>\n<summary style='font-weight:bold; cursor:pointer;'>Di che materiale \u00e8 lo stivale?<\/summary>\n<div style='margin-top:10px; color:#555;'>\u00c8 realizzata in juta con una texture rustica naturale.<\/div>\n<\/details>\n<details style='margin-bottom:10px; padding:10px; background:#f9f9f9; border-radius:5px;'>\n<summary style='font-weight:bold; cursor:pointer;'>Quali sono le sue dimensioni?<\/summary>\n<div style='margin-top:10px; color:#555;'>Le dimensioni sono 48&#215;28 cm, adatte per piccoli regali e decorazioni.<\/div>\n<\/details>\n<details style='margin-bottom:10px; padding:10px; background:#f9f9f9; border-radius:5px;'>\n<summary style='font-weight:bold; cursor:pointer;'>Pu\u00f2 essere appeso?<\/summary>\n<div style='margin-top:10px; color:#555;'>S\u00ec, dispone di un laccio per appenderlo facilmente a un camino o a un albero.<\/div>\n<\/details>\n<details style='margin-bottom:10px; padding:10px; background:#f9f9f9; border-radius:5px;'>\n<summary style='font-weight:bold; cursor:pointer;'>\u00c8 resistente?<\/summary>\n<div style='margin-top:10px; color:#555;'>La cucitura rinforzata garantisce resistenza per un uso ripetuto.<\/div>\n<\/details>\n<details style='margin-bottom:10px; padding:10px; background:#f9f9f9; border-radius:5px;'>\n<summary style='font-weight:bold; cursor:pointer;'>Come si pulisce?<\/summary>\n<div style='margin-top:10px; color:#555;'>Si pulisce facilmente con un lavaggio delicato o con una passata.<\/div>\n<\/details>\n<\/div>\n","protected":false},"excerpt":{"rendered":"<p>48x28cm Domande Frequenti Di che materiale \u00e8 lo stivale? \u00c8 realizzata in juta con una texture rustica naturale. Quali sono le sue dimensioni? Le dimensioni sono 48&#215;28 cm, adatte per piccoli regali e decorazioni. Pu\u00f2 essere appeso? S\u00ec, dispone di un laccio per appenderlo facilmente a un camino o a un albero. \u00c8 resistente? La [&hellip;]<\/p>\n","protected":false},"featured_media":5182803,"comment_status":"closed","ping_status":"open","template":"","meta":[],"product_brand":[],"product_cat":[],"product_tag":[15],"class_list":{"0":"post-5317443","1":"product","2":"type-product","3":"status-publish","4":"has-post-thumbnail","6":"product_tag-uncategorized","8":"first","9":"onbackorder","10":"purchasable","11":"product-type-simple"},"jetpack_sharing_enabled":true,"_links":{"self":[{"href":"https:\/\/gadgettravellers.eu\/it\/wp-json\/wp\/v2\/product\/5317443","targetHints":{"allow":["GET"]}}],"collection":[{"href":"https:\/\/gadgettravellers.eu\/it\/wp-json\/wp\/v2\/product"}],"about":[{"href":"https:\/\/gadgettravellers.eu\/it\/wp-json\/wp\/v2\/types\/product"}],"replies":[{"embeddable":true,"href":"https:\/\/gadgettravellers.eu\/it\/wp-json\/wp\/v2\/comments?post=5317443"}],"wp:featuredmedia":[{"embeddable":true,"href":"https:\/\/gadgettravellers.eu\/it\/wp-json\/wp\/v2\/media\/5182803"}],"wp:attachment":[{"href":"https:\/\/gadgettravellers.eu\/it\/wp-json\/wp\/v2\/media?parent=5317443"}],"wp:term":[{"taxonomy":"product_brand","embeddable":true,"href":"https:\/\/gadgettravellers.eu\/it\/wp-json\/wp\/v2\/product_brand?post=5317443"},{"taxonomy":"product_cat","embeddable":true,"href":"https:\/\/gadgettravellers.eu\/it\/wp-json\/wp\/v2\/product_cat?post=5317443"},{"taxonomy":"product_tag","embeddable":true,"href":"https:\/\/gadgettravellers.eu\/it\/wp-json\/wp\/v2\/product_tag?post=5317443"}],"curies":[{"name":"wp","href":"https:\/\/api.w.org\/{rel}","templated":true}]}}