{"id":5317446,"date":"2026-01-19T14:51:56","date_gmt":"2026-01-19T12:51:56","guid":{"rendered":"https:\/\/gadgettravellers.eu\/shop\/palla-pal-colore-con-neve-o8cm-xmasfest-1133301\/"},"modified":"2026-04-22T22:55:08","modified_gmt":"2026-04-22T20:55:08","slug":"palla-pal-colore-con-neve-o8cm-xmasfest-1133301","status":"publish","type":"product","link":"https:\/\/gadgettravellers.eu\/it\/shop\/palla-pal-colore-con-neve-o8cm-xmasfest-1133301\/","title":{"rendered":"Palla pal Colore con Neve \u00f88cm Xmasfest 1133301"},"content":{"rendered":"<p>(per colore) \u00f88cm<\/p>\n<div class='aiseo-faq-section' style='margin-top:30px; border-top:1px solid #eee; padding-top:20px;'>\n<h3>Domande Frequenti<\/h3>\n<details style='margin-bottom:10px; padding:10px; background:#f9f9f9; border-radius:5px;'>\n<summary style='font-weight:bold; cursor:pointer;'>Qual \u00e8 la dimensione della palla?<\/summary>\n<div style='margin-top:10px; color:#555;'>La palla ha un diametro \u00f88cm.<\/div>\n<\/details>\n<details style='margin-bottom:10px; padding:10px; background:#f9f9f9; border-radius:5px;'>\n<summary style='font-weight:bold; cursor:pointer;'>Disponibile in diversi colori?<\/summary>\n<div style='margin-top:10px; color:#555;'>S\u00ec, la palla \u00e8 disponibile in diversi colori.<\/div>\n<\/details>\n<details style='margin-bottom:10px; padding:10px; background:#f9f9f9; border-radius:5px;'>\n<summary style='font-weight:bold; cursor:pointer;'>Che effetto ha la superficie della palla?<\/summary>\n<div style='margin-top:10px; color:#555;'>La superficie ha un effetto neve per un aspetto invernale\/natalizio.<\/div>\n<\/details>\n<details style='margin-bottom:10px; padding:10px; background:#f9f9f9; border-radius:5px;'>\n<summary style='font-weight:bold; cursor:pointer;'>A cosa \u00e8 destinato l&#8217;uso?<\/summary>\n<div style='margin-top:10px; color:#555;'>Ideale per decorare alberi, ghirlande e lavori manuali.<\/div>\n<\/details>\n<\/div>\n","protected":false},"excerpt":{"rendered":"<p>(per colore) \u00f88cm Domande Frequenti Qual \u00e8 la dimensione della palla? La palla ha un diametro \u00f88cm. Disponibile in diversi colori? S\u00ec, la palla \u00e8 disponibile in diversi colori. Che effetto ha la superficie della palla? La superficie ha un effetto neve per un aspetto invernale\/natalizio. A cosa \u00e8 destinato l&#8217;uso? Ideale per decorare alberi, [&hellip;]<\/p>\n","protected":false},"featured_media":5182821,"comment_status":"closed","ping_status":"open","template":"","meta":[],"product_brand":[],"product_cat":[],"product_tag":[15],"class_list":{"0":"post-5317446","1":"product","2":"type-product","3":"status-publish","4":"has-post-thumbnail","6":"product_tag-uncategorized","8":"first","9":"onbackorder","10":"purchasable","11":"product-type-simple"},"jetpack_sharing_enabled":true,"_links":{"self":[{"href":"https:\/\/gadgettravellers.eu\/it\/wp-json\/wp\/v2\/product\/5317446","targetHints":{"allow":["GET"]}}],"collection":[{"href":"https:\/\/gadgettravellers.eu\/it\/wp-json\/wp\/v2\/product"}],"about":[{"href":"https:\/\/gadgettravellers.eu\/it\/wp-json\/wp\/v2\/types\/product"}],"replies":[{"embeddable":true,"href":"https:\/\/gadgettravellers.eu\/it\/wp-json\/wp\/v2\/comments?post=5317446"}],"wp:featuredmedia":[{"embeddable":true,"href":"https:\/\/gadgettravellers.eu\/it\/wp-json\/wp\/v2\/media\/5182821"}],"wp:attachment":[{"href":"https:\/\/gadgettravellers.eu\/it\/wp-json\/wp\/v2\/media?parent=5317446"}],"wp:term":[{"taxonomy":"product_brand","embeddable":true,"href":"https:\/\/gadgettravellers.eu\/it\/wp-json\/wp\/v2\/product_brand?post=5317446"},{"taxonomy":"product_cat","embeddable":true,"href":"https:\/\/gadgettravellers.eu\/it\/wp-json\/wp\/v2\/product_cat?post=5317446"},{"taxonomy":"product_tag","embeddable":true,"href":"https:\/\/gadgettravellers.eu\/it\/wp-json\/wp\/v2\/product_tag?post=5317446"}],"curies":[{"name":"wp","href":"https:\/\/api.w.org\/{rel}","templated":true}]}}