{"id":5317447,"date":"2026-01-19T14:51:57","date_gmt":"2026-01-19T12:51:57","guid":{"rendered":"https:\/\/gadgettravellers.eu\/shop\/lanterna-santo-con-luci-e-proiettore-usb-batteria-21x135x8cm-xmasfest-1133321\/"},"modified":"2026-04-22T22:55:08","modified_gmt":"2026-04-22T20:55:08","slug":"lanterna-santo-con-luci-e-proiettore-usb-batteria-21x135x8cm-xmasfest-1133321","status":"publish","type":"product","link":"https:\/\/gadgettravellers.eu\/it\/shop\/lanterna-santo-con-luci-e-proiettore-usb-batteria-21x135x8cm-xmasfest-1133321\/","title":{"rendered":"Lanterna Santo con Luci e Proiettore Usb\/batteria 21&#215;13,5x8cm Xmasfest 1133321"},"content":{"rendered":"<p>Lanterna USB (include cavo), a batteria, con decorazione, con 10 LED con proiettore LED 21&#215;13,5x8cm<\/p>\n<div class='aiseo-faq-section' style='margin-top:30px; border-top:1px solid #eee; padding-top:20px;'>\n<h3>Domande Frequenti<\/h3>\n<details style='margin-bottom:10px; padding:10px; background:#f9f9f9; border-radius:5px;'>\n<summary style='font-weight:bold; cursor:pointer;'>Come \u00e8 alimentato il semaforo?<\/summary>\n<div style='margin-top:10px; color:#555;'>Funziona sia con USB (cavo incluso) sia con batterie.<\/div>\n<\/details>\n<details style='margin-bottom:10px; padding:10px; background:#f9f9f9; border-radius:5px;'>\n<summary style='font-weight:bold; cursor:pointer;'>Quanti LED contiene?<\/summary>\n<div style='margin-top:10px; color:#555;'>Ha 10 LED.<\/div>\n<\/details>\n<details style='margin-bottom:10px; padding:10px; background:#f9f9f9; border-radius:5px;'>\n<summary style='font-weight:bold; cursor:pointer;'>Il cavo USB \u00e8 disponibile?<\/summary>\n<div style='margin-top:10px; color:#555;'>S\u00ec, il cavo USB \u00e8 incluso nella confezione.<\/div>\n<\/details>\n<details style='margin-bottom:10px; padding:10px; background:#f9f9f9; border-radius:5px;'>\n<summary style='font-weight:bold; cursor:pointer;'>Quali sono le dimensioni della lanterna?<\/summary>\n<div style='margin-top:10px; color:#555;'>21&#215;13,5&#215;8 cm.<\/div>\n<\/details>\n<\/div>\n","protected":false},"excerpt":{"rendered":"<p>Lanterna USB (include cavo), a batteria, con decorazione, con 10 LED con proiettore LED 21&#215;13,5x8cm Domande Frequenti Come \u00e8 alimentato il semaforo? Funziona sia con USB (cavo incluso) sia con batterie. Quanti LED contiene? Ha 10 LED. Il cavo USB \u00e8 disponibile? S\u00ec, il cavo USB \u00e8 incluso nella confezione. Quali sono le dimensioni della [&hellip;]<\/p>\n","protected":false},"featured_media":5182828,"comment_status":"closed","ping_status":"open","template":"","meta":[],"product_brand":[],"product_cat":[],"product_tag":[15],"class_list":{"0":"post-5317447","1":"product","2":"type-product","3":"status-publish","4":"has-post-thumbnail","6":"product_tag-uncategorized","8":"first","9":"onbackorder","10":"purchasable","11":"product-type-simple"},"jetpack_sharing_enabled":true,"_links":{"self":[{"href":"https:\/\/gadgettravellers.eu\/it\/wp-json\/wp\/v2\/product\/5317447","targetHints":{"allow":["GET"]}}],"collection":[{"href":"https:\/\/gadgettravellers.eu\/it\/wp-json\/wp\/v2\/product"}],"about":[{"href":"https:\/\/gadgettravellers.eu\/it\/wp-json\/wp\/v2\/types\/product"}],"replies":[{"embeddable":true,"href":"https:\/\/gadgettravellers.eu\/it\/wp-json\/wp\/v2\/comments?post=5317447"}],"wp:featuredmedia":[{"embeddable":true,"href":"https:\/\/gadgettravellers.eu\/it\/wp-json\/wp\/v2\/media\/5182828"}],"wp:attachment":[{"href":"https:\/\/gadgettravellers.eu\/it\/wp-json\/wp\/v2\/media?parent=5317447"}],"wp:term":[{"taxonomy":"product_brand","embeddable":true,"href":"https:\/\/gadgettravellers.eu\/it\/wp-json\/wp\/v2\/product_brand?post=5317447"},{"taxonomy":"product_cat","embeddable":true,"href":"https:\/\/gadgettravellers.eu\/it\/wp-json\/wp\/v2\/product_cat?post=5317447"},{"taxonomy":"product_tag","embeddable":true,"href":"https:\/\/gadgettravellers.eu\/it\/wp-json\/wp\/v2\/product_tag?post=5317447"}],"curies":[{"name":"wp","href":"https:\/\/api.w.org\/{rel}","templated":true}]}}