{"id":5317449,"date":"2026-01-19T14:51:59","date_gmt":"2026-01-19T12:51:59","guid":{"rendered":"https:\/\/gadgettravellers.eu\/shop\/san-nanos-gigante-con-cappello-grigio-180cm-xmasfest-1133323\/"},"modified":"2026-04-22T22:55:09","modified_gmt":"2026-04-22T20:55:09","slug":"san-nanos-gigante-con-cappello-grigio-180cm-xmasfest-1133323","status":"publish","type":"product","link":"https:\/\/gadgettravellers.eu\/it\/shop\/san-nanos-gigante-con-cappello-grigio-180cm-xmasfest-1133323\/","title":{"rendered":"San Nanos Gigante con Cappello Grigio 180cm Xmasfest 1133323"},"content":{"rendered":"<p>Grembiuli telescopici 180cm<\/p>\n<div class='aiseo-faq-section' style='margin-top:30px; border-top:1px solid #eee; padding-top:20px;'>\n<h3>Domande Frequenti<\/h3>\n<details style='margin-bottom:10px; padding:10px; background:#f9f9f9; border-radius:5px;'>\n<summary style='font-weight:bold; cursor:pointer;'>Qual \u00e8 l&#8217;altezza di San Nano?<\/summary>\n<div style='margin-top:10px; color:#555;'>L&#8217;altezza raggiunge i 180 cm ed \u00e8 regolabile telescopicamente.<\/div>\n<\/details>\n<details style='margin-bottom:10px; padding:10px; background:#f9f9f9; border-radius:5px;'>\n<summary style='font-weight:bold; cursor:pointer;'>Pu\u00f2 essere utilizzato sia in ambienti interni che esterni?<\/summary>\n<div style='margin-top:10px; color:#555;'>S\u00ec, \u00e8 adatto per una decorazione natalizia interna ed esterna impressionante.<\/div>\n<\/details>\n<details style='margin-bottom:10px; padding:10px; background:#f9f9f9; border-radius:5px;'>\n<summary style='font-weight:bold; cursor:pointer;'>Di che colore \u00e8 il berretto del prodotto?<\/summary>\n<div style='margin-top:10px; color:#555;'>Ha un berretto grigio scuro.<\/div>\n<\/details>\n<details style='margin-bottom:10px; padding:10px; background:#f9f9f9; border-radius:5px;'>\n<summary style='font-weight:bold; cursor:pointer;'>Come si regola l&#8217;altezza?<\/summary>\n<div style='margin-top:10px; color:#555;'>L&#8217;altezza si regola con un meccanismo telescopico.<\/div>\n<\/details>\n<\/div>\n","protected":false},"excerpt":{"rendered":"<p>Grembiuli telescopici 180cm Domande Frequenti Qual \u00e8 l&#8217;altezza di San Nano? L&#8217;altezza raggiunge i 180 cm ed \u00e8 regolabile telescopicamente. Pu\u00f2 essere utilizzato sia in ambienti interni che esterni? S\u00ec, \u00e8 adatto per una decorazione natalizia interna ed esterna impressionante. Di che colore \u00e8 il berretto del prodotto? Ha un berretto grigio scuro. Come si [&hellip;]<\/p>\n","protected":false},"featured_media":5182836,"comment_status":"closed","ping_status":"open","template":"","meta":[],"product_brand":[],"product_cat":[],"product_tag":[15],"class_list":{"0":"post-5317449","1":"product","2":"type-product","3":"status-publish","4":"has-post-thumbnail","6":"product_tag-uncategorized","8":"first","9":"onbackorder","10":"purchasable","11":"product-type-simple"},"jetpack_sharing_enabled":true,"_links":{"self":[{"href":"https:\/\/gadgettravellers.eu\/it\/wp-json\/wp\/v2\/product\/5317449","targetHints":{"allow":["GET"]}}],"collection":[{"href":"https:\/\/gadgettravellers.eu\/it\/wp-json\/wp\/v2\/product"}],"about":[{"href":"https:\/\/gadgettravellers.eu\/it\/wp-json\/wp\/v2\/types\/product"}],"replies":[{"embeddable":true,"href":"https:\/\/gadgettravellers.eu\/it\/wp-json\/wp\/v2\/comments?post=5317449"}],"wp:featuredmedia":[{"embeddable":true,"href":"https:\/\/gadgettravellers.eu\/it\/wp-json\/wp\/v2\/media\/5182836"}],"wp:attachment":[{"href":"https:\/\/gadgettravellers.eu\/it\/wp-json\/wp\/v2\/media?parent=5317449"}],"wp:term":[{"taxonomy":"product_brand","embeddable":true,"href":"https:\/\/gadgettravellers.eu\/it\/wp-json\/wp\/v2\/product_brand?post=5317449"},{"taxonomy":"product_cat","embeddable":true,"href":"https:\/\/gadgettravellers.eu\/it\/wp-json\/wp\/v2\/product_cat?post=5317449"},{"taxonomy":"product_tag","embeddable":true,"href":"https:\/\/gadgettravellers.eu\/it\/wp-json\/wp\/v2\/product_tag?post=5317449"}],"curies":[{"name":"wp","href":"https:\/\/api.w.org\/{rel}","templated":true}]}}