{"id":5317450,"date":"2026-01-19T14:51:59","date_gmt":"2026-01-19T12:51:59","guid":{"rendered":"https:\/\/gadgettravellers.eu\/shop\/ramo-con-vischio-e-alberelli-di-legno-57x18cm-xmasfest-1133326\/"},"modified":"2026-04-22T22:55:10","modified_gmt":"2026-04-22T20:55:10","slug":"ramo-con-vischio-e-alberelli-di-legno-57x18cm-xmasfest-1133326","status":"publish","type":"product","link":"https:\/\/gadgettravellers.eu\/it\/shop\/ramo-con-vischio-e-alberelli-di-legno-57x18cm-xmasfest-1133326\/","title":{"rendered":"Ramo con vischio e Alberelli di legno 57x18cm Xmasfest 1133326"},"content":{"rendered":"<p>57x18cm<\/p>\n<div class='aiseo-faq-section' style='margin-top:30px; border-top:1px solid #eee; padding-top:20px;'>\n<h3>Domande Frequenti<\/h3>\n<details style='margin-bottom:10px; padding:10px; background:#f9f9f9; border-radius:5px;'>\n<summary style='font-weight:bold; cursor:pointer;'>Quali sono le dimensioni del prodotto?<\/summary>\n<div style='margin-top:10px; color:#555;'>Le dimensioni sono 57 x 18 cm.<\/div>\n<\/details>\n<details style='margin-bottom:10px; padding:10px; background:#f9f9f9; border-radius:5px;'>\n<summary style='font-weight:bold; cursor:pointer;'>Dove pu\u00f2 essere posizionato il rametto?<\/summary>\n<div style='margin-top:10px; color:#555;'>Ideale per porte, finestre, alberi di Natale e come decorazione per la tavola.<\/div>\n<\/details>\n<details style='margin-bottom:10px; padding:10px; background:#f9f9f9; border-radius:5px;'>\n<summary style='font-weight:bold; cursor:pointer;'>Come si pulisce il rametto?<\/summary>\n<div style='margin-top:10px; color:#555;'>Si pulisce con un panno asciutto.<\/div>\n<\/details>\n<details style='margin-bottom:10px; padding:10px; background:#f9f9f9; border-radius:5px;'>\n<summary style='font-weight:bold; cursor:pointer;'>\u00c8 adatto per usi multipli?<\/summary>\n<div style='margin-top:10px; color:#555;'>S\u00ec, \u00e8 leggero, facile da installare e resistente per usi multipli.<\/div>\n<\/details>\n<\/div>\n","protected":false},"excerpt":{"rendered":"<p>57x18cm Domande Frequenti Quali sono le dimensioni del prodotto? Le dimensioni sono 57 x 18 cm. Dove pu\u00f2 essere posizionato il rametto? Ideale per porte, finestre, alberi di Natale e come decorazione per la tavola. Come si pulisce il rametto? Si pulisce con un panno asciutto. \u00c8 adatto per usi multipli? S\u00ec, \u00e8 leggero, facile [&hellip;]<\/p>\n","protected":false},"featured_media":5182848,"comment_status":"closed","ping_status":"open","template":"","meta":[],"product_brand":[],"product_cat":[],"product_tag":[15],"class_list":{"0":"post-5317450","1":"product","2":"type-product","3":"status-publish","4":"has-post-thumbnail","6":"product_tag-uncategorized","8":"first","9":"onbackorder","10":"purchasable","11":"product-type-simple"},"jetpack_sharing_enabled":true,"_links":{"self":[{"href":"https:\/\/gadgettravellers.eu\/it\/wp-json\/wp\/v2\/product\/5317450","targetHints":{"allow":["GET"]}}],"collection":[{"href":"https:\/\/gadgettravellers.eu\/it\/wp-json\/wp\/v2\/product"}],"about":[{"href":"https:\/\/gadgettravellers.eu\/it\/wp-json\/wp\/v2\/types\/product"}],"replies":[{"embeddable":true,"href":"https:\/\/gadgettravellers.eu\/it\/wp-json\/wp\/v2\/comments?post=5317450"}],"wp:featuredmedia":[{"embeddable":true,"href":"https:\/\/gadgettravellers.eu\/it\/wp-json\/wp\/v2\/media\/5182848"}],"wp:attachment":[{"href":"https:\/\/gadgettravellers.eu\/it\/wp-json\/wp\/v2\/media?parent=5317450"}],"wp:term":[{"taxonomy":"product_brand","embeddable":true,"href":"https:\/\/gadgettravellers.eu\/it\/wp-json\/wp\/v2\/product_brand?post=5317450"},{"taxonomy":"product_cat","embeddable":true,"href":"https:\/\/gadgettravellers.eu\/it\/wp-json\/wp\/v2\/product_cat?post=5317450"},{"taxonomy":"product_tag","embeddable":true,"href":"https:\/\/gadgettravellers.eu\/it\/wp-json\/wp\/v2\/product_tag?post=5317450"}],"curies":[{"name":"wp","href":"https:\/\/api.w.org\/{rel}","templated":true}]}}