{"id":5317451,"date":"2026-01-19T14:52:00","date_gmt":"2026-01-19T12:52:00","guid":{"rendered":"https:\/\/gadgettravellers.eu\/shop\/san-nano-gigante-con-cappello-a-quadri-trecce-100cm-xmasfest-1133324\/"},"modified":"2026-04-22T22:55:10","modified_gmt":"2026-04-22T20:55:10","slug":"san-nano-gigante-con-cappello-a-quadri-trecce-100cm-xmasfest-1133324","status":"publish","type":"product","link":"https:\/\/gadgettravellers.eu\/it\/shop\/san-nano-gigante-con-cappello-a-quadri-trecce-100cm-xmasfest-1133324\/","title":{"rendered":"San Nano Gigante con Cappello a Quadri Trecce 100cm Xmasfest 1133324"},"content":{"rendered":"<p>Gambe telescopiche 100cm<\/p>\n<div class='aiseo-faq-section' style='margin-top:30px; border-top:1px solid #eee; padding-top:20px;'>\n<h3>Domande Frequenti<\/h3>\n<details style='margin-bottom:10px; padding:10px; background:#f9f9f9; border-radius:5px;'>\n<summary style='font-weight:bold; cursor:pointer;'>Qual \u00e8 l&#8217;altezza della figura?<\/summary>\n<div style='margin-top:10px; color:#555;'>L&#8217;altezza della figura \u00e8 100 cm.<\/div>\n<\/details>\n<details style='margin-bottom:10px; padding:10px; background:#f9f9f9; border-radius:5px;'>\n<summary style='font-weight:bold; cursor:pointer;'>Ha un&#8217;altezza regolabile?<\/summary>\n<div style='margin-top:10px; color:#555;'>S\u00ec, dispone di gambe telescopiche per la regolazione dell&#8217;altezza.<\/div>\n<\/details>\n<details style='margin-bottom:10px; padding:10px; background:#f9f9f9; border-radius:5px;'>\n<summary style='font-weight:bold; cursor:pointer;'>\u00c8 adatta per uso interno o esterno?<\/summary>\n<div style='margin-top:10px; color:#555;'>\u00c8 adatta per l&#8217;uso sia in ambienti interni che esterni.<\/div>\n<\/details>\n<details style='margin-bottom:10px; padding:10px; background:#f9f9f9; border-radius:5px;'>\n<summary style='font-weight:bold; cursor:pointer;'>Quali sono le caratteristiche evidenti della figura?<\/summary>\n<div style='margin-top:10px; color:#555;'>Indossa un berretto a quadri e ha le trecce, ed \u00e8 facile da montare.<\/div>\n<\/details>\n<\/div>\n","protected":false},"excerpt":{"rendered":"<p>Gambe telescopiche 100cm Domande Frequenti Qual \u00e8 l&#8217;altezza della figura? L&#8217;altezza della figura \u00e8 100 cm. Ha un&#8217;altezza regolabile? S\u00ec, dispone di gambe telescopiche per la regolazione dell&#8217;altezza. \u00c8 adatta per uso interno o esterno? \u00c8 adatta per l&#8217;uso sia in ambienti interni che esterni. Quali sono le caratteristiche evidenti della figura? Indossa un berretto [&hellip;]<\/p>\n","protected":false},"featured_media":5182840,"comment_status":"closed","ping_status":"open","template":"","meta":[],"product_brand":[],"product_cat":[],"product_tag":[15],"class_list":{"0":"post-5317451","1":"product","2":"type-product","3":"status-publish","4":"has-post-thumbnail","6":"product_tag-uncategorized","8":"first","9":"onbackorder","10":"purchasable","11":"product-type-simple"},"jetpack_sharing_enabled":true,"_links":{"self":[{"href":"https:\/\/gadgettravellers.eu\/it\/wp-json\/wp\/v2\/product\/5317451","targetHints":{"allow":["GET"]}}],"collection":[{"href":"https:\/\/gadgettravellers.eu\/it\/wp-json\/wp\/v2\/product"}],"about":[{"href":"https:\/\/gadgettravellers.eu\/it\/wp-json\/wp\/v2\/types\/product"}],"replies":[{"embeddable":true,"href":"https:\/\/gadgettravellers.eu\/it\/wp-json\/wp\/v2\/comments?post=5317451"}],"wp:featuredmedia":[{"embeddable":true,"href":"https:\/\/gadgettravellers.eu\/it\/wp-json\/wp\/v2\/media\/5182840"}],"wp:attachment":[{"href":"https:\/\/gadgettravellers.eu\/it\/wp-json\/wp\/v2\/media?parent=5317451"}],"wp:term":[{"taxonomy":"product_brand","embeddable":true,"href":"https:\/\/gadgettravellers.eu\/it\/wp-json\/wp\/v2\/product_brand?post=5317451"},{"taxonomy":"product_cat","embeddable":true,"href":"https:\/\/gadgettravellers.eu\/it\/wp-json\/wp\/v2\/product_cat?post=5317451"},{"taxonomy":"product_tag","embeddable":true,"href":"https:\/\/gadgettravellers.eu\/it\/wp-json\/wp\/v2\/product_tag?post=5317451"}],"curies":[{"name":"wp","href":"https:\/\/api.w.org\/{rel}","templated":true}]}}