{"id":5317452,"date":"2026-01-19T14:52:01","date_gmt":"2026-01-19T12:52:01","guid":{"rendered":"https:\/\/gadgettravellers.eu\/shop\/san-nanos-gigante-con-cappello-stelle-140cm-xmasfest-1133325\/"},"modified":"2026-04-22T22:55:11","modified_gmt":"2026-04-22T20:55:11","slug":"san-nanos-gigante-con-cappello-stelle-140cm-xmasfest-1133325","status":"publish","type":"product","link":"https:\/\/gadgettravellers.eu\/it\/shop\/san-nanos-gigante-con-cappello-stelle-140cm-xmasfest-1133325\/","title":{"rendered":"San Nanos Gigante con Cappello Stelle 140cm Xmasfest 1133325"},"content":{"rendered":"<p>Gambe telescopiche 140cm<\/p>\n<div class='aiseo-faq-section' style='margin-top:30px; border-top:1px solid #eee; padding-top:20px;'>\n<h3>Domande Frequenti<\/h3>\n<details style='margin-bottom:10px; padding:10px; background:#f9f9f9; border-radius:5px;'>\n<summary style='font-weight:bold; cursor:pointer;'>Qual \u00e8 l&#8217;altezza della figura?<\/summary>\n<div style='margin-top:10px; color:#555;'>L&#8217;altezza \u00e8 140 cm.<\/div>\n<\/details>\n<details style='margin-bottom:10px; padding:10px; background:#f9f9f9; border-radius:5px;'>\n<summary style='font-weight:bold; cursor:pointer;'>Come si regola l&#8217;altezza?<\/summary>\n<div style='margin-top:10px; color:#555;'>Dispone di gambe telescopiche per una facile regolazione dell&#8217;altezza.<\/div>\n<\/details>\n<details style='margin-bottom:10px; padding:10px; background:#f9f9f9; border-radius:5px;'>\n<summary style='font-weight:bold; cursor:pointer;'>Pu\u00f2 essere utilizzato all&#8217;aperto?<\/summary>\n<div style='margin-top:10px; color:#555;'>S\u00ec, \u00e8 ideale per la decorazione sia di ambienti interni che esterni.<\/div>\n<\/details>\n<details style='margin-bottom:10px; padding:10px; background:#f9f9f9; border-radius:5px;'>\n<summary style='font-weight:bold; cursor:pointer;'>Che disegno ha il berretto?<\/summary>\n<div style='margin-top:10px; color:#555;'>Il berretto ha un motivo a stelle.<\/div>\n<\/details>\n<\/div>\n","protected":false},"excerpt":{"rendered":"<p>Gambe telescopiche 140cm Domande Frequenti Qual \u00e8 l&#8217;altezza della figura? L&#8217;altezza \u00e8 140 cm. Come si regola l&#8217;altezza? Dispone di gambe telescopiche per una facile regolazione dell&#8217;altezza. Pu\u00f2 essere utilizzato all&#8217;aperto? S\u00ec, \u00e8 ideale per la decorazione sia di ambienti interni che esterni. Che disegno ha il berretto? Il berretto ha un motivo a stelle.<\/p>\n","protected":false},"featured_media":5182844,"comment_status":"closed","ping_status":"open","template":"","meta":[],"product_brand":[],"product_cat":[],"product_tag":[15],"class_list":{"0":"post-5317452","1":"product","2":"type-product","3":"status-publish","4":"has-post-thumbnail","6":"product_tag-uncategorized","8":"first","9":"onbackorder","10":"purchasable","11":"product-type-simple"},"jetpack_sharing_enabled":true,"_links":{"self":[{"href":"https:\/\/gadgettravellers.eu\/it\/wp-json\/wp\/v2\/product\/5317452","targetHints":{"allow":["GET"]}}],"collection":[{"href":"https:\/\/gadgettravellers.eu\/it\/wp-json\/wp\/v2\/product"}],"about":[{"href":"https:\/\/gadgettravellers.eu\/it\/wp-json\/wp\/v2\/types\/product"}],"replies":[{"embeddable":true,"href":"https:\/\/gadgettravellers.eu\/it\/wp-json\/wp\/v2\/comments?post=5317452"}],"wp:featuredmedia":[{"embeddable":true,"href":"https:\/\/gadgettravellers.eu\/it\/wp-json\/wp\/v2\/media\/5182844"}],"wp:attachment":[{"href":"https:\/\/gadgettravellers.eu\/it\/wp-json\/wp\/v2\/media?parent=5317452"}],"wp:term":[{"taxonomy":"product_brand","embeddable":true,"href":"https:\/\/gadgettravellers.eu\/it\/wp-json\/wp\/v2\/product_brand?post=5317452"},{"taxonomy":"product_cat","embeddable":true,"href":"https:\/\/gadgettravellers.eu\/it\/wp-json\/wp\/v2\/product_cat?post=5317452"},{"taxonomy":"product_tag","embeddable":true,"href":"https:\/\/gadgettravellers.eu\/it\/wp-json\/wp\/v2\/product_tag?post=5317452"}],"curies":[{"name":"wp","href":"https:\/\/api.w.org\/{rel}","templated":true}]}}