{"id":5317453,"date":"2026-01-19T14:52:02","date_gmt":"2026-01-19T12:52:02","guid":{"rendered":"https:\/\/gadgettravellers.eu\/shop\/ramo-con-vischio-pigna-e-alexandrina-50x20cm-xmasfest-1133327\/"},"modified":"2026-04-22T22:55:12","modified_gmt":"2026-04-22T20:55:12","slug":"ramo-con-vischio-pigna-e-alexandrina-50x20cm-xmasfest-1133327","status":"publish","type":"product","link":"https:\/\/gadgettravellers.eu\/it\/shop\/ramo-con-vischio-pigna-e-alexandrina-50x20cm-xmasfest-1133327\/","title":{"rendered":"Ramo con vischio, pigna e Alexandrina 50x20cm Xmasfest 1133327"},"content":{"rendered":"<p>50x20cm<\/p>\n<div class='aiseo-faq-section' style='margin-top:30px; border-top:1px solid #eee; padding-top:20px;'>\n<h3>Domande Frequenti<\/h3>\n<details style='margin-bottom:10px; padding:10px; background:#f9f9f9; border-radius:5px;'>\n<summary style='font-weight:bold; cursor:pointer;'>Quali sono i materiali del ramo?<\/summary>\n<div style='margin-top:10px; color:#555;'>Include vischio artificiale, pinoli e bacche rosse di Alexandrina.<\/div>\n<\/details>\n<details style='margin-bottom:10px; padding:10px; background:#f9f9f9; border-radius:5px;'>\n<summary style='font-weight:bold; cursor:pointer;'>Quali sono le dimensioni del prodotto?<\/summary>\n<div style='margin-top:10px; color:#555;'>Le dimensioni sono 50x20cm.<\/div>\n<\/details>\n<details style='margin-bottom:10px; padding:10px; background:#f9f9f9; border-radius:5px;'>\n<summary style='font-weight:bold; cursor:pointer;'>Pu\u00f2 essere utilizzato all&#8217;aperto?<\/summary>\n<div style='margin-top:10px; color:#555;'>\u00c8 adatto per interni e decorazioni creative, non \u00e8 indicato come specifico per esterni.<\/div>\n<\/details>\n<details style='margin-bottom:10px; padding:10px; background:#f9f9f9; border-radius:5px;'>\n<summary style='font-weight:bold; cursor:pointer;'>Richiede manutenzione o acqua?<\/summary>\n<div style='margin-top:10px; color:#555;'>Sono a bassa manutenzione e non richiedono acqua o pulizia.<\/div>\n<\/details>\n<\/div>\n","protected":false},"excerpt":{"rendered":"<p>50x20cm Domande Frequenti Quali sono i materiali del ramo? Include vischio artificiale, pinoli e bacche rosse di Alexandrina. Quali sono le dimensioni del prodotto? Le dimensioni sono 50x20cm. Pu\u00f2 essere utilizzato all&#8217;aperto? \u00c8 adatto per interni e decorazioni creative, non \u00e8 indicato come specifico per esterni. Richiede manutenzione o acqua? Sono a bassa manutenzione e [&hellip;]<\/p>\n","protected":false},"featured_media":5182852,"comment_status":"closed","ping_status":"open","template":"","meta":[],"product_brand":[],"product_cat":[],"product_tag":[15],"class_list":{"0":"post-5317453","1":"product","2":"type-product","3":"status-publish","4":"has-post-thumbnail","6":"product_tag-uncategorized","8":"first","9":"onbackorder","10":"purchasable","11":"product-type-simple"},"jetpack_sharing_enabled":true,"_links":{"self":[{"href":"https:\/\/gadgettravellers.eu\/it\/wp-json\/wp\/v2\/product\/5317453","targetHints":{"allow":["GET"]}}],"collection":[{"href":"https:\/\/gadgettravellers.eu\/it\/wp-json\/wp\/v2\/product"}],"about":[{"href":"https:\/\/gadgettravellers.eu\/it\/wp-json\/wp\/v2\/types\/product"}],"replies":[{"embeddable":true,"href":"https:\/\/gadgettravellers.eu\/it\/wp-json\/wp\/v2\/comments?post=5317453"}],"wp:featuredmedia":[{"embeddable":true,"href":"https:\/\/gadgettravellers.eu\/it\/wp-json\/wp\/v2\/media\/5182852"}],"wp:attachment":[{"href":"https:\/\/gadgettravellers.eu\/it\/wp-json\/wp\/v2\/media?parent=5317453"}],"wp:term":[{"taxonomy":"product_brand","embeddable":true,"href":"https:\/\/gadgettravellers.eu\/it\/wp-json\/wp\/v2\/product_brand?post=5317453"},{"taxonomy":"product_cat","embeddable":true,"href":"https:\/\/gadgettravellers.eu\/it\/wp-json\/wp\/v2\/product_cat?post=5317453"},{"taxonomy":"product_tag","embeddable":true,"href":"https:\/\/gadgettravellers.eu\/it\/wp-json\/wp\/v2\/product_tag?post=5317453"}],"curies":[{"name":"wp","href":"https:\/\/api.w.org\/{rel}","templated":true}]}}