{"id":5317459,"date":"2026-01-19T14:52:10","date_gmt":"2026-01-19T12:52:10","guid":{"rendered":"https:\/\/gadgettravellers.eu\/shop\/candela-christmas-spice-in-barattolo-con-coperchio-grande-50h-311gr-netto-145x11cm-xmasfest-1133336\/"},"modified":"2026-04-22T22:55:14","modified_gmt":"2026-04-22T20:55:14","slug":"candela-christmas-spice-in-barattolo-con-coperchio-grande-50h-311gr-netto-145x11cm-xmasfest-1133336","status":"publish","type":"product","link":"https:\/\/gadgettravellers.eu\/it\/shop\/candela-christmas-spice-in-barattolo-con-coperchio-grande-50h-311gr-netto-145x11cm-xmasfest-1133336\/","title":{"rendered":"Candela Christmas Spice in Barattolo con Coperchio Grande 50h 311gr Netto, 14,5x11cm Xmasfest 1133336"},"content":{"rendered":"<p>Con profumo Christmas spice 50h 311gr netto, 14,5x11cm<\/p>\n<div class='aiseo-faq-section' style='margin-top:30px; border-top:1px solid #eee; padding-top:20px;'>\n<h3>Domande Frequenti<\/h3>\n<details style='margin-bottom:10px; padding:10px; background:#f9f9f9; border-radius:5px;'>\n<summary style='font-weight:bold; cursor:pointer;'>Qual \u00e8 la fragranza della candela?<\/summary>\n<div style='margin-top:10px; color:#555;'>Aroma Christmas Spice (spezie natalizie).<\/div>\n<\/details>\n<details style='margin-bottom:10px; padding:10px; background:#f9f9f9; border-radius:5px;'>\n<summary style='font-weight:bold; cursor:pointer;'>Qual \u00e8 la durata della combustione?<\/summary>\n<div style='margin-top:10px; color:#555;'>Fino a 50 ore di combustione.<\/div>\n<\/details>\n<details style='margin-bottom:10px; padding:10px; background:#f9f9f9; border-radius:5px;'>\n<summary style='font-weight:bold; cursor:pointer;'>Qual \u00e8 il peso netto e le dimensioni?<\/summary>\n<div style='margin-top:10px; color:#555;'>Peso netto 311 g, dimensioni circa 14,5 x 11 cm.<\/div>\n<\/details>\n<details style='margin-bottom:10px; padding:10px; background:#f9f9f9; border-radius:5px;'>\n<summary style='font-weight:bold; cursor:pointer;'>La candela ha un coperchio?<\/summary>\n<div style='margin-top:10px; color:#555;'>S\u00ec, \u00e8 offerto in un barattolo di vetro con coperchio.<\/div>\n<\/details>\n<\/div>\n","protected":false},"excerpt":{"rendered":"<p>Con profumo Christmas spice 50h 311gr netto, 14,5x11cm Domande Frequenti Qual \u00e8 la fragranza della candela? Aroma Christmas Spice (spezie natalizie). Qual \u00e8 la durata della combustione? Fino a 50 ore di combustione. Qual \u00e8 il peso netto e le dimensioni? Peso netto 311 g, dimensioni circa 14,5 x 11 cm. La candela ha un [&hellip;]<\/p>\n","protected":false},"featured_media":5182876,"comment_status":"closed","ping_status":"open","template":"","meta":[],"product_brand":[],"product_cat":[],"product_tag":[15],"class_list":{"0":"post-5317459","1":"product","2":"type-product","3":"status-publish","4":"has-post-thumbnail","6":"product_tag-uncategorized","8":"first","9":"onbackorder","10":"purchasable","11":"product-type-simple"},"jetpack_sharing_enabled":true,"_links":{"self":[{"href":"https:\/\/gadgettravellers.eu\/it\/wp-json\/wp\/v2\/product\/5317459","targetHints":{"allow":["GET"]}}],"collection":[{"href":"https:\/\/gadgettravellers.eu\/it\/wp-json\/wp\/v2\/product"}],"about":[{"href":"https:\/\/gadgettravellers.eu\/it\/wp-json\/wp\/v2\/types\/product"}],"replies":[{"embeddable":true,"href":"https:\/\/gadgettravellers.eu\/it\/wp-json\/wp\/v2\/comments?post=5317459"}],"wp:featuredmedia":[{"embeddable":true,"href":"https:\/\/gadgettravellers.eu\/it\/wp-json\/wp\/v2\/media\/5182876"}],"wp:attachment":[{"href":"https:\/\/gadgettravellers.eu\/it\/wp-json\/wp\/v2\/media?parent=5317459"}],"wp:term":[{"taxonomy":"product_brand","embeddable":true,"href":"https:\/\/gadgettravellers.eu\/it\/wp-json\/wp\/v2\/product_brand?post=5317459"},{"taxonomy":"product_cat","embeddable":true,"href":"https:\/\/gadgettravellers.eu\/it\/wp-json\/wp\/v2\/product_cat?post=5317459"},{"taxonomy":"product_tag","embeddable":true,"href":"https:\/\/gadgettravellers.eu\/it\/wp-json\/wp\/v2\/product_tag?post=5317459"}],"curies":[{"name":"wp","href":"https:\/\/api.w.org\/{rel}","templated":true}]}}