{"id":5317460,"date":"2026-01-19T14:52:11","date_gmt":"2026-01-19T12:52:11","guid":{"rendered":"https:\/\/gadgettravellers.eu\/shop\/soldato-schiaccianoci-di-legno-di-natale-grande-38cm-xmasfest-1133334\/"},"modified":"2026-04-22T22:55:15","modified_gmt":"2026-04-22T20:55:15","slug":"soldato-schiaccianoci-di-legno-di-natale-grande-38cm-xmasfest-1133334","status":"publish","type":"product","link":"https:\/\/gadgettravellers.eu\/it\/shop\/soldato-schiaccianoci-di-legno-di-natale-grande-38cm-xmasfest-1133334\/","title":{"rendered":"Soldato Schiaccianoci di Legno di Natale Grande 38cm Xmasfest 1133334"},"content":{"rendered":"<p>Legno 38cm<\/p>\n<div class='aiseo-faq-section' style='margin-top:30px; border-top:1px solid #eee; padding-top:20px;'>\n<h3>Domande Frequenti<\/h3>\n<details style='margin-bottom:10px; padding:10px; background:#f9f9f9; border-radius:5px;'>\n<summary style='font-weight:bold; cursor:pointer;'>Qual \u00e8 l&#8217;altezza del prodotto?<\/summary>\n<div style='margin-top:10px; color:#555;'>L&#8217;altezza \u00e8 di 38 cm.<\/div>\n<\/details>\n<details style='margin-bottom:10px; padding:10px; background:#f9f9f9; border-radius:5px;'>\n<summary style='font-weight:bold; cursor:pointer;'>Di che materiale \u00e8 fatto il rompinoce?<\/summary>\n<div style='margin-top:10px; color:#555;'>\u00c8 realizzato in legno per stabilit\u00e0 e durata.<\/div>\n<\/details>\n<details style='margin-bottom:10px; padding:10px; background:#f9f9f9; border-radius:5px;'>\n<summary style='font-weight:bold; cursor:pointer;'>In quali ambienti si consiglia di posizionarlo?<\/summary>\n<div style='margin-top:10px; color:#555;'>Si adatta a soggiorno, ingresso o vetrina ed \u00e8 ideale per decorazioni a tema.<\/div>\n<\/details>\n<details style='margin-bottom:10px; padding:10px; background:#f9f9f9; border-radius:5px;'>\n<summary style='font-weight:bold; cursor:pointer;'>Pu\u00f2 essere usato come regalo e riutilizzato?<\/summary>\n<div style='margin-top:10px; color:#555;'>S\u00ec, \u00e8 adatto come regalo stagionale e la sua durata consente il riutilizzo per molte stagioni.<\/div>\n<\/details>\n<\/div>\n","protected":false},"excerpt":{"rendered":"<p>Legno 38cm Domande Frequenti Qual \u00e8 l&#8217;altezza del prodotto? L&#8217;altezza \u00e8 di 38 cm. Di che materiale \u00e8 fatto il rompinoce? \u00c8 realizzato in legno per stabilit\u00e0 e durata. In quali ambienti si consiglia di posizionarlo? Si adatta a soggiorno, ingresso o vetrina ed \u00e8 ideale per decorazioni a tema. Pu\u00f2 essere usato come regalo [&hellip;]<\/p>\n","protected":false},"featured_media":5182872,"comment_status":"closed","ping_status":"open","template":"","meta":[],"product_brand":[],"product_cat":[],"product_tag":[15],"class_list":{"0":"post-5317460","1":"product","2":"type-product","3":"status-publish","4":"has-post-thumbnail","6":"product_tag-uncategorized","8":"first","9":"onbackorder","10":"purchasable","11":"product-type-simple"},"jetpack_sharing_enabled":true,"_links":{"self":[{"href":"https:\/\/gadgettravellers.eu\/it\/wp-json\/wp\/v2\/product\/5317460","targetHints":{"allow":["GET"]}}],"collection":[{"href":"https:\/\/gadgettravellers.eu\/it\/wp-json\/wp\/v2\/product"}],"about":[{"href":"https:\/\/gadgettravellers.eu\/it\/wp-json\/wp\/v2\/types\/product"}],"replies":[{"embeddable":true,"href":"https:\/\/gadgettravellers.eu\/it\/wp-json\/wp\/v2\/comments?post=5317460"}],"wp:featuredmedia":[{"embeddable":true,"href":"https:\/\/gadgettravellers.eu\/it\/wp-json\/wp\/v2\/media\/5182872"}],"wp:attachment":[{"href":"https:\/\/gadgettravellers.eu\/it\/wp-json\/wp\/v2\/media?parent=5317460"}],"wp:term":[{"taxonomy":"product_brand","embeddable":true,"href":"https:\/\/gadgettravellers.eu\/it\/wp-json\/wp\/v2\/product_brand?post=5317460"},{"taxonomy":"product_cat","embeddable":true,"href":"https:\/\/gadgettravellers.eu\/it\/wp-json\/wp\/v2\/product_cat?post=5317460"},{"taxonomy":"product_tag","embeddable":true,"href":"https:\/\/gadgettravellers.eu\/it\/wp-json\/wp\/v2\/product_tag?post=5317460"}],"curies":[{"name":"wp","href":"https:\/\/api.w.org\/{rel}","templated":true}]}}