{"id":5317461,"date":"2026-01-19T14:52:12","date_gmt":"2026-01-19T12:52:12","guid":{"rendered":"https:\/\/gadgettravellers.eu\/shop\/candela-mela-cannella-in-barattolo-con-coperchio-medio-35h-226gr-netto-10x95cm-xmasfest-1133339\/"},"modified":"2026-05-05T06:01:50","modified_gmt":"2026-05-05T04:01:50","slug":"candela-mela-cannella-in-barattolo-con-coperchio-medio-35h-226gr-netto-10x95cm-xmasfest-1133339","status":"publish","type":"product","link":"https:\/\/gadgettravellers.eu\/it\/shop\/candela-mela-cannella-in-barattolo-con-coperchio-medio-35h-226gr-netto-10x95cm-xmasfest-1133339\/","title":{"rendered":"Candela Mela-Cannella in Barattolo con Coperchio Medio 35h 226gr Netto, 10&#215;9,5cm Xmasfest 1133339"},"content":{"rendered":"<p>Con profumo di mela-cannella 35h 226gr netto, 10&#215;9,5cm<\/p>\n<div class='aiseo-faq-section' style='margin-top:30px; border-top:1px solid #eee; padding-top:20px;'>\n<h3>Domande Frequenti<\/h3>\n<details style='margin-bottom:10px; padding:10px; background:#f9f9f9; border-radius:5px;'>\n<summary style='font-weight:bold; cursor:pointer;'>Qual \u00e8 la fragranza di questa candela?<\/summary>\n<div style='margin-top:10px; color:#555;'>La candela ha un profumo di mela e cannella.<\/div>\n<\/details>\n<details style='margin-bottom:10px; padding:10px; background:#f9f9f9; border-radius:5px;'>\n<summary style='font-weight:bold; cursor:pointer;'>Quanto dura la combustione?<\/summary>\n<div style='margin-top:10px; color:#555;'>La durata \u00e8 di circa 35 ore.<\/div>\n<\/details>\n<details style='margin-bottom:10px; padding:10px; background:#f9f9f9; border-radius:5px;'>\n<summary style='font-weight:bold; cursor:pointer;'>Qual \u00e8 la quantit\u00e0 netta e le dimensioni?<\/summary>\n<div style='margin-top:10px; color:#555;'>Peso netto 226 g e dimensioni 10&#215;9,5 cm.<\/div>\n<\/details>\n<details style='margin-bottom:10px; padding:10px; background:#f9f9f9; border-radius:5px;'>\n<summary style='font-weight:bold; cursor:pointer;'>Il prodotto viene fornito con un coperchio?<\/summary>\n<div style='margin-top:10px; color:#555;'>S\u00ec, \u00e8 in un barattolo di vetro con coperchio.<\/div>\n<\/details>\n<\/div>\n","protected":false},"excerpt":{"rendered":"<p>Con profumo di mela-cannella 35h 226gr netto, 10&#215;9,5cm Domande Frequenti Qual \u00e8 la fragranza di questa candela? La candela ha un profumo di mela e cannella. Quanto dura la combustione? La durata \u00e8 di circa 35 ore. Qual \u00e8 la quantit\u00e0 netta e le dimensioni? Peso netto 226 g e dimensioni 10&#215;9,5 cm. Il prodotto [&hellip;]<\/p>\n","protected":false},"featured_media":5182884,"comment_status":"closed","ping_status":"open","template":"","meta":[],"product_brand":[],"product_cat":[],"product_tag":[15],"class_list":{"0":"post-5317461","1":"product","2":"type-product","3":"status-publish","4":"has-post-thumbnail","6":"product_tag-uncategorized","8":"first","9":"onbackorder","10":"purchasable","11":"product-type-simple"},"jetpack_sharing_enabled":true,"_links":{"self":[{"href":"https:\/\/gadgettravellers.eu\/it\/wp-json\/wp\/v2\/product\/5317461","targetHints":{"allow":["GET"]}}],"collection":[{"href":"https:\/\/gadgettravellers.eu\/it\/wp-json\/wp\/v2\/product"}],"about":[{"href":"https:\/\/gadgettravellers.eu\/it\/wp-json\/wp\/v2\/types\/product"}],"replies":[{"embeddable":true,"href":"https:\/\/gadgettravellers.eu\/it\/wp-json\/wp\/v2\/comments?post=5317461"}],"wp:featuredmedia":[{"embeddable":true,"href":"https:\/\/gadgettravellers.eu\/it\/wp-json\/wp\/v2\/media\/5182884"}],"wp:attachment":[{"href":"https:\/\/gadgettravellers.eu\/it\/wp-json\/wp\/v2\/media?parent=5317461"}],"wp:term":[{"taxonomy":"product_brand","embeddable":true,"href":"https:\/\/gadgettravellers.eu\/it\/wp-json\/wp\/v2\/product_brand?post=5317461"},{"taxonomy":"product_cat","embeddable":true,"href":"https:\/\/gadgettravellers.eu\/it\/wp-json\/wp\/v2\/product_cat?post=5317461"},{"taxonomy":"product_tag","embeddable":true,"href":"https:\/\/gadgettravellers.eu\/it\/wp-json\/wp\/v2\/product_tag?post=5317461"}],"curies":[{"name":"wp","href":"https:\/\/api.w.org\/{rel}","templated":true}]}}