{"id":5317465,"date":"2026-01-19T14:52:14","date_gmt":"2026-01-19T12:52:14","guid":{"rendered":"https:\/\/gadgettravellers.eu\/shop\/candela-christmas-spice-in-barattolo-scatola-xmas-30h-130gr-netto-115x8cm-xmasfest-1133340\/"},"modified":"2026-04-22T22:55:17","modified_gmt":"2026-04-22T20:55:17","slug":"candela-christmas-spice-in-barattolo-scatola-xmas-30h-130gr-netto-115x8cm-xmasfest-1133340","status":"publish","type":"product","link":"https:\/\/gadgettravellers.eu\/it\/shop\/candela-christmas-spice-in-barattolo-scatola-xmas-30h-130gr-netto-115x8cm-xmasfest-1133340\/","title":{"rendered":"Candela Christmas Spice in Barattolo &#038; Scatola Xmas 30h 130gr Netto, 11,5x8cm Xmasfest 1133340"},"content":{"rendered":"<p>Con profumo Christmas spice 30h 130gr netto, 11,5x8cm<\/p>\n<div class='aiseo-faq-section' style='margin-top:30px; border-top:1px solid #eee; padding-top:20px;'>\n<h3>Domande Frequenti<\/h3>\n<details style='margin-bottom:10px; padding:10px; background:#f9f9f9; border-radius:5px;'>\n<summary style='font-weight:bold; cursor:pointer;'>Qual \u00e8 la durata della combustione della candela?<\/summary>\n<div style='margin-top:10px; color:#555;'>Circa 30 ore.<\/div>\n<\/details>\n<details style='margin-bottom:10px; padding:10px; background:#f9f9f9; border-radius:5px;'>\n<summary style='font-weight:bold; cursor:pointer;'>Qual \u00e8 il peso netto della candela?<\/summary>\n<div style='margin-top:10px; color:#555;'>130gr net.<\/div>\n<\/details>\n<details style='margin-bottom:10px; padding:10px; background:#f9f9f9; border-radius:5px;'>\n<summary style='font-weight:bold; cursor:pointer;'>In quale tipo di confezione \u00e8 incluso?<\/summary>\n<div style='margin-top:10px; color:#555;'>Viene consegnato in vaso e accompagnato da una scatola.<\/div>\n<\/details>\n<details style='margin-bottom:10px; padding:10px; background:#f9f9f9; border-radius:5px;'>\n<summary style='font-weight:bold; cursor:pointer;'>Che profumo ha la candela?<\/summary>\n<div style='margin-top:10px; color:#555;'>Profumo Christmas Spice.<\/div>\n<\/details>\n<\/div>\n","protected":false},"excerpt":{"rendered":"<p>Con profumo Christmas spice 30h 130gr netto, 11,5x8cm Domande Frequenti Qual \u00e8 la durata della combustione della candela? Circa 30 ore. Qual \u00e8 il peso netto della candela? 130gr net. In quale tipo di confezione \u00e8 incluso? Viene consegnato in vaso e accompagnato da una scatola. Che profumo ha la candela? Profumo Christmas Spice.<\/p>\n","protected":false},"featured_media":5182888,"comment_status":"closed","ping_status":"open","template":"","meta":[],"product_brand":[],"product_cat":[],"product_tag":[15],"class_list":{"0":"post-5317465","1":"product","2":"type-product","3":"status-publish","4":"has-post-thumbnail","6":"product_tag-uncategorized","8":"first","9":"onbackorder","10":"purchasable","11":"product-type-simple"},"jetpack_sharing_enabled":true,"_links":{"self":[{"href":"https:\/\/gadgettravellers.eu\/it\/wp-json\/wp\/v2\/product\/5317465","targetHints":{"allow":["GET"]}}],"collection":[{"href":"https:\/\/gadgettravellers.eu\/it\/wp-json\/wp\/v2\/product"}],"about":[{"href":"https:\/\/gadgettravellers.eu\/it\/wp-json\/wp\/v2\/types\/product"}],"replies":[{"embeddable":true,"href":"https:\/\/gadgettravellers.eu\/it\/wp-json\/wp\/v2\/comments?post=5317465"}],"wp:featuredmedia":[{"embeddable":true,"href":"https:\/\/gadgettravellers.eu\/it\/wp-json\/wp\/v2\/media\/5182888"}],"wp:attachment":[{"href":"https:\/\/gadgettravellers.eu\/it\/wp-json\/wp\/v2\/media?parent=5317465"}],"wp:term":[{"taxonomy":"product_brand","embeddable":true,"href":"https:\/\/gadgettravellers.eu\/it\/wp-json\/wp\/v2\/product_brand?post=5317465"},{"taxonomy":"product_cat","embeddable":true,"href":"https:\/\/gadgettravellers.eu\/it\/wp-json\/wp\/v2\/product_cat?post=5317465"},{"taxonomy":"product_tag","embeddable":true,"href":"https:\/\/gadgettravellers.eu\/it\/wp-json\/wp\/v2\/product_tag?post=5317465"}],"curies":[{"name":"wp","href":"https:\/\/api.w.org\/{rel}","templated":true}]}}