{"id":5317472,"date":"2026-01-19T14:52:21","date_gmt":"2026-01-19T12:52:21","guid":{"rendered":"https:\/\/gadgettravellers.eu\/shop\/controller-tubo-fotonico-6m-bianco-xmasfest-113353\/"},"modified":"2026-04-22T22:55:20","modified_gmt":"2026-04-22T20:55:20","slug":"controller-tubo-fotonico-6m-bianco-xmasfest-113353","status":"publish","type":"product","link":"https:\/\/gadgettravellers.eu\/it\/shop\/controller-tubo-fotonico-6m-bianco-xmasfest-113353\/","title":{"rendered":"Controller tubo fotonico 6m Bianco Xmasfest 113353"},"content":{"rendered":"<p>Termos bianco con controller a 8 programmi. Per uso interno ed esterno. Con lucine LED. 220V 6m<\/p>\n<div class='aiseo-faq-section' style='margin-top:30px; border-top:1px solid #eee; padding-top:20px;'>\n<h3>Domande Frequenti<\/h3>\n<details style='margin-bottom:10px; padding:10px; background:#f9f9f9; border-radius:5px;'>\n<summary style='font-weight:bold; cursor:pointer;'>\u00c8 adatto per uso esterno?<\/summary>\n<div style='margin-top:10px; color:#555;'>S\u00ec, \u00e8 adatto per uso interno ed esterno.<\/div>\n<\/details>\n<details style='margin-bottom:10px; padding:10px; background:#f9f9f9; border-radius:5px;'>\n<summary style='font-weight:bold; cursor:pointer;'>Qual \u00e8 la lunghezza del tubo fluorescente?<\/summary>\n<div style='margin-top:10px; color:#555;'>Il tubo solare ha una lunghezza di 6 metri.<\/div>\n<\/details>\n<details style='margin-bottom:10px; padding:10px; background:#f9f9f9; border-radius:5px;'>\n<summary style='font-weight:bold; cursor:pointer;'>Che colore di luce fornisce?<\/summary>\n<div style='margin-top:10px; color:#555;'>Fornisce illuminazione bianca calda.<\/div>\n<\/details>\n<details style='margin-bottom:10px; padding:10px; background:#f9f9f9; border-radius:5px;'>\n<summary style='font-weight:bold; cursor:pointer;'>Quanti programmi ha il controller?<\/summary>\n<div style='margin-top:10px; color:#555;'>Il controller integrato dispone di 8 programmi.<\/div>\n<\/details>\n<details style='margin-bottom:10px; padding:10px; background:#f9f9f9; border-radius:5px;'>\n<summary style='font-weight:bold; cursor:pointer;'>A quale tensione funziona?<\/summary>\n<div style='margin-top:10px; color:#555;'>Funziona a 220V.<\/div>\n<\/details>\n<\/div>\n","protected":false},"excerpt":{"rendered":"<p>Termos bianco con controller a 8 programmi. Per uso interno ed esterno. Con lucine LED. 220V 6m Domande Frequenti \u00c8 adatto per uso esterno? S\u00ec, \u00e8 adatto per uso interno ed esterno. Qual \u00e8 la lunghezza del tubo fluorescente? Il tubo solare ha una lunghezza di 6 metri. Che colore di luce fornisce? Fornisce illuminazione [&hellip;]<\/p>\n","protected":false},"featured_media":5182908,"comment_status":"closed","ping_status":"open","template":"","meta":[],"product_brand":[],"product_cat":[],"product_tag":[15],"class_list":{"0":"post-5317472","1":"product","2":"type-product","3":"status-publish","4":"has-post-thumbnail","6":"product_tag-uncategorized","8":"first","9":"onbackorder","10":"purchasable","11":"product-type-simple"},"jetpack_sharing_enabled":true,"_links":{"self":[{"href":"https:\/\/gadgettravellers.eu\/it\/wp-json\/wp\/v2\/product\/5317472","targetHints":{"allow":["GET"]}}],"collection":[{"href":"https:\/\/gadgettravellers.eu\/it\/wp-json\/wp\/v2\/product"}],"about":[{"href":"https:\/\/gadgettravellers.eu\/it\/wp-json\/wp\/v2\/types\/product"}],"replies":[{"embeddable":true,"href":"https:\/\/gadgettravellers.eu\/it\/wp-json\/wp\/v2\/comments?post=5317472"}],"wp:featuredmedia":[{"embeddable":true,"href":"https:\/\/gadgettravellers.eu\/it\/wp-json\/wp\/v2\/media\/5182908"}],"wp:attachment":[{"href":"https:\/\/gadgettravellers.eu\/it\/wp-json\/wp\/v2\/media?parent=5317472"}],"wp:term":[{"taxonomy":"product_brand","embeddable":true,"href":"https:\/\/gadgettravellers.eu\/it\/wp-json\/wp\/v2\/product_brand?post=5317472"},{"taxonomy":"product_cat","embeddable":true,"href":"https:\/\/gadgettravellers.eu\/it\/wp-json\/wp\/v2\/product_cat?post=5317472"},{"taxonomy":"product_tag","embeddable":true,"href":"https:\/\/gadgettravellers.eu\/it\/wp-json\/wp\/v2\/product_tag?post=5317472"}],"curies":[{"name":"wp","href":"https:\/\/api.w.org\/{rel}","templated":true}]}}