{"id":5317473,"date":"2026-01-19T14:52:21","date_gmt":"2026-01-19T12:52:21","guid":{"rendered":"https:\/\/gadgettravellers.eu\/shop\/portafortuna-chiave-con-perline-30cm-xmasfest-1133401\/"},"modified":"2026-04-22T22:55:21","modified_gmt":"2026-04-22T20:55:21","slug":"portafortuna-chiave-con-perline-30cm-xmasfest-1133401","status":"publish","type":"product","link":"https:\/\/gadgettravellers.eu\/it\/shop\/portafortuna-chiave-con-perline-30cm-xmasfest-1133401\/","title":{"rendered":"Portafortuna Chiave con Perline 30cm Xmasfest 1133401"},"content":{"rendered":"<p>Metallico 30cm<\/p>\n<div class='aiseo-faq-section' style='margin-top:30px; border-top:1px solid #eee; padding-top:20px;'>\n<h3>Domande Frequenti<\/h3>\n<details style='margin-bottom:10px; padding:10px; background:#f9f9f9; border-radius:5px;'>\n<summary style='font-weight:bold; cursor:pointer;'>Di che materiale \u00e8 fatto il portafortuna?<\/summary>\n<div style='margin-top:10px; color:#555;'>Il portafortuna \u00e8 in metallo con perline decorative.<\/div>\n<\/details>\n<details style='margin-bottom:10px; padding:10px; background:#f9f9f9; border-radius:5px;'>\n<summary style='font-weight:bold; cursor:pointer;'>Qual \u00e8 la sua lunghezza?<\/summary>\n<div style='margin-top:10px; color:#555;'>La lunghezza \u00e8 30 cm.<\/div>\n<\/details>\n<details style='margin-bottom:10px; padding:10px; background:#f9f9f9; border-radius:5px;'>\n<summary style='font-weight:bold; cursor:pointer;'>Posso usarlo anche come decorazione per l&#8217;albero di Natale?<\/summary>\n<div style='margin-top:10px; color:#555;'>S\u00ec, \u00e8 adatto per decorare alberi, ma anche per chiavi o borse.<\/div>\n<\/details>\n<details style='margin-bottom:10px; padding:10px; background:#f9f9f9; border-radius:5px;'>\n<summary style='font-weight:bold; cursor:pointer;'>Come si effettua la pulizia e la manutenzione?<\/summary>\n<div style='margin-top:10px; color:#555;'>Si pulisce facilmente con un panno morbido e non richiede manutenzione speciale.<\/div>\n<\/details>\n<\/div>\n","protected":false},"excerpt":{"rendered":"<p>Metallico 30cm Domande Frequenti Di che materiale \u00e8 fatto il portafortuna? Il portafortuna \u00e8 in metallo con perline decorative. Qual \u00e8 la sua lunghezza? La lunghezza \u00e8 30 cm. Posso usarlo anche come decorazione per l&#8217;albero di Natale? S\u00ec, \u00e8 adatto per decorare alberi, ma anche per chiavi o borse. Come si effettua la pulizia [&hellip;]<\/p>\n","protected":false},"featured_media":5182938,"comment_status":"closed","ping_status":"open","template":"","meta":[],"product_brand":[],"product_cat":[],"product_tag":[15],"class_list":{"0":"post-5317473","1":"product","2":"type-product","3":"status-publish","4":"has-post-thumbnail","6":"product_tag-uncategorized","8":"first","9":"onbackorder","10":"purchasable","11":"product-type-simple"},"jetpack_sharing_enabled":true,"_links":{"self":[{"href":"https:\/\/gadgettravellers.eu\/it\/wp-json\/wp\/v2\/product\/5317473","targetHints":{"allow":["GET"]}}],"collection":[{"href":"https:\/\/gadgettravellers.eu\/it\/wp-json\/wp\/v2\/product"}],"about":[{"href":"https:\/\/gadgettravellers.eu\/it\/wp-json\/wp\/v2\/types\/product"}],"replies":[{"embeddable":true,"href":"https:\/\/gadgettravellers.eu\/it\/wp-json\/wp\/v2\/comments?post=5317473"}],"wp:featuredmedia":[{"embeddable":true,"href":"https:\/\/gadgettravellers.eu\/it\/wp-json\/wp\/v2\/media\/5182938"}],"wp:attachment":[{"href":"https:\/\/gadgettravellers.eu\/it\/wp-json\/wp\/v2\/media?parent=5317473"}],"wp:term":[{"taxonomy":"product_brand","embeddable":true,"href":"https:\/\/gadgettravellers.eu\/it\/wp-json\/wp\/v2\/product_brand?post=5317473"},{"taxonomy":"product_cat","embeddable":true,"href":"https:\/\/gadgettravellers.eu\/it\/wp-json\/wp\/v2\/product_cat?post=5317473"},{"taxonomy":"product_tag","embeddable":true,"href":"https:\/\/gadgettravellers.eu\/it\/wp-json\/wp\/v2\/product_tag?post=5317473"}],"curies":[{"name":"wp","href":"https:\/\/api.w.org\/{rel}","templated":true}]}}