{"id":5317474,"date":"2026-01-19T14:52:22","date_gmt":"2026-01-19T12:52:22","guid":{"rendered":"https:\/\/gadgettravellers.eu\/shop\/portafortuna-melograno-con-nappa-30cm-xmasfest-1133402\/"},"modified":"2026-04-22T22:55:21","modified_gmt":"2026-04-22T20:55:21","slug":"portafortuna-melograno-con-nappa-30cm-xmasfest-1133402","status":"publish","type":"product","link":"https:\/\/gadgettravellers.eu\/it\/shop\/portafortuna-melograno-con-nappa-30cm-xmasfest-1133402\/","title":{"rendered":"Portafortuna Melograno con Nappa 30cm Xmasfest 1133402"},"content":{"rendered":"<p>Metallico 30cm<\/p>\n<div class='aiseo-faq-section' style='margin-top:30px; border-top:1px solid #eee; padding-top:20px;'>\n<h3>Domande Frequenti<\/h3>\n<details style='margin-bottom:10px; padding:10px; background:#f9f9f9; border-radius:5px;'>\n<summary style='font-weight:bold; cursor:pointer;'>Di che materiale \u00e8 fatto il portafortuna?<\/summary>\n<div style='margin-top:10px; color:#555;'>Ha un corpo metallico, resistente ma leggero secondo la descrizione.<\/div>\n<\/details>\n<details style='margin-bottom:10px; padding:10px; background:#f9f9f9; border-radius:5px;'>\n<summary style='font-weight:bold; cursor:pointer;'>Qual \u00e8 la dimensione del portafortuna?<\/summary>\n<div style='margin-top:10px; color:#555;'>Il portafortuna ha una lunghezza di 30 cm.<\/div>\n<\/details>\n<details style='margin-bottom:10px; padding:10px; background:#f9f9f9; border-radius:5px;'>\n<summary style='font-weight:bold; cursor:pointer;'>Dove pu\u00f2 essere appeso il portafortuna?<\/summary>\n<div style='margin-top:10px; color:#555;'>Pu\u00f2 essere appeso all&#8217;albero di Natale, alla porta o all&#8217;ingresso.<\/div>\n<\/details>\n<details style='margin-bottom:10px; padding:10px; background:#f9f9f9; border-radius:5px;'>\n<summary style='font-weight:bold; cursor:pointer;'>Cosa simboleggia il melograno?<\/summary>\n<div style='margin-top:10px; color:#555;'>Il melograno simboleggia fertilit\u00e0 e buona fortuna, mentre il nappina aggiunge un tocco tradizionale ed elegante.<\/div>\n<\/details>\n<\/div>\n","protected":false},"excerpt":{"rendered":"<p>Metallico 30cm Domande Frequenti Di che materiale \u00e8 fatto il portafortuna? Ha un corpo metallico, resistente ma leggero secondo la descrizione. Qual \u00e8 la dimensione del portafortuna? Il portafortuna ha una lunghezza di 30 cm. Dove pu\u00f2 essere appeso il portafortuna? Pu\u00f2 essere appeso all&#8217;albero di Natale, alla porta o all&#8217;ingresso. Cosa simboleggia il melograno? [&hellip;]<\/p>\n","protected":false},"featured_media":5182942,"comment_status":"closed","ping_status":"open","template":"","meta":[],"product_brand":[],"product_cat":[],"product_tag":[15],"class_list":{"0":"post-5317474","1":"product","2":"type-product","3":"status-publish","4":"has-post-thumbnail","6":"product_tag-uncategorized","8":"first","9":"onbackorder","10":"purchasable","11":"product-type-simple"},"jetpack_sharing_enabled":true,"_links":{"self":[{"href":"https:\/\/gadgettravellers.eu\/it\/wp-json\/wp\/v2\/product\/5317474","targetHints":{"allow":["GET"]}}],"collection":[{"href":"https:\/\/gadgettravellers.eu\/it\/wp-json\/wp\/v2\/product"}],"about":[{"href":"https:\/\/gadgettravellers.eu\/it\/wp-json\/wp\/v2\/types\/product"}],"replies":[{"embeddable":true,"href":"https:\/\/gadgettravellers.eu\/it\/wp-json\/wp\/v2\/comments?post=5317474"}],"wp:featuredmedia":[{"embeddable":true,"href":"https:\/\/gadgettravellers.eu\/it\/wp-json\/wp\/v2\/media\/5182942"}],"wp:attachment":[{"href":"https:\/\/gadgettravellers.eu\/it\/wp-json\/wp\/v2\/media?parent=5317474"}],"wp:term":[{"taxonomy":"product_brand","embeddable":true,"href":"https:\/\/gadgettravellers.eu\/it\/wp-json\/wp\/v2\/product_brand?post=5317474"},{"taxonomy":"product_cat","embeddable":true,"href":"https:\/\/gadgettravellers.eu\/it\/wp-json\/wp\/v2\/product_cat?post=5317474"},{"taxonomy":"product_tag","embeddable":true,"href":"https:\/\/gadgettravellers.eu\/it\/wp-json\/wp\/v2\/product_tag?post=5317474"}],"curies":[{"name":"wp","href":"https:\/\/api.w.org\/{rel}","templated":true}]}}