{"id":5317475,"date":"2026-01-19T14:52:23","date_gmt":"2026-01-19T12:52:23","guid":{"rendered":"https:\/\/gadgettravellers.eu\/shop\/figura-appesa-xmas-con-corda-23x19cm-xmasfest-1133407\/"},"modified":"2026-04-22T22:55:22","modified_gmt":"2026-04-22T20:55:22","slug":"figura-appesa-xmas-con-corda-23x19cm-xmasfest-1133407","status":"publish","type":"product","link":"https:\/\/gadgettravellers.eu\/it\/shop\/figura-appesa-xmas-con-corda-23x19cm-xmasfest-1133407\/","title":{"rendered":"Figura Appesa Xmas con Corda 23x19cm Xmasfest 1133407"},"content":{"rendered":"<p>23x19cm<\/p>\n<div class='aiseo-faq-section' style='margin-top:30px; border-top:1px solid #eee; padding-top:20px;'>\n<h3>Domande Frequenti<\/h3>\n<details style='margin-bottom:10px; padding:10px; background:#f9f9f9; border-radius:5px;'>\n<summary style='font-weight:bold; cursor:pointer;'>Quali sono le dimensioni della figura?<\/summary>\n<div style='margin-top:10px; color:#555;'>Le dimensioni sono 23x19cm.<\/div>\n<\/details>\n<details style='margin-bottom:10px; padding:10px; background:#f9f9f9; border-radius:5px;'>\n<summary style='font-weight:bold; cursor:pointer;'>Come si posiziona la figura?<\/summary>\n<div style='margin-top:10px; color:#555;'>Dispone di una corda pratica per un facile appendimento senza l&#8217;uso di attrezzi.<\/div>\n<\/details>\n<details style='margin-bottom:10px; padding:10px; background:#f9f9f9; border-radius:5px;'>\n<summary style='font-weight:bold; cursor:pointer;'>In quale ambiente \u00e8 adatta?<\/summary>\n<div style='margin-top:10px; color:#555;'>\u00c8 adatta per ambienti interni.<\/div>\n<\/details>\n<details style='margin-bottom:10px; padding:10px; background:#f9f9f9; border-radius:5px;'>\n<summary style='font-weight:bold; cursor:pointer;'>Dove posso decorarla?<\/summary>\n<div style='margin-top:10px; color:#555;'>Ideale per albero, ghirlande, finestre o porte.<\/div>\n<\/details>\n<details style='margin-bottom:10px; padding:10px; background:#f9f9f9; border-radius:5px;'>\n<summary style='font-weight:bold; cursor:pointer;'>Pu\u00f2 essere regalato?<\/summary>\n<div style='margin-top:10px; color:#555;'>S\u00ec, \u00e8 leggera e adatta come piccolo regalo.<\/div>\n<\/details>\n<\/div>\n","protected":false},"excerpt":{"rendered":"<p>23x19cm Domande Frequenti Quali sono le dimensioni della figura? Le dimensioni sono 23x19cm. Come si posiziona la figura? Dispone di una corda pratica per un facile appendimento senza l&#8217;uso di attrezzi. In quale ambiente \u00e8 adatta? \u00c8 adatta per ambienti interni. Dove posso decorarla? Ideale per albero, ghirlande, finestre o porte. Pu\u00f2 essere regalato? S\u00ec, [&hellip;]<\/p>\n","protected":false},"featured_media":5182960,"comment_status":"closed","ping_status":"open","template":"","meta":[],"product_brand":[],"product_cat":[],"product_tag":[15],"class_list":{"0":"post-5317475","1":"product","2":"type-product","3":"status-publish","4":"has-post-thumbnail","6":"product_tag-uncategorized","8":"first","9":"onbackorder","10":"purchasable","11":"product-type-simple"},"jetpack_sharing_enabled":true,"_links":{"self":[{"href":"https:\/\/gadgettravellers.eu\/it\/wp-json\/wp\/v2\/product\/5317475","targetHints":{"allow":["GET"]}}],"collection":[{"href":"https:\/\/gadgettravellers.eu\/it\/wp-json\/wp\/v2\/product"}],"about":[{"href":"https:\/\/gadgettravellers.eu\/it\/wp-json\/wp\/v2\/types\/product"}],"replies":[{"embeddable":true,"href":"https:\/\/gadgettravellers.eu\/it\/wp-json\/wp\/v2\/comments?post=5317475"}],"wp:featuredmedia":[{"embeddable":true,"href":"https:\/\/gadgettravellers.eu\/it\/wp-json\/wp\/v2\/media\/5182960"}],"wp:attachment":[{"href":"https:\/\/gadgettravellers.eu\/it\/wp-json\/wp\/v2\/media?parent=5317475"}],"wp:term":[{"taxonomy":"product_brand","embeddable":true,"href":"https:\/\/gadgettravellers.eu\/it\/wp-json\/wp\/v2\/product_brand?post=5317475"},{"taxonomy":"product_cat","embeddable":true,"href":"https:\/\/gadgettravellers.eu\/it\/wp-json\/wp\/v2\/product_cat?post=5317475"},{"taxonomy":"product_tag","embeddable":true,"href":"https:\/\/gadgettravellers.eu\/it\/wp-json\/wp\/v2\/product_tag?post=5317475"}],"curies":[{"name":"wp","href":"https:\/\/api.w.org\/{rel}","templated":true}]}}