{"id":5317483,"date":"2026-01-19T14:52:31","date_gmt":"2026-01-19T12:52:31","guid":{"rendered":"https:\/\/gadgettravellers.eu\/shop\/addobbo-pendolo-santo-pupazzo-di-neve-33cm-xmasfest-1133423\/"},"modified":"2026-04-22T22:55:25","modified_gmt":"2026-04-22T20:55:25","slug":"addobbo-pendolo-santo-pupazzo-di-neve-33cm-xmasfest-1133423","status":"publish","type":"product","link":"https:\/\/gadgettravellers.eu\/it\/shop\/addobbo-pendolo-santo-pupazzo-di-neve-33cm-xmasfest-1133423\/","title":{"rendered":"Addobbo Pendolo Santo-Pupazzo di Neve 33cm Xmasfest 1133423"},"content":{"rendered":"<p>Pendente con campanello 33cm<\/p>\n<div class='aiseo-faq-section' style='margin-top:30px; border-top:1px solid #eee; padding-top:20px;'>\n<h3>Domande Frequenti<\/h3>\n<details style='margin-bottom:10px; padding:10px; background:#f9f9f9; border-radius:5px;'>\n<summary style='font-weight:bold; cursor:pointer;'>Qual \u00e8 la dimensione dell&#8217;ornamento?<\/summary>\n<div style='margin-top:10px; color:#555;'>L&#8217;ornamento ha un&#8217;altezza di 33 cm.<\/div>\n<\/details>\n<details style='margin-bottom:10px; padding:10px; background:#f9f9f9; border-radius:5px;'>\n<summary style='font-weight:bold; cursor:pointer;'>Ha una campanella?<\/summary>\n<div style='margin-top:10px; color:#555;'>S\u00ec, dispone di una campanella decorativa.<\/div>\n<\/details>\n<details style='margin-bottom:10px; padding:10px; background:#f9f9f9; border-radius:5px;'>\n<summary style='font-weight:bold; cursor:pointer;'>Dove posso appenderlo?<\/summary>\n<div style='margin-top:10px; color:#555;'>Pu\u00f2 essere appeso all&#8217;albero di Natale, alla ghirlanda o alla porta.<\/div>\n<\/details>\n<details style='margin-bottom:10px; padding:10px; background:#f9f9f9; border-radius:5px;'>\n<summary style='font-weight:bold; cursor:pointer;'>Che stile di arredamento offre?<\/summary>\n<div style='margin-top:10px; color:#555;'>Aggiunge un tocco festivo tradizionale alla decorazione della casa.<\/div>\n<\/details>\n<\/div>\n","protected":false},"excerpt":{"rendered":"<p>Pendente con campanello 33cm Domande Frequenti Qual \u00e8 la dimensione dell&#8217;ornamento? L&#8217;ornamento ha un&#8217;altezza di 33 cm. Ha una campanella? S\u00ec, dispone di una campanella decorativa. Dove posso appenderlo? Pu\u00f2 essere appeso all&#8217;albero di Natale, alla ghirlanda o alla porta. Che stile di arredamento offre? Aggiunge un tocco festivo tradizionale alla decorazione della casa.<\/p>\n","protected":false},"featured_media":5183003,"comment_status":"closed","ping_status":"open","template":"","meta":[],"product_brand":[],"product_cat":[],"product_tag":[15],"class_list":{"0":"post-5317483","1":"product","2":"type-product","3":"status-publish","4":"has-post-thumbnail","6":"product_tag-uncategorized","8":"first","9":"onbackorder","10":"purchasable","11":"product-type-simple"},"jetpack_sharing_enabled":true,"_links":{"self":[{"href":"https:\/\/gadgettravellers.eu\/it\/wp-json\/wp\/v2\/product\/5317483","targetHints":{"allow":["GET"]}}],"collection":[{"href":"https:\/\/gadgettravellers.eu\/it\/wp-json\/wp\/v2\/product"}],"about":[{"href":"https:\/\/gadgettravellers.eu\/it\/wp-json\/wp\/v2\/types\/product"}],"replies":[{"embeddable":true,"href":"https:\/\/gadgettravellers.eu\/it\/wp-json\/wp\/v2\/comments?post=5317483"}],"wp:featuredmedia":[{"embeddable":true,"href":"https:\/\/gadgettravellers.eu\/it\/wp-json\/wp\/v2\/media\/5183003"}],"wp:attachment":[{"href":"https:\/\/gadgettravellers.eu\/it\/wp-json\/wp\/v2\/media?parent=5317483"}],"wp:term":[{"taxonomy":"product_brand","embeddable":true,"href":"https:\/\/gadgettravellers.eu\/it\/wp-json\/wp\/v2\/product_brand?post=5317483"},{"taxonomy":"product_cat","embeddable":true,"href":"https:\/\/gadgettravellers.eu\/it\/wp-json\/wp\/v2\/product_cat?post=5317483"},{"taxonomy":"product_tag","embeddable":true,"href":"https:\/\/gadgettravellers.eu\/it\/wp-json\/wp\/v2\/product_tag?post=5317483"}],"curies":[{"name":"wp","href":"https:\/\/api.w.org\/{rel}","templated":true}]}}