{"id":5317487,"date":"2026-01-19T14:52:34","date_gmt":"2026-01-19T12:52:34","guid":{"rendered":"https:\/\/gadgettravellers.eu\/shop\/albero-di-natale-in-stoffa-con-base-in-legno-23x15cm-xmasfest-1133430\/"},"modified":"2026-04-22T22:55:27","modified_gmt":"2026-04-22T20:55:27","slug":"albero-di-natale-in-stoffa-con-base-in-legno-23x15cm-xmasfest-1133430","status":"publish","type":"product","link":"https:\/\/gadgettravellers.eu\/it\/shop\/albero-di-natale-in-stoffa-con-base-in-legno-23x15cm-xmasfest-1133430\/","title":{"rendered":"Albero di Natale in Stoffa con Base in Legno 23x15cm Xmasfest 1133430"},"content":{"rendered":"<p>Tessuto con base in legno 23x15cm<\/p>\n<div class='aiseo-faq-section' style='margin-top:30px; border-top:1px solid #eee; padding-top:20px;'>\n<h3>Domande Frequenti<\/h3>\n<details style='margin-bottom:10px; padding:10px; background:#f9f9f9; border-radius:5px;'>\n<summary style='font-weight:bold; cursor:pointer;'>Quali sono le dimensioni del prodotto?<\/summary>\n<div style='margin-top:10px; color:#555;'>L&#8217;albero ha dimensioni 23&#215;15 cm.<\/div>\n<\/details>\n<details style='margin-bottom:10px; padding:10px; background:#f9f9f9; border-radius:5px;'>\n<summary style='font-weight:bold; cursor:pointer;'>Di quali materiali \u00e8 fatto?<\/summary>\n<div style='margin-top:10px; color:#555;'>\u00c8 in tessuto con base in legno stabile.<\/div>\n<\/details>\n<details style='margin-bottom:10px; padding:10px; background:#f9f9f9; border-radius:5px;'>\n<summary style='font-weight:bold; cursor:pointer;'>Dove si consiglia di posizionarlo?<\/summary>\n<div style='margin-top:10px; color:#555;'>Ideale per tavolo, scaffali o scrivania in ambienti interni.<\/div>\n<\/details>\n<details style='margin-bottom:10px; padding:10px; background:#f9f9f9; border-radius:5px;'>\n<summary style='font-weight:bold; cursor:pointer;'>\u00c8 facile da trasportare?<\/summary>\n<div style='margin-top:10px; color:#555;'>S\u00ec, \u00e8 leggero e facile da trasportare.<\/div>\n<\/details>\n<\/div>\n","protected":false},"excerpt":{"rendered":"<p>Tessuto con base in legno 23x15cm Domande Frequenti Quali sono le dimensioni del prodotto? L&#8217;albero ha dimensioni 23&#215;15 cm. Di quali materiali \u00e8 fatto? \u00c8 in tessuto con base in legno stabile. Dove si consiglia di posizionarlo? Ideale per tavolo, scaffali o scrivania in ambienti interni. \u00c8 facile da trasportare? S\u00ec, \u00e8 leggero e facile [&hellip;]<\/p>\n","protected":false},"featured_media":5183025,"comment_status":"closed","ping_status":"open","template":"","meta":[],"product_brand":[],"product_cat":[],"product_tag":[15],"class_list":{"0":"post-5317487","1":"product","2":"type-product","3":"status-publish","4":"has-post-thumbnail","6":"product_tag-uncategorized","8":"first","9":"onbackorder","10":"purchasable","11":"product-type-simple"},"jetpack_sharing_enabled":true,"_links":{"self":[{"href":"https:\/\/gadgettravellers.eu\/it\/wp-json\/wp\/v2\/product\/5317487","targetHints":{"allow":["GET"]}}],"collection":[{"href":"https:\/\/gadgettravellers.eu\/it\/wp-json\/wp\/v2\/product"}],"about":[{"href":"https:\/\/gadgettravellers.eu\/it\/wp-json\/wp\/v2\/types\/product"}],"replies":[{"embeddable":true,"href":"https:\/\/gadgettravellers.eu\/it\/wp-json\/wp\/v2\/comments?post=5317487"}],"wp:featuredmedia":[{"embeddable":true,"href":"https:\/\/gadgettravellers.eu\/it\/wp-json\/wp\/v2\/media\/5183025"}],"wp:attachment":[{"href":"https:\/\/gadgettravellers.eu\/it\/wp-json\/wp\/v2\/media?parent=5317487"}],"wp:term":[{"taxonomy":"product_brand","embeddable":true,"href":"https:\/\/gadgettravellers.eu\/it\/wp-json\/wp\/v2\/product_brand?post=5317487"},{"taxonomy":"product_cat","embeddable":true,"href":"https:\/\/gadgettravellers.eu\/it\/wp-json\/wp\/v2\/product_cat?post=5317487"},{"taxonomy":"product_tag","embeddable":true,"href":"https:\/\/gadgettravellers.eu\/it\/wp-json\/wp\/v2\/product_tag?post=5317487"}],"curies":[{"name":"wp","href":"https:\/\/api.w.org\/{rel}","templated":true}]}}