{"id":5317491,"date":"2026-01-19T14:52:37","date_gmt":"2026-01-19T12:52:37","guid":{"rendered":"https:\/\/gadgettravellers.eu\/shop\/borsa-regalo-di-natale-56x40x17cm-xmasfest-113364\/"},"modified":"2026-04-22T22:55:29","modified_gmt":"2026-04-22T20:55:29","slug":"borsa-regalo-di-natale-56x40x17cm-xmasfest-113364","status":"publish","type":"product","link":"https:\/\/gadgettravellers.eu\/it\/shop\/borsa-regalo-di-natale-56x40x17cm-xmasfest-113364\/","title":{"rendered":"Borsa Regalo di Natale 56x40x17cm Xmasfest 113364"},"content":{"rendered":"<p>56x40x17cm<\/p>\n<div class='aiseo-faq-section' style='margin-top:30px; border-top:1px solid #eee; padding-top:20px;'>\n<h3>Domande Frequenti<\/h3>\n<details style='margin-bottom:10px; padding:10px; background:#f9f9f9; border-radius:5px;'>\n<summary style='font-weight:bold; cursor:pointer;'>Quali sono le dimensioni della borsa?<\/summary>\n<div style='margin-top:10px; color:#555;'>Le dimensioni sono 56x40x17 cm.<\/div>\n<\/details>\n<details style='margin-bottom:10px; padding:10px; background:#f9f9f9; border-radius:5px;'>\n<summary style='font-weight:bold; cursor:pointer;'>Per che tipo di regali \u00e8 adatta?<\/summary>\n<div style='margin-top:10px; color:#555;'>Adatta per regali di medie e grandi dimensioni.<\/div>\n<\/details>\n<details style='margin-bottom:10px; padding:10px; background:#f9f9f9; border-radius:5px;'>\n<summary style='font-weight:bold; cursor:pointer;'>Ha maniglie per il trasporto?<\/summary>\n<div style='margin-top:10px; color:#555;'>S\u00ec, dispone di maniglie ergonomiche per un trasporto comodo.<\/div>\n<\/details>\n<details style='margin-bottom:10px; padding:10px; background:#f9f9f9; border-radius:5px;'>\n<summary style='font-weight:bold; cursor:pointer;'>Pu\u00f2 essere utilizzato dai negozi?<\/summary>\n<div style='margin-top:10px; color:#555;'>S\u00ec, \u00e8 ideale per negozi e uso personale.<\/div>\n<\/details>\n<\/div>\n","protected":false},"excerpt":{"rendered":"<p>56x40x17cm Domande Frequenti Quali sono le dimensioni della borsa? Le dimensioni sono 56x40x17 cm. Per che tipo di regali \u00e8 adatta? Adatta per regali di medie e grandi dimensioni. Ha maniglie per il trasporto? S\u00ec, dispone di maniglie ergonomiche per un trasporto comodo. Pu\u00f2 essere utilizzato dai negozi? S\u00ec, \u00e8 ideale per negozi e uso [&hellip;]<\/p>\n","protected":false},"featured_media":5183054,"comment_status":"closed","ping_status":"open","template":"","meta":[],"product_brand":[],"product_cat":[],"product_tag":[15],"class_list":{"0":"post-5317491","1":"product","2":"type-product","3":"status-publish","4":"has-post-thumbnail","6":"product_tag-uncategorized","8":"first","9":"onbackorder","10":"purchasable","11":"product-type-simple"},"jetpack_sharing_enabled":true,"_links":{"self":[{"href":"https:\/\/gadgettravellers.eu\/it\/wp-json\/wp\/v2\/product\/5317491","targetHints":{"allow":["GET"]}}],"collection":[{"href":"https:\/\/gadgettravellers.eu\/it\/wp-json\/wp\/v2\/product"}],"about":[{"href":"https:\/\/gadgettravellers.eu\/it\/wp-json\/wp\/v2\/types\/product"}],"replies":[{"embeddable":true,"href":"https:\/\/gadgettravellers.eu\/it\/wp-json\/wp\/v2\/comments?post=5317491"}],"wp:featuredmedia":[{"embeddable":true,"href":"https:\/\/gadgettravellers.eu\/it\/wp-json\/wp\/v2\/media\/5183054"}],"wp:attachment":[{"href":"https:\/\/gadgettravellers.eu\/it\/wp-json\/wp\/v2\/media?parent=5317491"}],"wp:term":[{"taxonomy":"product_brand","embeddable":true,"href":"https:\/\/gadgettravellers.eu\/it\/wp-json\/wp\/v2\/product_brand?post=5317491"},{"taxonomy":"product_cat","embeddable":true,"href":"https:\/\/gadgettravellers.eu\/it\/wp-json\/wp\/v2\/product_cat?post=5317491"},{"taxonomy":"product_tag","embeddable":true,"href":"https:\/\/gadgettravellers.eu\/it\/wp-json\/wp\/v2\/product_tag?post=5317491"}],"curies":[{"name":"wp","href":"https:\/\/api.w.org\/{rel}","templated":true}]}}