{"id":5317493,"date":"2026-01-19T14:52:38","date_gmt":"2026-01-19T12:52:38","guid":{"rendered":"https:\/\/gadgettravellers.eu\/shop\/presepe-in-legno-con-finestra-e-led-30x20x10cm-xmasfest-1133464\/"},"modified":"2026-04-22T22:55:30","modified_gmt":"2026-04-22T20:55:30","slug":"presepe-in-legno-con-finestra-e-led-30x20x10cm-xmasfest-1133464","status":"publish","type":"product","link":"https:\/\/gadgettravellers.eu\/it\/shop\/presepe-in-legno-con-finestra-e-led-30x20x10cm-xmasfest-1133464\/","title":{"rendered":"Presepe in legno con finestra e led 30x20x10cm Xmasfest 1133464"},"content":{"rendered":"<p>Con 20 LED 30x20x10cm<\/p>\n<div class='aiseo-faq-section' style='margin-top:30px; border-top:1px solid #eee; padding-top:20px;'>\n<h3>Domande Frequenti<\/h3>\n<details style='margin-bottom:10px; padding:10px; background:#f9f9f9; border-radius:5px;'>\n<summary style='font-weight:bold; cursor:pointer;'>Quali sono le dimensioni della mangiatoia?<\/summary>\n<div style='margin-top:10px; color:#555;'>Le dimensioni sono 30x20x10cm.<\/div>\n<\/details>\n<details style='margin-bottom:10px; padding:10px; background:#f9f9f9; border-radius:5px;'>\n<summary style='font-weight:bold; cursor:pointer;'>Quanti LED ha la mangiatoia?<\/summary>\n<div style='margin-top:10px; color:#555;'>Dispone di 20 LED che offrono un&#8217;illuminazione calda.<\/div>\n<\/details>\n<details style='margin-bottom:10px; padding:10px; background:#f9f9f9; border-radius:5px;'>\n<summary style='font-weight:bold; cursor:pointer;'>Di che materiale \u00e8 fatta?<\/summary>\n<div style='margin-top:10px; color:#555;'>\u00c8 una mangiatoia di legno.<\/div>\n<\/details>\n<details style='margin-bottom:10px; padding:10px; background:#f9f9f9; border-radius:5px;'>\n<summary style='font-weight:bold; cursor:pointer;'>Dove \u00e8 indicato il suo uso?<\/summary>\n<div style='margin-top:10px; color:#555;'>\u00c8 ideale per la decorazione festiva di tavoli e scaffali.<\/div>\n<\/details>\n<details style='margin-bottom:10px; padding:10px; background:#f9f9f9; border-radius:5px;'>\n<summary style='font-weight:bold; cursor:pointer;'>\u00c8 difficile l&#8217;installazione?<\/summary>\n<div style='margin-top:10px; color:#555;'>L&#8217;installazione \u00e8 facile, come indicato nella descrizione.<\/div>\n<\/details>\n<\/div>\n","protected":false},"excerpt":{"rendered":"<p>Con 20 LED 30x20x10cm Domande Frequenti Quali sono le dimensioni della mangiatoia? Le dimensioni sono 30x20x10cm. Quanti LED ha la mangiatoia? Dispone di 20 LED che offrono un&#8217;illuminazione calda. Di che materiale \u00e8 fatta? \u00c8 una mangiatoia di legno. Dove \u00e8 indicato il suo uso? \u00c8 ideale per la decorazione festiva di tavoli e scaffali. [&hellip;]<\/p>\n","protected":false},"featured_media":5183061,"comment_status":"closed","ping_status":"open","template":"","meta":[],"product_brand":[],"product_cat":[],"product_tag":[15],"class_list":{"0":"post-5317493","1":"product","2":"type-product","3":"status-publish","4":"has-post-thumbnail","6":"product_tag-uncategorized","8":"first","9":"onbackorder","10":"purchasable","11":"product-type-simple"},"jetpack_sharing_enabled":true,"_links":{"self":[{"href":"https:\/\/gadgettravellers.eu\/it\/wp-json\/wp\/v2\/product\/5317493","targetHints":{"allow":["GET"]}}],"collection":[{"href":"https:\/\/gadgettravellers.eu\/it\/wp-json\/wp\/v2\/product"}],"about":[{"href":"https:\/\/gadgettravellers.eu\/it\/wp-json\/wp\/v2\/types\/product"}],"replies":[{"embeddable":true,"href":"https:\/\/gadgettravellers.eu\/it\/wp-json\/wp\/v2\/comments?post=5317493"}],"wp:featuredmedia":[{"embeddable":true,"href":"https:\/\/gadgettravellers.eu\/it\/wp-json\/wp\/v2\/media\/5183061"}],"wp:attachment":[{"href":"https:\/\/gadgettravellers.eu\/it\/wp-json\/wp\/v2\/media?parent=5317493"}],"wp:term":[{"taxonomy":"product_brand","embeddable":true,"href":"https:\/\/gadgettravellers.eu\/it\/wp-json\/wp\/v2\/product_brand?post=5317493"},{"taxonomy":"product_cat","embeddable":true,"href":"https:\/\/gadgettravellers.eu\/it\/wp-json\/wp\/v2\/product_cat?post=5317493"},{"taxonomy":"product_tag","embeddable":true,"href":"https:\/\/gadgettravellers.eu\/it\/wp-json\/wp\/v2\/product_tag?post=5317493"}],"curies":[{"name":"wp","href":"https:\/\/api.w.org\/{rel}","templated":true}]}}