{"id":5317494,"date":"2026-01-19T14:52:39","date_gmt":"2026-01-19T12:52:39","guid":{"rendered":"https:\/\/gadgettravellers.eu\/shop\/presepe-in-legno-con-led-30x20x10cm-xmasfest-1133465\/"},"modified":"2026-04-22T22:55:30","modified_gmt":"2026-04-22T20:55:30","slug":"presepe-in-legno-con-led-30x20x10cm-xmasfest-1133465","status":"publish","type":"product","link":"https:\/\/gadgettravellers.eu\/it\/shop\/presepe-in-legno-con-led-30x20x10cm-xmasfest-1133465\/","title":{"rendered":"Presepe in legno con led 30x20x10cm Xmasfest 1133465"},"content":{"rendered":"<p>Con 20 LED 30x20x10cm<\/p>\n<div class='aiseo-faq-section' style='margin-top:30px; border-top:1px solid #eee; padding-top:20px;'>\n<h3>Domande Frequenti<\/h3>\n<details style='margin-bottom:10px; padding:10px; background:#f9f9f9; border-radius:5px;'>\n<summary style='font-weight:bold; cursor:pointer;'>Quali sono le dimensioni della mangiatoia?<\/summary>\n<div style='margin-top:10px; color:#555;'>30 x 20 x 10 cm.<\/div>\n<\/details>\n<details style='margin-bottom:10px; padding:10px; background:#f9f9f9; border-radius:5px;'>\n<summary style='font-weight:bold; cursor:pointer;'>Quanti LED include?<\/summary>\n<div style='margin-top:10px; color:#555;'>Include 20 LED.<\/div>\n<\/details>\n<details style='margin-bottom:10px; padding:10px; background:#f9f9f9; border-radius:5px;'>\n<summary style='font-weight:bold; cursor:pointer;'>Di che materiale \u00e8 fatta?<\/summary>\n<div style='margin-top:10px; color:#555;'>\u00c8 di legno, come indicato nel nome del prodotto.<\/div>\n<\/details>\n<details style='margin-bottom:10px; padding:10px; background:#f9f9f9; border-radius:5px;'>\n<summary style='font-weight:bold; cursor:pointer;'>\u00c8 facile da installare?<\/summary>\n<div style='margin-top:10px; color:#555;'>S\u00ec \u2014 si installa facilmente, come descritto.<\/div>\n<\/details>\n<\/div>\n","protected":false},"excerpt":{"rendered":"<p>Con 20 LED 30x20x10cm Domande Frequenti Quali sono le dimensioni della mangiatoia? 30 x 20 x 10 cm. Quanti LED include? Include 20 LED. Di che materiale \u00e8 fatta? \u00c8 di legno, come indicato nel nome del prodotto. \u00c8 facile da installare? S\u00ec \u2014 si installa facilmente, come descritto.<\/p>\n","protected":false},"featured_media":5183065,"comment_status":"closed","ping_status":"open","template":"","meta":[],"product_brand":[],"product_cat":[],"product_tag":[15],"class_list":{"0":"post-5317494","1":"product","2":"type-product","3":"status-publish","4":"has-post-thumbnail","6":"product_tag-uncategorized","8":"first","9":"onbackorder","10":"purchasable","11":"product-type-simple"},"jetpack_sharing_enabled":true,"_links":{"self":[{"href":"https:\/\/gadgettravellers.eu\/it\/wp-json\/wp\/v2\/product\/5317494","targetHints":{"allow":["GET"]}}],"collection":[{"href":"https:\/\/gadgettravellers.eu\/it\/wp-json\/wp\/v2\/product"}],"about":[{"href":"https:\/\/gadgettravellers.eu\/it\/wp-json\/wp\/v2\/types\/product"}],"replies":[{"embeddable":true,"href":"https:\/\/gadgettravellers.eu\/it\/wp-json\/wp\/v2\/comments?post=5317494"}],"wp:featuredmedia":[{"embeddable":true,"href":"https:\/\/gadgettravellers.eu\/it\/wp-json\/wp\/v2\/media\/5183065"}],"wp:attachment":[{"href":"https:\/\/gadgettravellers.eu\/it\/wp-json\/wp\/v2\/media?parent=5317494"}],"wp:term":[{"taxonomy":"product_brand","embeddable":true,"href":"https:\/\/gadgettravellers.eu\/it\/wp-json\/wp\/v2\/product_brand?post=5317494"},{"taxonomy":"product_cat","embeddable":true,"href":"https:\/\/gadgettravellers.eu\/it\/wp-json\/wp\/v2\/product_cat?post=5317494"},{"taxonomy":"product_tag","embeddable":true,"href":"https:\/\/gadgettravellers.eu\/it\/wp-json\/wp\/v2\/product_tag?post=5317494"}],"curies":[{"name":"wp","href":"https:\/\/api.w.org\/{rel}","templated":true}]}}