{"id":5317497,"date":"2026-01-19T14:52:42","date_gmt":"2026-01-19T12:52:42","guid":{"rendered":"https:\/\/gadgettravellers.eu\/shop\/cappello-babbo-natale-peloso-38x28cm-xmasfest-1133449\/"},"modified":"2026-04-22T22:55:31","modified_gmt":"2026-04-22T20:55:31","slug":"cappello-babbo-natale-peloso-38x28cm-xmasfest-1133449","status":"publish","type":"product","link":"https:\/\/gadgettravellers.eu\/it\/shop\/cappello-babbo-natale-peloso-38x28cm-xmasfest-1133449\/","title":{"rendered":"Cappello Babbo Natale Peloso 38x28cm Xmasfest 1133449"},"content":{"rendered":"<p>Vellutata 38x28cm<\/p>\n<div class='aiseo-faq-section' style='margin-top:30px; border-top:1px solid #eee; padding-top:20px;'>\n<h3>Domande Frequenti<\/h3>\n<details style='margin-bottom:10px; padding:10px; background:#f9f9f9; border-radius:5px;'>\n<summary style='font-weight:bold; cursor:pointer;'>Di che materiale \u00e8 il berretto?<\/summary>\n<div style='margin-top:10px; color:#555;'>Il berretto \u00e8 di velluto con fodera in pelliccia.<\/div>\n<\/details>\n<details style='margin-bottom:10px; padding:10px; background:#f9f9f9; border-radius:5px;'>\n<summary style='font-weight:bold; cursor:pointer;'>Quali sono le sue dimensioni?<\/summary>\n<div style='margin-top:10px; color:#555;'>Le dimensioni sono 38x28cm.<\/div>\n<\/details>\n<details style='margin-bottom:10px; padding:10px; background:#f9f9f9; border-radius:5px;'>\n<summary style='font-weight:bold; cursor:pointer;'>Pu\u00f2 essere usato per decorazioni natalizie?<\/summary>\n<div style='margin-top:10px; color:#555;'>S\u00ec, \u00e8 ideale per look natalizi e decorazioni festive.<\/div>\n<\/details>\n<details style='margin-bottom:10px; padding:10px; background:#f9f9f9; border-radius:5px;'>\n<summary style='font-weight:bold; cursor:pointer;'>\u00c8 adatto come regalo?<\/summary>\n<div style='margin-top:10px; color:#555;'>S\u00ec, \u00e8 suggerito come idea regalo.<\/div>\n<\/details>\n<\/div>\n","protected":false},"excerpt":{"rendered":"<p>Vellutata 38x28cm Domande Frequenti Di che materiale \u00e8 il berretto? Il berretto \u00e8 di velluto con fodera in pelliccia. Quali sono le sue dimensioni? Le dimensioni sono 38x28cm. Pu\u00f2 essere usato per decorazioni natalizie? S\u00ec, \u00e8 ideale per look natalizi e decorazioni festive. \u00c8 adatto come regalo? S\u00ec, \u00e8 suggerito come idea regalo.<\/p>\n","protected":false},"featured_media":5183036,"comment_status":"closed","ping_status":"open","template":"","meta":[],"product_brand":[],"product_cat":[],"product_tag":[15],"class_list":{"0":"post-5317497","1":"product","2":"type-product","3":"status-publish","4":"has-post-thumbnail","6":"product_tag-uncategorized","8":"first","9":"onbackorder","10":"purchasable","11":"product-type-simple"},"jetpack_sharing_enabled":true,"_links":{"self":[{"href":"https:\/\/gadgettravellers.eu\/it\/wp-json\/wp\/v2\/product\/5317497","targetHints":{"allow":["GET"]}}],"collection":[{"href":"https:\/\/gadgettravellers.eu\/it\/wp-json\/wp\/v2\/product"}],"about":[{"href":"https:\/\/gadgettravellers.eu\/it\/wp-json\/wp\/v2\/types\/product"}],"replies":[{"embeddable":true,"href":"https:\/\/gadgettravellers.eu\/it\/wp-json\/wp\/v2\/comments?post=5317497"}],"wp:featuredmedia":[{"embeddable":true,"href":"https:\/\/gadgettravellers.eu\/it\/wp-json\/wp\/v2\/media\/5183036"}],"wp:attachment":[{"href":"https:\/\/gadgettravellers.eu\/it\/wp-json\/wp\/v2\/media?parent=5317497"}],"wp:term":[{"taxonomy":"product_brand","embeddable":true,"href":"https:\/\/gadgettravellers.eu\/it\/wp-json\/wp\/v2\/product_brand?post=5317497"},{"taxonomy":"product_cat","embeddable":true,"href":"https:\/\/gadgettravellers.eu\/it\/wp-json\/wp\/v2\/product_cat?post=5317497"},{"taxonomy":"product_tag","embeddable":true,"href":"https:\/\/gadgettravellers.eu\/it\/wp-json\/wp\/v2\/product_tag?post=5317497"}],"curies":[{"name":"wp","href":"https:\/\/api.w.org\/{rel}","templated":true}]}}