{"id":5317499,"date":"2026-01-19T14:52:44","date_gmt":"2026-01-19T12:52:44","guid":{"rendered":"https:\/\/gadgettravellers.eu\/shop\/ghirlanda-di-natale-con-vischio-frutti-e-pigne-130cm-xmasfest-1133470\/"},"modified":"2026-04-22T22:55:32","modified_gmt":"2026-04-22T20:55:32","slug":"ghirlanda-di-natale-con-vischio-frutti-e-pigne-130cm-xmasfest-1133470","status":"publish","type":"product","link":"https:\/\/gadgettravellers.eu\/it\/shop\/ghirlanda-di-natale-con-vischio-frutti-e-pigne-130cm-xmasfest-1133470\/","title":{"rendered":"Ghirlanda di Natale con vischio, frutti e pigne 130cm Xmasfest 1133470"},"content":{"rendered":"<p>Ghirlanda 130cm<\/p>\n<div class='aiseo-faq-section' style='margin-top:30px; border-top:1px solid #eee; padding-top:20px;'>\n<h3>Domande Frequenti<\/h3>\n<details style='margin-bottom:10px; padding:10px; background:#f9f9f9; border-radius:5px;'>\n<summary style='font-weight:bold; cursor:pointer;'>Qual \u00e8 la lunghezza della ghirlanda?<\/summary>\n<div style='margin-top:10px; color:#555;'>La ghirlanda ha una lunghezza di 130 cm.<\/div>\n<\/details>\n<details style='margin-bottom:10px; padding:10px; background:#f9f9f9; border-radius:5px;'>\n<summary style='font-weight:bold; cursor:pointer;'>\u00c8 adatta per uso esterno?<\/summary>\n<div style='margin-top:10px; color:#555;'>\u00c8 adatta solo per uso interno.<\/div>\n<\/details>\n<details style='margin-bottom:10px; padding:10px; background:#f9f9f9; border-radius:5px;'>\n<summary style='font-weight:bold; cursor:pointer;'>Ha bisogno di manutenzione?<\/summary>\n<div style='margin-top:10px; color:#555;'>Offre un aspetto naturale senza necessit\u00e0 di manutenzione.<\/div>\n<\/details>\n<details style='margin-bottom:10px; padding:10px; background:#f9f9f9; border-radius:5px;'>\n<summary style='font-weight:bold; cursor:pointer;'>Dove posso posizionarla?<\/summary>\n<div style='margin-top:10px; color:#555;'>Si posiziona facilmente su ringhiere, caminetti, porte, tavoli o scaffali e si abbina con luci LED.<\/div>\n<\/details>\n<\/div>\n","protected":false},"excerpt":{"rendered":"<p>Ghirlanda 130cm Domande Frequenti Qual \u00e8 la lunghezza della ghirlanda? La ghirlanda ha una lunghezza di 130 cm. \u00c8 adatta per uso esterno? \u00c8 adatta solo per uso interno. Ha bisogno di manutenzione? Offre un aspetto naturale senza necessit\u00e0 di manutenzione. Dove posso posizionarla? Si posiziona facilmente su ringhiere, caminetti, porte, tavoli o scaffali e [&hellip;]<\/p>\n","protected":false},"featured_media":5183081,"comment_status":"closed","ping_status":"open","template":"","meta":[],"product_brand":[],"product_cat":[],"product_tag":[15],"class_list":{"0":"post-5317499","1":"product","2":"type-product","3":"status-publish","4":"has-post-thumbnail","6":"product_tag-uncategorized","8":"first","9":"onbackorder","10":"purchasable","11":"product-type-simple"},"jetpack_sharing_enabled":true,"_links":{"self":[{"href":"https:\/\/gadgettravellers.eu\/it\/wp-json\/wp\/v2\/product\/5317499","targetHints":{"allow":["GET"]}}],"collection":[{"href":"https:\/\/gadgettravellers.eu\/it\/wp-json\/wp\/v2\/product"}],"about":[{"href":"https:\/\/gadgettravellers.eu\/it\/wp-json\/wp\/v2\/types\/product"}],"replies":[{"embeddable":true,"href":"https:\/\/gadgettravellers.eu\/it\/wp-json\/wp\/v2\/comments?post=5317499"}],"wp:featuredmedia":[{"embeddable":true,"href":"https:\/\/gadgettravellers.eu\/it\/wp-json\/wp\/v2\/media\/5183081"}],"wp:attachment":[{"href":"https:\/\/gadgettravellers.eu\/it\/wp-json\/wp\/v2\/media?parent=5317499"}],"wp:term":[{"taxonomy":"product_brand","embeddable":true,"href":"https:\/\/gadgettravellers.eu\/it\/wp-json\/wp\/v2\/product_brand?post=5317499"},{"taxonomy":"product_cat","embeddable":true,"href":"https:\/\/gadgettravellers.eu\/it\/wp-json\/wp\/v2\/product_cat?post=5317499"},{"taxonomy":"product_tag","embeddable":true,"href":"https:\/\/gadgettravellers.eu\/it\/wp-json\/wp\/v2\/product_tag?post=5317499"}],"curies":[{"name":"wp","href":"https:\/\/api.w.org\/{rel}","templated":true}]}}