{"id":5317503,"date":"2026-01-19T14:52:47","date_gmt":"2026-01-19T12:52:47","guid":{"rendered":"https:\/\/gadgettravellers.eu\/shop\/schiaccianoci-gigante-con-vestiti-bianchi-55cm-xmasfest-1133474\/"},"modified":"2026-04-22T22:55:34","modified_gmt":"2026-04-22T20:55:34","slug":"schiaccianoci-gigante-con-vestiti-bianchi-55cm-xmasfest-1133474","status":"publish","type":"product","link":"https:\/\/gadgettravellers.eu\/it\/shop\/schiaccianoci-gigante-con-vestiti-bianchi-55cm-xmasfest-1133474\/","title":{"rendered":"Schiaccianoci Gigante con Vestiti Bianchi 55cm Xmasfest 1133474"},"content":{"rendered":"<p>Plastica 55cm<\/p>\n<div class='aiseo-faq-section' style='margin-top:30px; border-top:1px solid #eee; padding-top:20px;'>\n<h3>Domande Frequenti<\/h3>\n<details style='margin-bottom:10px; padding:10px; background:#f9f9f9; border-radius:5px;'>\n<summary style='font-weight:bold; cursor:pointer;'>Di che materiale \u00e8 fatto il rompinoce?<\/summary>\n<div style='margin-top:10px; color:#555;'>\u00c8 realizzato in plastica resistente.<\/div>\n<\/details>\n<details style='margin-bottom:10px; padding:10px; background:#f9f9f9; border-radius:5px;'>\n<summary style='font-weight:bold; cursor:pointer;'>Qual \u00e8 l&#8217;altezza del prodotto?<\/summary>\n<div style='margin-top:10px; color:#555;'>Il prodotto ha un&#8217;altezza di 55 cm.<\/div>\n<\/details>\n<details style='margin-bottom:10px; padding:10px; background:#f9f9f9; border-radius:5px;'>\n<summary style='font-weight:bold; cursor:pointer;'>Dove \u00e8 destinato a essere posizionato?<\/summary>\n<div style='margin-top:10px; color:#555;'>\u00c8 ideale per interni, ingressi di negozi e vetrine e non per esposizione prolungata all&#8217;esterno.<\/div>\n<\/details>\n<details style='margin-bottom:10px; padding:10px; background:#f9f9f9; border-radius:5px;'>\n<summary style='font-weight:bold; cursor:pointer;'>Ha bisogno di manutenzione?<\/summary>\n<div style='margin-top:10px; color:#555;'>Richiede una manutenzione minima ed \u00e8 progettato per resistere all&#8217;uso quotidiano.<\/div>\n<\/details>\n<\/div>\n","protected":false},"excerpt":{"rendered":"<p>Plastica 55cm Domande Frequenti Di che materiale \u00e8 fatto il rompinoce? \u00c8 realizzato in plastica resistente. Qual \u00e8 l&#8217;altezza del prodotto? Il prodotto ha un&#8217;altezza di 55 cm. Dove \u00e8 destinato a essere posizionato? \u00c8 ideale per interni, ingressi di negozi e vetrine e non per esposizione prolungata all&#8217;esterno. Ha bisogno di manutenzione? Richiede una [&hellip;]<\/p>\n","protected":false},"featured_media":5183100,"comment_status":"closed","ping_status":"open","template":"","meta":[],"product_brand":[],"product_cat":[],"product_tag":[15],"class_list":{"0":"post-5317503","1":"product","2":"type-product","3":"status-publish","4":"has-post-thumbnail","6":"product_tag-uncategorized","8":"first","9":"onbackorder","10":"purchasable","11":"product-type-simple"},"jetpack_sharing_enabled":true,"_links":{"self":[{"href":"https:\/\/gadgettravellers.eu\/it\/wp-json\/wp\/v2\/product\/5317503","targetHints":{"allow":["GET"]}}],"collection":[{"href":"https:\/\/gadgettravellers.eu\/it\/wp-json\/wp\/v2\/product"}],"about":[{"href":"https:\/\/gadgettravellers.eu\/it\/wp-json\/wp\/v2\/types\/product"}],"replies":[{"embeddable":true,"href":"https:\/\/gadgettravellers.eu\/it\/wp-json\/wp\/v2\/comments?post=5317503"}],"wp:featuredmedia":[{"embeddable":true,"href":"https:\/\/gadgettravellers.eu\/it\/wp-json\/wp\/v2\/media\/5183100"}],"wp:attachment":[{"href":"https:\/\/gadgettravellers.eu\/it\/wp-json\/wp\/v2\/media?parent=5317503"}],"wp:term":[{"taxonomy":"product_brand","embeddable":true,"href":"https:\/\/gadgettravellers.eu\/it\/wp-json\/wp\/v2\/product_brand?post=5317503"},{"taxonomy":"product_cat","embeddable":true,"href":"https:\/\/gadgettravellers.eu\/it\/wp-json\/wp\/v2\/product_cat?post=5317503"},{"taxonomy":"product_tag","embeddable":true,"href":"https:\/\/gadgettravellers.eu\/it\/wp-json\/wp\/v2\/product_tag?post=5317503"}],"curies":[{"name":"wp","href":"https:\/\/api.w.org\/{rel}","templated":true}]}}