{"id":5317505,"date":"2026-01-19T14:52:49","date_gmt":"2026-01-19T12:52:49","guid":{"rendered":"https:\/\/gadgettravellers.eu\/shop\/schiaccianoci-gigante-con-vestiti-rosa-55cm-xmasfest-1133475\/"},"modified":"2026-04-22T22:55:35","modified_gmt":"2026-04-22T20:55:35","slug":"schiaccianoci-gigante-con-vestiti-rosa-55cm-xmasfest-1133475","status":"publish","type":"product","link":"https:\/\/gadgettravellers.eu\/it\/shop\/schiaccianoci-gigante-con-vestiti-rosa-55cm-xmasfest-1133475\/","title":{"rendered":"Schiaccianoci Gigante con Vestiti Rosa 55cm Xmasfest 1133475"},"content":{"rendered":"<p>Plastica 55cm<\/p>\n<div class='aiseo-faq-section' style='margin-top:30px; border-top:1px solid #eee; padding-top:20px;'>\n<h3>Domande Frequenti<\/h3>\n<details style='margin-bottom:10px; padding:10px; background:#f9f9f9; border-radius:5px;'>\n<summary style='font-weight:bold; cursor:pointer;'>Di che materiale \u00e8 fatto il rompinoce?<\/summary>\n<div style='margin-top:10px; color:#555;'>\u00c8 realizzato in plastica resistente.<\/div>\n<\/details>\n<details style='margin-bottom:10px; padding:10px; background:#f9f9f9; border-radius:5px;'>\n<summary style='font-weight:bold; cursor:pointer;'>Qual \u00e8 l&#8217;altezza del prodotto?<\/summary>\n<div style='margin-top:10px; color:#555;'>L&#8217;altezza \u00e8 55cm.<\/div>\n<\/details>\n<details style='margin-bottom:10px; padding:10px; background:#f9f9f9; border-radius:5px;'>\n<summary style='font-weight:bold; cursor:pointer;'>\u00c8 facile da trasportare?<\/summary>\n<div style='margin-top:10px; color:#555;'>S\u00ec, \u00e8 leggero e facile da trasportare.<\/div>\n<\/details>\n<details style='margin-bottom:10px; padding:10px; background:#f9f9f9; border-radius:5px;'>\n<summary style='font-weight:bold; cursor:pointer;'>Per quali usi \u00e8 consigliato?<\/summary>\n<div style='margin-top:10px; color:#555;'>Ideale per decorazioni natalizie, vetrine, spazi per eventi, feste a tema e regali originali.<\/div>\n<\/details>\n<details style='margin-bottom:10px; padding:10px; background:#f9f9f9; border-radius:5px;'>\n<summary style='font-weight:bold; cursor:pointer;'>\u00c8 necessaria una pulizia speciale per la conservazione?<\/summary>\n<div style='margin-top:10px; color:#555;'>No, \u00e8 facile da pulire e da conservare.<\/div>\n<\/details>\n<\/div>\n","protected":false},"excerpt":{"rendered":"<p>Plastica 55cm Domande Frequenti Di che materiale \u00e8 fatto il rompinoce? \u00c8 realizzato in plastica resistente. Qual \u00e8 l&#8217;altezza del prodotto? L&#8217;altezza \u00e8 55cm. \u00c8 facile da trasportare? S\u00ec, \u00e8 leggero e facile da trasportare. Per quali usi \u00e8 consigliato? Ideale per decorazioni natalizie, vetrine, spazi per eventi, feste a tema e regali originali. \u00c8 [&hellip;]<\/p>\n","protected":false},"featured_media":5183104,"comment_status":"closed","ping_status":"open","template":"","meta":[],"product_brand":[],"product_cat":[],"product_tag":[15],"class_list":{"0":"post-5317505","1":"product","2":"type-product","3":"status-publish","4":"has-post-thumbnail","6":"product_tag-uncategorized","8":"first","9":"onbackorder","10":"purchasable","11":"product-type-simple"},"jetpack_sharing_enabled":true,"_links":{"self":[{"href":"https:\/\/gadgettravellers.eu\/it\/wp-json\/wp\/v2\/product\/5317505","targetHints":{"allow":["GET"]}}],"collection":[{"href":"https:\/\/gadgettravellers.eu\/it\/wp-json\/wp\/v2\/product"}],"about":[{"href":"https:\/\/gadgettravellers.eu\/it\/wp-json\/wp\/v2\/types\/product"}],"replies":[{"embeddable":true,"href":"https:\/\/gadgettravellers.eu\/it\/wp-json\/wp\/v2\/comments?post=5317505"}],"wp:featuredmedia":[{"embeddable":true,"href":"https:\/\/gadgettravellers.eu\/it\/wp-json\/wp\/v2\/media\/5183104"}],"wp:attachment":[{"href":"https:\/\/gadgettravellers.eu\/it\/wp-json\/wp\/v2\/media?parent=5317505"}],"wp:term":[{"taxonomy":"product_brand","embeddable":true,"href":"https:\/\/gadgettravellers.eu\/it\/wp-json\/wp\/v2\/product_brand?post=5317505"},{"taxonomy":"product_cat","embeddable":true,"href":"https:\/\/gadgettravellers.eu\/it\/wp-json\/wp\/v2\/product_cat?post=5317505"},{"taxonomy":"product_tag","embeddable":true,"href":"https:\/\/gadgettravellers.eu\/it\/wp-json\/wp\/v2\/product_tag?post=5317505"}],"curies":[{"name":"wp","href":"https:\/\/api.w.org\/{rel}","templated":true}]}}